{"id":59062,"date":"2026-04-01T14:29:34","date_gmt":"2026-04-01T13:29:34","guid":{"rendered":"https:\/\/bigbuy.tupique.com\/produto\/glass-ceramic-hob-balay-3eb767lq-60-cm-60-cm\/"},"modified":"2026-04-14T23:38:14","modified_gmt":"2026-04-14T22:38:14","slug":"glass-ceramic-hob-balay-3eb767lq-60-cm-60-cm","status":"publish","type":"product","link":"https:\/\/bigbuy.tupique.com\/pt\/produto\/glass-ceramic-hob-balay-3eb767lq-60-cm-60-cm\/","title":{"rendered":"Plaques Vitro-C\u00e9ramiques Balay 3EB767LQ 60 cm 60 cm"},"content":{"rendered":"<p>Si vous pensez r\u00e9nover votre cuisine, achetez <b>Plaques Vitro-C\u00e9ramiques Balay 3EB767LQ 60 cm 60 cm<\/b> et d\u00b4autres <b>produits Balay<\/b> !<\/p>\n<ul>\n<li>Type:\n<ul>\n<li>Int\u00e9grable<\/li>\n<li>Plaques Vitro-C\u00e9ramiques<\/li>\n<li>Int\u00e9gr\u00e9<\/li>\n<\/ul>\n<\/li>\n<li>Zones de cuisson: 3<\/li>\n<li>puissance:\n<ul>\n<li>5750 W<\/li>\n<li>1200 W<\/li>\n<\/ul>\n<\/li>\n<li>Bloc d\u2019Alimentation:\n<ul>\n<li>r\u00e9seau \u00e9lectrique<\/li>\n<li>C\u00e2ble \u00e9lectrique<\/li>\n<\/ul>\n<\/li>\n<li>Contr\u00f4le: Tactile<\/li>\n<li>Minuterie: Oui<\/li>\n<li>Fr\u00e9quence: 50\/60 Hz<\/li>\n<li>Dimensions approx.: 59,2 x 52,2 x 3,9 cm<\/li>\n<li>Mat\u00e9riel: Vitroc\u00e9ramique<\/li>\n<li>Caract\u00e9ristiques:\n<ul>\n<li>17 niveaux<\/li>\n<li>Verrouillage pour enfants<\/li>\n<li>\u00c9cran integr\u00e9<\/li>\n<li>Commande tactile<\/li>\n<li>Interrupteur marche\/arr\u00eat<\/li>\n<li>Verrou de s\u00e9curit\u00e9<\/li>\n<\/ul>\n<\/li>\n<li>Produit \u00e0 brancher: Oui<\/li>\n<li>Longueur du c\u00e2ble: 1 m<\/li>\n<li>Couleur: Noir<\/li>\n<li>Type de prise: Prise EU<\/li>\n<li>Largeur: 60 cm<\/li>\n<li>Hauteur: 39 mm<\/li>\n<li>Niveaux de puissance: 17<\/li>\n<li>Pays \/ r\u00e9gion de fabrication: Espagne<\/li>\n<li>Fonctions: Minuterie<\/li>\n<li>Fr\u00e9quence d&#8217;entr\u00e9e AC: 50-60 Hz<\/li>\n<li>Inclut: Ecran<\/li>\n<li>Type de commande:\n<ul>\n<li>Tactile<\/li>\n<li>T\u00e9l\u00e9commande<\/li>\n<\/ul>\n<\/li>\n<li>Design: Sans cadre<\/li>\n<\/ul>","protected":false},"excerpt":{"rendered":"<p>Si vous pensez r\u00e9nover votre cuisine, achetez Plaques Vitro-C\u00e9ramiques Balay 3EB767LQ 60 cm 60 cm et d\u00b4autres produits Balay ! Type: Int\u00e9grable Plaques Vitro-C\u00e9ramiques Int\u00e9gr\u00e9 Zones de cuisson: 3 puissance: 5750 W 1200 W Bloc d\u2019Alimentation: r\u00e9seau \u00e9lectrique C\u00e2ble \u00e9lectrique Contr\u00f4le: Tactile Minuterie: Oui Fr\u00e9quence: 50\/60 Hz Dimensions approx.: 59,2 x 52,2 x 3,9 cm [&hellip;]<\/p>\n","protected":false},"featured_media":59061,"comment_status":"open","ping_status":"closed","template":"","meta":[],"product_brand":[114],"product_cat":[60,77,78],"product_tag":[55,56],"class_list":{"0":"post-59062","1":"product","2":"type-product","3":"status-publish","4":"has-post-thumbnail","6":"product_brand-brandp_1251","7":"product_cat-cuisine-gourmet","8":"product_cat-petit-electromenager","9":"product_cat-plaques-de-cuisson","10":"product_tag-tag_926","11":"product_tag-tag_930","13":"first","14":"instock","15":"taxable","16":"shipping-taxable","17":"purchasable","18":"product-type-simple"},"_links":{"self":[{"href":"https:\/\/bigbuy.tupique.com\/pt\/wp-json\/wp\/v2\/product\/59062","targetHints":{"allow":["GET"]}}],"collection":[{"href":"https:\/\/bigbuy.tupique.com\/pt\/wp-json\/wp\/v2\/product"}],"about":[{"href":"https:\/\/bigbuy.tupique.com\/pt\/wp-json\/wp\/v2\/types\/product"}],"replies":[{"embeddable":true,"href":"https:\/\/bigbuy.tupique.com\/pt\/wp-json\/wp\/v2\/comments?post=59062"}],"wp:featuredmedia":[{"embeddable":true,"href":"https:\/\/bigbuy.tupique.com\/pt\/wp-json\/wp\/v2\/media\/59061"}],"wp:attachment":[{"href":"https:\/\/bigbuy.tupique.com\/pt\/wp-json\/wp\/v2\/media?parent=59062"}],"wp:term":[{"taxonomy":"product_brand","embeddable":true,"href":"https:\/\/bigbuy.tupique.com\/pt\/wp-json\/wp\/v2\/product_brand?post=59062"},{"taxonomy":"product_cat","embeddable":true,"href":"https:\/\/bigbuy.tupique.com\/pt\/wp-json\/wp\/v2\/product_cat?post=59062"},{"taxonomy":"product_tag","embeddable":true,"href":"https:\/\/bigbuy.tupique.com\/pt\/wp-json\/wp\/v2\/product_tag?post=59062"}],"curies":[{"name":"wp","href":"https:\/\/api.w.org\/{rel}","templated":true}]}}