{"id":59038,"date":"2026-04-01T14:28:59","date_gmt":"2026-04-01T13:28:59","guid":{"rendered":"https:\/\/bigbuy.tupique.com\/produto\/induction-hot-plate-balay-3eb965lr-60-cm-592-cm-60-cm-7400-w\/"},"modified":"2026-05-11T19:56:16","modified_gmt":"2026-05-11T17:56:16","slug":"induction-hot-plate-balay-3eb965lr-60-cm-592-cm-60-cm-7400-w","status":"publish","type":"product","link":"https:\/\/bigbuy.tupique.com\/pt\/produto\/induction-hot-plate-balay-3eb965lr-60-cm-592-cm-60-cm-7400-w\/","title":{"rendered":"Plaque \u00e0 Induction Balay 3EB965LR 60 cm 59,2 cm 60 cm 7400 W"},"content":{"rendered":"<p>Si vous pensez r\u00e9nover votre cuisine, achetez <b>Plaque \u00e0 Induction Balay 3EB965LR 60 cm 59,2 cm 60 cm 7400 W<\/b> et d\u00b4autres <b>produits Balay<\/b> !<\/p>\n<p>La <b>Balay 3EB965LR<\/b> est une <b>table \u00e0 induction<\/b> con\u00e7ue pour offrir efficacit\u00e9 et pr\u00e9cision en cuisine, avec une largeur de <b>60 cm<\/b> adapt\u00e9e aux espaces standards. Cette table dispose de <b>3 zones de cuisson<\/b> de tailles diff\u00e9rentes : une zone g\u00e9ante de <b>28 cm<\/b>, une zone moyenne de <b>21 cm<\/b> et une petite de <b>15 cm<\/b>, toutes \u00e9quip\u00e9es de la fonction <b>Sprint\u00ae (boost)<\/b> pour atteindre rapidement une puissance maximale jusqu\u2019\u00e0 <b>7400 W<\/b>, avec une puissance individuelle maximale de <b>2600 W<\/b>. Sa surface de couleur <b>noir<\/b> associ\u00e9e \u00e0 des finitions en <b>acier inoxydable<\/b> assure durabilit\u00e9 et un design \u00e9l\u00e9gant, facilitant son int\u00e9gration dans toute cuisine moderne. La gestion se fait via un <b>contr\u00f4le tactile intuitif avec 17 niveaux de cuisson<\/b> par zone, permettant un r\u00e9glage pr\u00e9cis de la chaleur selon les besoins du plat. De plus, elle int\u00e8gre plusieurs fonctions pour am\u00e9liorer la s\u00e9curit\u00e9 et le confort d\u2019utilisation : <b>arr\u00eat automatique antioubli<\/b>, verrouillage enfant permanent ou temporaire, indicateur de chaleur r\u00e9siduelle \u00e0 deux niveaux (H\/h) signalant lorsque la surface reste chaude, et une fonction <b>silence<\/b> pour d\u00e9sactiver les alertes sonores. Elle propose aussi des fonctions avanc\u00e9es comme la <b>m\u00e9moire<\/b>, la <b>programmation du temps de cuisson<\/b> pour chaque zone, une alarme \u00e0 dur\u00e9e r\u00e9glable, et une <b>puissance maximale r\u00e9glable<\/b> pour limiter la consommation \u00e9lectrique totale. Son design <b>chanfrein\u00e9<\/b> contribue \u00e0 un fini esth\u00e9tique et facilite le nettoyage de la table. Enfin, son syst\u00e8me d\u2019installation facile assure un montage simple, garantissant un ajustement parfait et fonctionnel. En r\u00e9sum\u00e9, la <b>Balay 3EB965LR<\/b> est une option polyvalente et s\u00fbre, id\u00e9ale pour ceux qui recherchent une technologie avanc\u00e9e et un contr\u00f4le total de la cuisson dans une cuisine de taille moyenne.<\/p>\n<ul>\n<li>Couleur: Noir<\/li>\n<li>Largeur:\n<ul>\n<li>60 cm<\/li>\n<li>59,2 cm<\/li>\n<\/ul>\n<\/li>\n<li>Caract\u00e9ristiques:\n<ul>\n<li>Verrouillage pour enfants<\/li>\n<li>Facile \u00e0 nettoyer<\/li>\n<li>Commande tactile<\/li>\n<li>Interrupteur marche\/arr\u00eat<\/li>\n<li>T\u00e9moin de fonctionnement LED<\/li>\n<li>Verrou de s\u00e9curit\u00e9<\/li>\n<\/ul>\n<\/li>\n<li>Zones de cuisson: 3<\/li>\n<li>Arr\u00eat Automatique: Oui<\/li>\n<li>puissance: 7400 W<\/li>\n<li>diam\u00e8tre approx.: \u00d8 28 cm<\/li>\n<li>Niveaux de puissance: 17<\/li>\n<li>\u00c9cran integr\u00e9: Non<\/li>\n<li>Dimensions approx.: 60 cm<\/li>\n<li>Bloc d\u2019Alimentation: Lumi\u00e8re<\/li>\n<li>Fr\u00e9quence: 50 Hz<\/li>\n<li>Longueur du c\u00e2ble: 1,1 m<\/li>\n<li>Produit \u00e0 brancher: Oui<\/li>\n<li>Type de prise: Prise EU<\/li>\n<li>Type:\n<ul>\n<li>Plaque \u00e0 Induction<\/li>\n<li>Int\u00e9gr\u00e9<\/li>\n<\/ul>\n<\/li>\n<li>Poids: 12 kg<\/li>\n<li>Type de commande: Tactile<\/li>\n<li>Niveau sonore: 44 dB<\/li>\n<li>Design: Sans cadre<\/li>\n<\/ul>","protected":false},"excerpt":{"rendered":"<p>Si vous pensez r\u00e9nover votre cuisine, achetez Plaque \u00e0 Induction Balay 3EB965LR 60 cm 59,2 cm 60 cm 7400 W et d\u00b4autres produits Balay ! La Balay 3EB965LR est une table \u00e0 induction con\u00e7ue pour offrir efficacit\u00e9 et pr\u00e9cision en cuisine, avec une largeur de 60 cm adapt\u00e9e aux espaces standards. Cette table dispose de [&hellip;]<\/p>\n","protected":false},"featured_media":59037,"comment_status":"open","ping_status":"closed","template":"","meta":[],"product_brand":[114],"product_cat":[60,77,78],"product_tag":[55,56],"class_list":{"0":"post-59038","1":"product","2":"type-product","3":"status-publish","4":"has-post-thumbnail","6":"product_brand-brandp_1251","7":"product_cat-cuisine-gourmet","8":"product_cat-petit-electromenager","9":"product_cat-plaques-de-cuisson","10":"product_tag-tag_926","11":"product_tag-tag_930","13":"first","14":"instock","15":"taxable","16":"shipping-taxable","17":"purchasable","18":"product-type-simple"},"_links":{"self":[{"href":"https:\/\/bigbuy.tupique.com\/pt\/wp-json\/wp\/v2\/product\/59038","targetHints":{"allow":["GET"]}}],"collection":[{"href":"https:\/\/bigbuy.tupique.com\/pt\/wp-json\/wp\/v2\/product"}],"about":[{"href":"https:\/\/bigbuy.tupique.com\/pt\/wp-json\/wp\/v2\/types\/product"}],"replies":[{"embeddable":true,"href":"https:\/\/bigbuy.tupique.com\/pt\/wp-json\/wp\/v2\/comments?post=59038"}],"wp:featuredmedia":[{"embeddable":true,"href":"https:\/\/bigbuy.tupique.com\/pt\/wp-json\/wp\/v2\/media\/59037"}],"wp:attachment":[{"href":"https:\/\/bigbuy.tupique.com\/pt\/wp-json\/wp\/v2\/media?parent=59038"}],"wp:term":[{"taxonomy":"product_brand","embeddable":true,"href":"https:\/\/bigbuy.tupique.com\/pt\/wp-json\/wp\/v2\/product_brand?post=59038"},{"taxonomy":"product_cat","embeddable":true,"href":"https:\/\/bigbuy.tupique.com\/pt\/wp-json\/wp\/v2\/product_cat?post=59038"},{"taxonomy":"product_tag","embeddable":true,"href":"https:\/\/bigbuy.tupique.com\/pt\/wp-json\/wp\/v2\/product_tag?post=59038"}],"curies":[{"name":"wp","href":"https:\/\/api.w.org\/{rel}","templated":true}]}}