{"id":59005,"date":"2026-04-01T14:25:49","date_gmt":"2026-04-01T13:25:49","guid":{"rendered":"https:\/\/bigbuy.tupique.com\/produto\/air-conditioning-daitsu-electric-white-a-a-6000-w-5590-fg-h\/"},"modified":"2026-04-15T07:38:56","modified_gmt":"2026-04-15T06:38:56","slug":"air-conditioning-daitsu-electric-white-a-a-6000-w-5590-fg-h","status":"publish","type":"product","link":"https:\/\/bigbuy.tupique.com\/pt\/produto\/air-conditioning-daitsu-electric-white-a-a-6000-w-5590-fg-h\/","title":{"rendered":"Air Conditionn\u00e9 DAITSU ELECTRIC Blanc A+\/A+ 6000 W 5590 fg\/h"},"content":{"rendered":"<p>Si vous recherchez des \u00e9lectrom\u00e9nagers pour votre maison aux meilleurs prix, ne manquez pas <b>Air Conditionn\u00e9 DAITSU ELECTRIC Blanc A+\/A+ 6000 W 5590 fg\/h<\/b> et une large s\u00e9lection de petits \u00e9lectrom\u00e9nagers de qualit\u00e9 !<\/p>\n<ul>\n<li>Couleur: Blanc<\/li>\n<li>Mati\u00e8re: Plastique<\/li>\n<li>Caract\u00e9ristiques: Int\u00e9rieur<\/li>\n<li>puissance: 6000 W<\/li>\n<li>Classification \u00e9nerg\u00e9tique: A+\/A+<\/li>\n<li>Technologie: Cassette Inverter<\/li>\n<li>Gaz: R32<\/li>\n<li>Niveau sonore: 43 dB<\/li>\n<li>Puissance frigorifique: 5590 fg\/h<\/li>\n<li>Connectivit\u00e9: No<\/li>\n<li>Port\u00e9e: 35 m\u00b2<\/li>\n<\/ul>","protected":false},"excerpt":{"rendered":"<p>Si vous recherchez des \u00e9lectrom\u00e9nagers pour votre maison aux meilleurs prix, ne manquez pas Air Conditionn\u00e9 DAITSU ELECTRIC Blanc A+\/A+ 6000 W 5590 fg\/h et une large s\u00e9lection de petits \u00e9lectrom\u00e9nagers de qualit\u00e9 ! Couleur: Blanc Mati\u00e8re: Plastique Caract\u00e9ristiques: Int\u00e9rieur puissance: 6000 W Classification \u00e9nerg\u00e9tique: A+\/A+ Technologie: Cassette Inverter Gaz: R32 Niveau sonore: 43 dB [&hellip;]<\/p>\n","protected":false},"featured_media":59001,"comment_status":"open","ping_status":"closed","template":"","meta":[],"product_brand":[1548],"product_cat":[732,1334,239],"product_tag":[721,210],"class_list":{"0":"post-59005","1":"product","2":"type-product","3":"status-publish","4":"has-post-thumbnail","6":"product_brand-brandp_1177","7":"product_cat-climatisation-et-chauffage","8":"product_cat-climatiseurs-et-ventilateurs","9":"product_cat-maison-jardin","10":"product_tag-tag_124","11":"product_tag-tag_25","13":"first","14":"instock","15":"taxable","16":"shipping-taxable","17":"purchasable","18":"product-type-simple"},"_links":{"self":[{"href":"https:\/\/bigbuy.tupique.com\/pt\/wp-json\/wp\/v2\/product\/59005","targetHints":{"allow":["GET"]}}],"collection":[{"href":"https:\/\/bigbuy.tupique.com\/pt\/wp-json\/wp\/v2\/product"}],"about":[{"href":"https:\/\/bigbuy.tupique.com\/pt\/wp-json\/wp\/v2\/types\/product"}],"replies":[{"embeddable":true,"href":"https:\/\/bigbuy.tupique.com\/pt\/wp-json\/wp\/v2\/comments?post=59005"}],"wp:featuredmedia":[{"embeddable":true,"href":"https:\/\/bigbuy.tupique.com\/pt\/wp-json\/wp\/v2\/media\/59001"}],"wp:attachment":[{"href":"https:\/\/bigbuy.tupique.com\/pt\/wp-json\/wp\/v2\/media?parent=59005"}],"wp:term":[{"taxonomy":"product_brand","embeddable":true,"href":"https:\/\/bigbuy.tupique.com\/pt\/wp-json\/wp\/v2\/product_brand?post=59005"},{"taxonomy":"product_cat","embeddable":true,"href":"https:\/\/bigbuy.tupique.com\/pt\/wp-json\/wp\/v2\/product_cat?post=59005"},{"taxonomy":"product_tag","embeddable":true,"href":"https:\/\/bigbuy.tupique.com\/pt\/wp-json\/wp\/v2\/product_tag?post=59005"}],"curies":[{"name":"wp","href":"https:\/\/api.w.org\/{rel}","templated":true}]}}