{"id":58992,"date":"2026-04-01T14:25:31","date_gmt":"2026-04-01T13:25:31","guid":{"rendered":"https:\/\/bigbuy.tupique.com\/produto\/outdoor-air-conditioning-unit-daitsu-electric-dos12uida-a-a-3500-w-3027-fg-h\/"},"modified":"2026-04-15T07:02:34","modified_gmt":"2026-04-15T06:02:34","slug":"outdoor-air-conditioning-unit-daitsu-electric-dos12uida-a-a-3500-w-3027-fg-h","status":"publish","type":"product","link":"https:\/\/bigbuy.tupique.com\/pt\/produto\/outdoor-air-conditioning-unit-daitsu-electric-dos12uida-a-a-3500-w-3027-fg-h\/","title":{"rendered":"Unit\u00e9 Externe pour Air Conditionn\u00e9 DAITSU ELECTRIC DOS12UIDA A+\/A+ 3500 W 3027 fg\/h"},"content":{"rendered":"<p>Si vous \u00eates \u00e0 la recherche de nouvelles tendances sur le march\u00e9, nous vous pr\u00e9sentons <b>Unit\u00e9 Externe pour Air Conditionn\u00e9 DAITSU ELECTRIC DOS12UIDA A+\/A+ 3500 W 3027 fg\/h<\/b> !<\/p>\n<ul>\n<li>Couleur: Blanc<\/li>\n<li>Mati\u00e8re: Plastique<\/li>\n<li>puissance: 3500 W<\/li>\n<li>Classification \u00e9nerg\u00e9tique: A+\/A+<\/li>\n<li>Technologie: Inverter<\/li>\n<li>Gaz: R32<\/li>\n<li>Puissance frigorifique: 3027 fg\/h<\/li>\n<li>R\u00e9frig\u00e9rant: R-410<\/li>\n<li>Niveau sonore: 59 dB<\/li>\n<li>Connectivit\u00e9: No<\/li>\n<\/ul>","protected":false},"excerpt":{"rendered":"<p>Si vous \u00eates \u00e0 la recherche de nouvelles tendances sur le march\u00e9, nous vous pr\u00e9sentons Unit\u00e9 Externe pour Air Conditionn\u00e9 DAITSU ELECTRIC DOS12UIDA A+\/A+ 3500 W 3027 fg\/h ! Couleur: Blanc Mati\u00e8re: Plastique puissance: 3500 W Classification \u00e9nerg\u00e9tique: A+\/A+ Technologie: Inverter Gaz: R32 Puissance frigorifique: 3027 fg\/h R\u00e9frig\u00e9rant: R-410 Niveau sonore: 59 dB Connectivit\u00e9: No<\/p>","protected":false},"featured_media":58990,"comment_status":"open","ping_status":"closed","template":"","meta":[],"product_brand":[1548],"product_cat":[732,1334,239],"product_tag":[721,210],"class_list":{"0":"post-58992","1":"product","2":"type-product","3":"status-publish","4":"has-post-thumbnail","6":"product_brand-brandp_1177","7":"product_cat-climatisation-et-chauffage","8":"product_cat-climatiseurs-et-ventilateurs","9":"product_cat-maison-jardin","10":"product_tag-tag_124","11":"product_tag-tag_25","13":"first","14":"instock","15":"taxable","16":"shipping-taxable","17":"purchasable","18":"product-type-simple"},"_links":{"self":[{"href":"https:\/\/bigbuy.tupique.com\/pt\/wp-json\/wp\/v2\/product\/58992","targetHints":{"allow":["GET"]}}],"collection":[{"href":"https:\/\/bigbuy.tupique.com\/pt\/wp-json\/wp\/v2\/product"}],"about":[{"href":"https:\/\/bigbuy.tupique.com\/pt\/wp-json\/wp\/v2\/types\/product"}],"replies":[{"embeddable":true,"href":"https:\/\/bigbuy.tupique.com\/pt\/wp-json\/wp\/v2\/comments?post=58992"}],"wp:featuredmedia":[{"embeddable":true,"href":"https:\/\/bigbuy.tupique.com\/pt\/wp-json\/wp\/v2\/media\/58990"}],"wp:attachment":[{"href":"https:\/\/bigbuy.tupique.com\/pt\/wp-json\/wp\/v2\/media?parent=58992"}],"wp:term":[{"taxonomy":"product_brand","embeddable":true,"href":"https:\/\/bigbuy.tupique.com\/pt\/wp-json\/wp\/v2\/product_brand?post=58992"},{"taxonomy":"product_cat","embeddable":true,"href":"https:\/\/bigbuy.tupique.com\/pt\/wp-json\/wp\/v2\/product_cat?post=58992"},{"taxonomy":"product_tag","embeddable":true,"href":"https:\/\/bigbuy.tupique.com\/pt\/wp-json\/wp\/v2\/product_tag?post=58992"}],"curies":[{"name":"wp","href":"https:\/\/api.w.org\/{rel}","templated":true}]}}