{"id":58942,"date":"2026-04-01T14:24:06","date_gmt":"2026-04-01T13:24:06","guid":{"rendered":"https:\/\/bigbuy.tupique.com\/produto\/induction-hot-plate-teka-izc-63632-mpt-7200-w\/"},"modified":"2026-05-11T19:56:31","modified_gmt":"2026-05-11T17:56:31","slug":"induction-hot-plate-teka-izc-63632-mpt-7200-w","status":"publish","type":"product","link":"https:\/\/bigbuy.tupique.com\/pt\/produto\/induction-hot-plate-teka-izc-63632-mpt-7200-w\/","title":{"rendered":"Plaque \u00e0 Induction Teka IZC 63632 MPT 7200 W"},"content":{"rendered":"<p>Si vous pensez r\u00e9nover votre cuisine, achetez <b>Plaque \u00e0 Induction Teka IZC 63632 MPT 7200 W<\/b> et d\u00b4autres <b>produits Teka<\/b> !<\/p>\n<p>La <b>plaque \u00e0 induction IZC 63632 MPT<\/b> de Teka est un appareil encastrable con\u00e7u pour offrir efficacit\u00e9 et praticit\u00e9 dans la cuisine moderne. Avec un design de couleur <b>blanc<\/b> et une finition arrondie, cette plaque dispose de <b>3 zones de cuisson<\/b> permettant de pr\u00e9parer plusieurs plats simultan\u00e9ment, s\u2019adaptant aux divers besoins culinaires. Son syst\u00e8me de commande <b>tactile<\/b> facilite la r\u00e9gulation pr\u00e9cise de la puissance et une utilisation intuitive, apportant confort et rapidit\u00e9 dans la gestion des fonctions. La puissance totale maximale de <b>7200 W<\/b> assure un chauffage rapide et uniforme, am\u00e9liorant l\u2019efficacit\u00e9 \u00e9nerg\u00e9tique et r\u00e9duisant le temps de cuisson. En tant que <b>plaque \u00e0 induction encastrable<\/b>, elle est con\u00e7ue pour s\u2019int\u00e9grer harmonieusement dans le plan de travail, optimisant l\u2019espace et conservant une esth\u00e9tique propre et moderne. De plus, ses mat\u00e9riaux et sa finition permettent un nettoyage facile, contribuant \u00e0 maintenir l\u2019hygi\u00e8ne et l\u2019aspect soign\u00e9 de la cuisine avec un minimum d\u2019effort. En r\u00e9sum\u00e9, la IZC 63632 MPT allie technologie et fonctionnalit\u00e9 pour r\u00e9pondre aux attentes des utilisateurs recherchant qualit\u00e9, design discret et performance fiable dans leur plaque \u00e0 induction.<\/p>\n<ul>\n<li>Produit \u00e0 brancher: Oui<\/li>\n<li>Type de prise: Prise EU<\/li>\n<li>Bloc d\u2019Alimentation: r\u00e9seau \u00e9lectrique<\/li>\n<li>Couleur: Blanc<\/li>\n<li>Caract\u00e9ristiques:\n<ul>\n<li>Facile \u00e0 nettoyer<\/li>\n<li>Commande tactile<\/li>\n<\/ul>\n<\/li>\n<li>Type d&#8217;installation: Int\u00e9grable<\/li>\n<li>puissance: 7200 W<\/li>\n<li>Zones de cuisson: 3<\/li>\n<li>Type:\n<ul>\n<li>Plaque \u00e0 Induction<\/li>\n<li>Int\u00e9gr\u00e9<\/li>\n<\/ul>\n<\/li>\n<li>Forme: Rond<\/li>\n<li>Type de commande: Tactile<\/li>\n<\/ul>","protected":false},"excerpt":{"rendered":"<p>Si vous pensez r\u00e9nover votre cuisine, achetez Plaque \u00e0 Induction Teka IZC 63632 MPT 7200 W et d\u00b4autres produits Teka ! La plaque \u00e0 induction IZC 63632 MPT de Teka est un appareil encastrable con\u00e7u pour offrir efficacit\u00e9 et praticit\u00e9 dans la cuisine moderne. Avec un design de couleur blanc et une finition arrondie, cette [&hellip;]<\/p>\n","protected":false},"featured_media":58941,"comment_status":"open","ping_status":"closed","template":"","meta":[],"product_brand":[667],"product_cat":[60,77,78],"product_tag":[55,56],"class_list":{"0":"post-58942","1":"product","2":"type-product","3":"status-publish","4":"has-post-thumbnail","6":"product_brand-brandp_1172","7":"product_cat-cuisine-gourmet","8":"product_cat-petit-electromenager","9":"product_cat-plaques-de-cuisson","10":"product_tag-tag_926","11":"product_tag-tag_930","13":"first","14":"instock","15":"taxable","16":"shipping-taxable","17":"purchasable","18":"product-type-simple"},"_links":{"self":[{"href":"https:\/\/bigbuy.tupique.com\/pt\/wp-json\/wp\/v2\/product\/58942","targetHints":{"allow":["GET"]}}],"collection":[{"href":"https:\/\/bigbuy.tupique.com\/pt\/wp-json\/wp\/v2\/product"}],"about":[{"href":"https:\/\/bigbuy.tupique.com\/pt\/wp-json\/wp\/v2\/types\/product"}],"replies":[{"embeddable":true,"href":"https:\/\/bigbuy.tupique.com\/pt\/wp-json\/wp\/v2\/comments?post=58942"}],"wp:featuredmedia":[{"embeddable":true,"href":"https:\/\/bigbuy.tupique.com\/pt\/wp-json\/wp\/v2\/media\/58941"}],"wp:attachment":[{"href":"https:\/\/bigbuy.tupique.com\/pt\/wp-json\/wp\/v2\/media?parent=58942"}],"wp:term":[{"taxonomy":"product_brand","embeddable":true,"href":"https:\/\/bigbuy.tupique.com\/pt\/wp-json\/wp\/v2\/product_brand?post=58942"},{"taxonomy":"product_cat","embeddable":true,"href":"https:\/\/bigbuy.tupique.com\/pt\/wp-json\/wp\/v2\/product_cat?post=58942"},{"taxonomy":"product_tag","embeddable":true,"href":"https:\/\/bigbuy.tupique.com\/pt\/wp-json\/wp\/v2\/product_tag?post=58942"}],"curies":[{"name":"wp","href":"https:\/\/api.w.org\/{rel}","templated":true}]}}