{"id":58940,"date":"2026-04-01T14:24:04","date_gmt":"2026-04-01T13:24:04","guid":{"rendered":"https:\/\/bigbuy.tupique.com\/produto\/duct-air-conditioning-panasonic-kit125pf3z5-a-4900-w\/"},"modified":"2026-04-15T02:20:08","modified_gmt":"2026-04-15T01:20:08","slug":"duct-air-conditioning-panasonic-kit125pf3z5-a-4900-w","status":"publish","type":"product","link":"https:\/\/bigbuy.tupique.com\/pt\/produto\/duct-air-conditioning-panasonic-kit125pf3z5-a-4900-w\/","title":{"rendered":"Air Conditionn\u00e9 pour Conduits Panasonic KIT125PF3Z5 A++ 4900 W"},"content":{"rendered":"<p>Si vous recherchez des \u00e9lectrom\u00e9nagers pour votre maison aux meilleurs prix, ne manquez pas <b>Air Conditionn\u00e9 pour Conduits Panasonic KIT125PF3Z5 A++ 4900 W<\/b> et une large s\u00e9lection de petits \u00e9lectrom\u00e9nagers de qualit\u00e9 !<\/p>\n<p>Le <b>climatiseur gainable Panasonic KIT125PF3Z5<\/b> se pr\u00e9sente comme une solution efficace et fonctionnelle pour climatiser les espaces de mani\u00e8re uniforme et discr\u00e8te. Cet appareil se distingue par sa classification \u00e9nerg\u00e9tique <b>A++<\/b>, garantissant une consommation r\u00e9duite et des performances optimales, contribuant \u00e0 une moindre d\u00e9pense \u00e9lectrique et une meilleure durabilit\u00e9 environnementale. Avec une puissance totale de <b>4900 W<\/b>, il peut couvrir des surfaces moyennes \u00e0 grandes, offrant un confort thermique stable en \u00e9t\u00e9 comme en hiver. Son design de couleur <b>gris<\/b> apporte une esth\u00e9tique neutre qui s\u2019int\u00e8gre facilement dans tout environnement r\u00e9sidentiel ou commercial. De plus, il utilise le gaz r\u00e9frig\u00e9rant <b>R32<\/b>, une option moderne avec un impact environnemental r\u00e9duit par rapport aux r\u00e9frig\u00e9rants traditionnels, conforme aux normes actuelles d\u2019efficacit\u00e9 et de responsabilit\u00e9 \u00e9cologique. La technologie gainable permet une distribution efficace de l\u2019air, id\u00e9ale pour ceux qui pr\u00e9f\u00e8rent un syst\u00e8me de climatisation centralis\u00e9 sans compromettre la d\u00e9coration ni l\u2019espace utile. Ce mod\u00e8le Panasonic allie robustesse, efficacit\u00e9 \u00e9nerg\u00e9tique et respect de l\u2019environnement, se positionnant comme une alternative fiable et technologiquement avanc\u00e9e pour un syst\u00e8me de climatisation gainable.<\/p>\n<ul>\n<li>Couleur: Gris<\/li>\n<li>Classification \u00e9nerg\u00e9tique: A++<\/li>\n<li>puissance: 4900 W<\/li>\n<li>Gaz: R32<\/li>\n<li>Technologie: Inverter<\/li>\n<li>Puissance frigorifique: 16134 fg\/h<\/li>\n<li>Connectivit\u00e9: No<\/li>\n<\/ul>","protected":false},"excerpt":{"rendered":"<p>Si vous recherchez des \u00e9lectrom\u00e9nagers pour votre maison aux meilleurs prix, ne manquez pas Air Conditionn\u00e9 pour Conduits Panasonic KIT125PF3Z5 A++ 4900 W et une large s\u00e9lection de petits \u00e9lectrom\u00e9nagers de qualit\u00e9 ! Le climatiseur gainable Panasonic KIT125PF3Z5 se pr\u00e9sente comme une solution efficace et fonctionnelle pour climatiser les espaces de mani\u00e8re uniforme et discr\u00e8te. [&hellip;]<\/p>\n","protected":false},"featured_media":58938,"comment_status":"open","ping_status":"closed","template":"","meta":[],"product_brand":[1226],"product_cat":[732,1334,239],"product_tag":[721,210],"class_list":{"0":"post-58940","1":"product","2":"type-product","3":"status-publish","4":"has-post-thumbnail","6":"product_brand-brandp_944","7":"product_cat-climatisation-et-chauffage","8":"product_cat-climatiseurs-et-ventilateurs","9":"product_cat-maison-jardin","10":"product_tag-tag_124","11":"product_tag-tag_25","13":"first","14":"instock","15":"taxable","16":"shipping-taxable","17":"purchasable","18":"product-type-simple"},"_links":{"self":[{"href":"https:\/\/bigbuy.tupique.com\/pt\/wp-json\/wp\/v2\/product\/58940","targetHints":{"allow":["GET"]}}],"collection":[{"href":"https:\/\/bigbuy.tupique.com\/pt\/wp-json\/wp\/v2\/product"}],"about":[{"href":"https:\/\/bigbuy.tupique.com\/pt\/wp-json\/wp\/v2\/types\/product"}],"replies":[{"embeddable":true,"href":"https:\/\/bigbuy.tupique.com\/pt\/wp-json\/wp\/v2\/comments?post=58940"}],"wp:featuredmedia":[{"embeddable":true,"href":"https:\/\/bigbuy.tupique.com\/pt\/wp-json\/wp\/v2\/media\/58938"}],"wp:attachment":[{"href":"https:\/\/bigbuy.tupique.com\/pt\/wp-json\/wp\/v2\/media?parent=58940"}],"wp:term":[{"taxonomy":"product_brand","embeddable":true,"href":"https:\/\/bigbuy.tupique.com\/pt\/wp-json\/wp\/v2\/product_brand?post=58940"},{"taxonomy":"product_cat","embeddable":true,"href":"https:\/\/bigbuy.tupique.com\/pt\/wp-json\/wp\/v2\/product_cat?post=58940"},{"taxonomy":"product_tag","embeddable":true,"href":"https:\/\/bigbuy.tupique.com\/pt\/wp-json\/wp\/v2\/product_tag?post=58940"}],"curies":[{"name":"wp","href":"https:\/\/api.w.org\/{rel}","templated":true}]}}