{"id":58885,"date":"2026-04-01T14:21:32","date_gmt":"2026-04-01T13:21:32","guid":{"rendered":"https:\/\/bigbuy.tupique.com\/produto\/induction-hot-plate-teka-tbc63632ttcbk-6700w-60-cm\/"},"modified":"2026-04-15T15:36:34","modified_gmt":"2026-04-15T14:36:34","slug":"induction-hot-plate-teka-tbc63632ttcbk-6700w-60-cm","status":"publish","type":"product","link":"https:\/\/bigbuy.tupique.com\/pt\/produto\/induction-hot-plate-teka-tbc63632ttcbk-6700w-60-cm\/","title":{"rendered":"Plaque \u00e0 Induction Teka TBC63632TTCBK 6700W (60 cm)"},"content":{"rendered":"<p>Si vous pensez r\u00e9nover votre cuisine, achetez <b>Plaque \u00e0 Induction Teka TBC63632TTCBK 6700W (60 cm)<\/b> et d\u00b4autres <b>produits Teka<\/b> !<\/p>\n<p>La <b>table de cuisson \u00e0 induction TBC63632TTCBK<\/b> de la marque <b>Teka<\/b> est une option encastrable con\u00e7ue pour les cuisines modernes, alliant efficacit\u00e9 et fonctionnalit\u00e9. Cette <b>table \u00e0 induction<\/b> mesure environ <b>60 cm de largeur<\/b>, s\u2019adaptant parfaitement aux espaces standards, et dispose de <b>3 zones de cuisson<\/b> permettant de pr\u00e9parer plusieurs plats simultan\u00e9ment avec rapidit\u00e9 et pr\u00e9cision. La puissance maximale totale de <b>6700 W<\/b> garantit un chauffage optimal et un contr\u00f4le efficace de la consommation d\u2019\u00e9nergie. Sa zone de cuisson principale se distingue par un large diam\u00e8tre de <b>16 cm<\/b>, id\u00e9al pour les grands r\u00e9cipients, facilitant la pr\u00e9paration de plats n\u00e9cessitant une plus grande capacit\u00e9 thermique. Le contr\u00f4le tactile offre une gestion intuitive et pr\u00e9cise de la temp\u00e9rature et des temps, am\u00e9liorant l\u2019exp\u00e9rience de cuisson. Le design en <b>noir<\/b> lui conf\u00e8re une esth\u00e9tique \u00e9l\u00e9gante et discr\u00e8te, s\u2019int\u00e9grant facilement \u00e0 tout style d\u00e9coratif. De plus, elle int\u00e8gre un syst\u00e8me de <b>verrouillage enfant<\/b>, \u00e9l\u00e9ment essentiel pour garantir la s\u00e9curit\u00e9 \u00e0 la maison en \u00e9vitant les activations accidentelles, et facilite le nettoyage gr\u00e2ce \u00e0 sa surface lisse et ses mat\u00e9riaux r\u00e9sistants aux taches et rayures. L\u2019installation est <b>encastrable<\/b>, permettant une int\u00e9gration totale dans le plan de travail, pour une finition uniforme et professionnelle dans la cuisine. Cette table est une solution pratique et fiable pour ceux qui recherchent un \u00e9quipement de cuisson efficace, s\u00fbr et au design contemporain, adapt\u00e9 aux besoins domestiques comme gastronomiques.<\/p>\n<ul>\n<li>Largeur: 60 cm<\/li>\n<li>Caract\u00e9ristiques:\n<ul>\n<li>Verrouillage pour enfants<\/li>\n<li>Facile \u00e0 nettoyer<\/li>\n<li>Commande tactile<\/li>\n<\/ul>\n<\/li>\n<li>Niveaux de puissance: 9<\/li>\n<li>puissance: 6700 W<\/li>\n<li>Produit \u00e0 brancher: Oui<\/li>\n<li>Type de prise: Prise EU<\/li>\n<li>Type: Plaque \u00e0 Induction<\/li>\n<li>Bloc d\u2019Alimentation:\n<ul>\n<li>r\u00e9seau \u00e9lectrique<\/li>\n<li>C\u00e2ble \u00e9lectrique<\/li>\n<\/ul>\n<\/li>\n<li>Couleur: Noir<\/li>\n<li>Type d&#8217;installation: Int\u00e9grable<\/li>\n<li>Profondeur: 51 cm<\/li>\n<li>Zones de cuisson: 3<\/li>\n<li>Langue: Espagnol<\/li>\n<li>Tension: 230 V<\/li>\n<li>Mati\u00e8re: Vitroc\u00e9ramique<\/li>\n<li>Type de carburant: Gaz<\/li>\n<li>Ecran: 6,5&#8243;<\/li>\n<li>Type de commande: T\u00e9l\u00e9commande<\/li>\n<\/ul>","protected":false},"excerpt":{"rendered":"<p>Si vous pensez r\u00e9nover votre cuisine, achetez Plaque \u00e0 Induction Teka TBC63632TTCBK 6700W (60 cm) et d\u00b4autres produits Teka ! La table de cuisson \u00e0 induction TBC63632TTCBK de la marque Teka est une option encastrable con\u00e7ue pour les cuisines modernes, alliant efficacit\u00e9 et fonctionnalit\u00e9. Cette table \u00e0 induction mesure environ 60 cm de largeur, s\u2019adaptant [&hellip;]<\/p>\n","protected":false},"featured_media":181369,"comment_status":"open","ping_status":"closed","template":"","meta":[],"product_brand":[667],"product_cat":[60,77,78],"product_tag":[55,56],"class_list":{"0":"post-58885","1":"product","2":"type-product","3":"status-publish","4":"has-post-thumbnail","6":"product_brand-brandp_1172","7":"product_cat-cuisine-gourmet","8":"product_cat-petit-electromenager","9":"product_cat-plaques-de-cuisson","10":"product_tag-tag_926","11":"product_tag-tag_930","13":"first","14":"instock","15":"taxable","16":"shipping-taxable","17":"purchasable","18":"product-type-simple"},"_links":{"self":[{"href":"https:\/\/bigbuy.tupique.com\/pt\/wp-json\/wp\/v2\/product\/58885","targetHints":{"allow":["GET"]}}],"collection":[{"href":"https:\/\/bigbuy.tupique.com\/pt\/wp-json\/wp\/v2\/product"}],"about":[{"href":"https:\/\/bigbuy.tupique.com\/pt\/wp-json\/wp\/v2\/types\/product"}],"replies":[{"embeddable":true,"href":"https:\/\/bigbuy.tupique.com\/pt\/wp-json\/wp\/v2\/comments?post=58885"}],"wp:featuredmedia":[{"embeddable":true,"href":"https:\/\/bigbuy.tupique.com\/pt\/wp-json\/wp\/v2\/media\/181369"}],"wp:attachment":[{"href":"https:\/\/bigbuy.tupique.com\/pt\/wp-json\/wp\/v2\/media?parent=58885"}],"wp:term":[{"taxonomy":"product_brand","embeddable":true,"href":"https:\/\/bigbuy.tupique.com\/pt\/wp-json\/wp\/v2\/product_brand?post=58885"},{"taxonomy":"product_cat","embeddable":true,"href":"https:\/\/bigbuy.tupique.com\/pt\/wp-json\/wp\/v2\/product_cat?post=58885"},{"taxonomy":"product_tag","embeddable":true,"href":"https:\/\/bigbuy.tupique.com\/pt\/wp-json\/wp\/v2\/product_tag?post=58885"}],"curies":[{"name":"wp","href":"https:\/\/api.w.org\/{rel}","templated":true}]}}