{"id":58869,"date":"2026-04-01T14:21:04","date_gmt":"2026-04-01T13:21:04","guid":{"rendered":"https:\/\/bigbuy.tupique.com\/produto\/sink-with-one-basin-teka-square-72-40-tg\/"},"modified":"2026-05-11T19:56:21","modified_gmt":"2026-05-11T17:56:21","slug":"sink-with-one-basin-teka-square-72-40-tg","status":"publish","type":"product","link":"https:\/\/bigbuy.tupique.com\/pt\/produto\/sink-with-one-basin-teka-square-72-40-tg\/","title":{"rendered":"\u00c9vier simple Teka SQUARE 72.40 TG"},"content":{"rendered":"<p>Si vous pensez r\u00e9nover votre cuisine, achetez <b>\u00c9vier simple Teka SQUARE 72.40 TG  <\/b> et d\u00b4autres <b>produits Teka<\/b> !<\/p>\n<p>Le <b>\u00e9vier \u00e0 une cuve Square 72.40 TG<\/b> de la marque <b>Teka<\/b> est fabriqu\u00e9 en <b>acier inoxydable<\/b>, un mat\u00e9riau tr\u00e8s r\u00e9sistant et durable qui garantit une excellente hygi\u00e8ne et une facilit\u00e9 de nettoyage, id\u00e9al pour un usage quotidien en cuisines domestiques ou professionnelles. Cet \u00e9vier pr\u00e9sente un design <b>rectangulaire<\/b> avec des dimensions de <b>76 cm de largeur<\/b>, permettant une installation polyvalente sur plans de travail standards, et offre une surface large et fonctionnelle pour le lavage des ustensiles ou aliments. Sa finition en <b>couleur noire<\/b> lui conf\u00e8re un aspect moderne et \u00e9l\u00e9gant, capable de s\u2019int\u00e9grer \u00e0 diff\u00e9rents styles de d\u00e9coration, des int\u00e9rieurs minimalistes aux cuisines contemporaines recherchant une touche distinctive. La configuration \u00e0 une seule cuve facilite son usage pour des t\u00e2ches sp\u00e9cifiques, optimisant l\u2019espace et permettant une meilleure organisation de la zone de travail. Le mod\u00e8le Square 72.40 TG allie fonctionnalit\u00e9 et esth\u00e9tique avec la qualit\u00e9 associ\u00e9e \u00e0 Teka, garantissant un produit fiable et durable. Cet \u00e9vier est une solution pratique et styl\u00e9e qui r\u00e9pond aux besoins de ceux qui recherchent efficacit\u00e9 et design dans un \u00e9l\u00e9ment essentiel de la cuisine.<\/p>\n<ul>\n<li>Couleur: Noir<\/li>\n<li>Taille: 80 cm<\/li>\n<li>Type: \u00c9vier<\/li>\n<li>Mati\u00e8re: Acier inoxydable<\/li>\n<li>Largeur: 76 cm<\/li>\n<li>Type d&#8217;installation: Int\u00e9grable<\/li>\n<li>Forme: Rectangulaire<\/li>\n<\/ul>\n<p><\/p>\n<p>Teka Square 72.40 TG. Type d&#8217;\u00e9vier: Evier encastr\u00e9, Forme de l&#8217;\u00e9vier: Rectangulaire, Couleur du produit: Noir. Largeur: 760 mm, Profondeur: 440 mm, Largeur de compartiment d&#8217;installation: 71,5 cm<\/p>\n<p><\/p>\n<ul>\n<li>Type d&#8217;\u00e9vier: Evier encastr\u00e9<\/li>\n<li>Forme de l&#8217;\u00e9vier: Rectangulaire<\/li>\n<li>Couleur du produit: Noir<\/li>\n<li>Nombre de bacs d&#8217;\u00e9vier: 1 bols<\/li>\n<li>Trou pour robinet: Non<\/li>\n<li>Surface cannel\u00e9e: Non<\/li>\n<li>Forme \u00e0 un seul bac: Rectangulaire<\/li>\n<li>Dimensions du premier bol (LxL): 720 x 400 mm<\/li>\n<li>Profondeur du premier bol: 20 cm<\/li>\n<li>Taille du drain de vidange: 8,89 cm (3.5&#8243;)<\/li>\n<li>Largeur: 760 mm<\/li>\n<li>Profondeur: 440 mm<\/li>\n<li>Largeur de compartiment d&#8217;installation: 71,5 cm<\/li>\n<li>Profondeur de compartiment d&#8217;installation: 39,5 cm<\/li>\n<li>Robinet inclus: Non<\/li>\n<\/ul>","protected":false},"excerpt":{"rendered":"<p><span class=\"unit-info\">377.4875 &euro; \/ 1 m<\/span><\/p>","protected":false},"featured_media":58867,"comment_status":"open","ping_status":"closed","template":"","meta":[],"product_brand":[667],"product_cat":[60,61,779],"product_tag":[210],"class_list":{"0":"post-58869","1":"product","2":"type-product","3":"status-publish","4":"has-post-thumbnail","6":"product_brand-brandp_1172","7":"product_cat-cuisine-gourmet","8":"product_cat-equipement-de-cuisine","9":"product_cat-eviers","10":"product_tag-tag_25","12":"first","13":"instock","14":"taxable","15":"shipping-taxable","16":"purchasable","17":"product-type-simple"},"_links":{"self":[{"href":"https:\/\/bigbuy.tupique.com\/pt\/wp-json\/wp\/v2\/product\/58869","targetHints":{"allow":["GET"]}}],"collection":[{"href":"https:\/\/bigbuy.tupique.com\/pt\/wp-json\/wp\/v2\/product"}],"about":[{"href":"https:\/\/bigbuy.tupique.com\/pt\/wp-json\/wp\/v2\/types\/product"}],"replies":[{"embeddable":true,"href":"https:\/\/bigbuy.tupique.com\/pt\/wp-json\/wp\/v2\/comments?post=58869"}],"wp:featuredmedia":[{"embeddable":true,"href":"https:\/\/bigbuy.tupique.com\/pt\/wp-json\/wp\/v2\/media\/58867"}],"wp:attachment":[{"href":"https:\/\/bigbuy.tupique.com\/pt\/wp-json\/wp\/v2\/media?parent=58869"}],"wp:term":[{"taxonomy":"product_brand","embeddable":true,"href":"https:\/\/bigbuy.tupique.com\/pt\/wp-json\/wp\/v2\/product_brand?post=58869"},{"taxonomy":"product_cat","embeddable":true,"href":"https:\/\/bigbuy.tupique.com\/pt\/wp-json\/wp\/v2\/product_cat?post=58869"},{"taxonomy":"product_tag","embeddable":true,"href":"https:\/\/bigbuy.tupique.com\/pt\/wp-json\/wp\/v2\/product_tag?post=58869"}],"curies":[{"name":"wp","href":"https:\/\/api.w.org\/{rel}","templated":true}]}}