{"id":58839,"date":"2026-04-01T14:20:17","date_gmt":"2026-04-01T13:20:17","guid":{"rendered":"https:\/\/bigbuy.tupique.com\/produto\/dishwasher-bosch-sms25ai05e-steel-60-cm\/"},"modified":"2026-04-14T23:51:49","modified_gmt":"2026-04-14T22:51:49","slug":"dishwasher-bosch-sms25ai05e-steel-60-cm","status":"publish","type":"product","link":"https:\/\/bigbuy.tupique.com\/pt\/produto\/dishwasher-bosch-sms25ai05e-steel-60-cm\/","title":{"rendered":"Lave-vaisselle BOSCH SMS25AI05E Acier 60 cm"},"content":{"rendered":"<p>Si vous pensez r\u00e9nover votre cuisine, achetez <b>Lave-vaisselle BOSCH SMS25AI05E Acier 60 cm<\/b> et d\u00b4autres <b>produits BOSCH<\/b> !<\/p>\n<ul>\n<li>Bloc d\u2019Alimentation: r\u00e9seau \u00e9lectrique<\/li>\n<li>Langue:\n<ul>\n<li>Espagnol<\/li>\n<li>Anglais<\/li>\n<\/ul>\n<\/li>\n<li>Largeur: 60 cm<\/li>\n<li>Classification \u00e9nerg\u00e9tique: E<\/li>\n<li>Produit \u00e0 brancher: Oui<\/li>\n<li>Type: Lave-vaisselle<\/li>\n<li>Type de prise: Prise EU<\/li>\n<li>Couleur: Acier<\/li>\n<li>Type d&#8217;installation:\n<ul>\n<li>Auto-assemblage<\/li>\n<li>Sous le plan de travail<\/li>\n<\/ul>\n<\/li>\n<li>Finition: Semi-brillant<\/li>\n<li>Programmes: 5<\/li>\n<li>Niveau sonore: 48 dB<\/li>\n<li>Connectivit\u00e9: No<\/li>\n<li>Caract\u00e9ristiques: \u00c9cran integr\u00e9<\/li>\n<li>Capacit\u00e9 (Nb de couverts): 12<\/li>\n<li>Longueur du c\u00e2ble: 1,75 m<\/li>\n<li>Capacit\u00e9: 9 L<\/li>\n<li>Pays \/ r\u00e9gion de fabrication: Espagne<\/li>\n<li>Mati\u00e8re: Acier inoxydable<\/li>\n<li>puissance: 2400 W<\/li>\n<li>Tension: 240 V<\/li>\n<li>Intensit\u00e9: 3 niveaux d&#8217;intensit\u00e9<\/li>\n<li>Consommation d&#8217;eau: 9,5 L<\/li>\n<li>Contr\u00f4le: Boutons, rotatif<\/li>\n<li>Amp\u00e9rage: 10 A<\/li>\n<\/ul>","protected":false},"excerpt":{"rendered":"<p><span class=\"unit-info\">70.4433 &euro; \/ 1 l<\/span><\/p>","protected":false},"featured_media":58834,"comment_status":"open","ping_status":"closed","template":"","meta":[],"product_brand":[162],"product_cat":[393,60,77],"product_tag":[],"class_list":{"0":"post-58839","1":"product","2":"type-product","3":"status-publish","4":"has-post-thumbnail","6":"product_brand-brandp_959","7":"product_cat-autres-appareils-de-cuisines","8":"product_cat-cuisine-gourmet","9":"product_cat-petit-electromenager","11":"first","12":"instock","13":"taxable","14":"shipping-taxable","15":"purchasable","16":"product-type-simple"},"_links":{"self":[{"href":"https:\/\/bigbuy.tupique.com\/pt\/wp-json\/wp\/v2\/product\/58839","targetHints":{"allow":["GET"]}}],"collection":[{"href":"https:\/\/bigbuy.tupique.com\/pt\/wp-json\/wp\/v2\/product"}],"about":[{"href":"https:\/\/bigbuy.tupique.com\/pt\/wp-json\/wp\/v2\/types\/product"}],"replies":[{"embeddable":true,"href":"https:\/\/bigbuy.tupique.com\/pt\/wp-json\/wp\/v2\/comments?post=58839"}],"wp:featuredmedia":[{"embeddable":true,"href":"https:\/\/bigbuy.tupique.com\/pt\/wp-json\/wp\/v2\/media\/58834"}],"wp:attachment":[{"href":"https:\/\/bigbuy.tupique.com\/pt\/wp-json\/wp\/v2\/media?parent=58839"}],"wp:term":[{"taxonomy":"product_brand","embeddable":true,"href":"https:\/\/bigbuy.tupique.com\/pt\/wp-json\/wp\/v2\/product_brand?post=58839"},{"taxonomy":"product_cat","embeddable":true,"href":"https:\/\/bigbuy.tupique.com\/pt\/wp-json\/wp\/v2\/product_cat?post=58839"},{"taxonomy":"product_tag","embeddable":true,"href":"https:\/\/bigbuy.tupique.com\/pt\/wp-json\/wp\/v2\/product_tag?post=58839"}],"curies":[{"name":"wp","href":"https:\/\/api.w.org\/{rel}","templated":true}]}}