{"id":58807,"date":"2026-04-01T14:19:29","date_gmt":"2026-04-01T13:19:29","guid":{"rendered":"https:\/\/bigbuy.tupique.com\/produto\/glass-ceramic-hob-teka-tbc-64000-xfl-60-cm\/"},"modified":"2026-04-16T20:12:22","modified_gmt":"2026-04-16T19:12:22","slug":"glass-ceramic-hob-teka-tbc-64000-xfl-60-cm","status":"publish","type":"product","link":"https:\/\/bigbuy.tupique.com\/pt\/produto\/glass-ceramic-hob-teka-tbc-64000-xfl-60-cm\/","title":{"rendered":"Plaques Vitro-C\u00e9ramiques Teka TBC 64000 XFL 60 cm"},"content":{"rendered":"<p>Si vous pensez r\u00e9nover votre cuisine, achetez <b>Plaques Vitro-C\u00e9ramiques Teka TBC 64000 XFL 60 cm<\/b> et d\u00b4autres <b>produits Teka<\/b> !<\/p>\n<ul>\n<li>Zones de cuisson: 4<\/li>\n<li>Caract\u00e9ristiques:\n<ul>\n<li>Syst\u00e8me de s\u00e9curit\u00e9<\/li>\n<li>Commande tactile<\/li>\n<\/ul>\n<\/li>\n<li>puissance: 6000 W<\/li>\n<li>Tension:\n<ul>\n<li>220 \u2013 240 V, 50\/60 Hz<\/li>\n<li>240 V<\/li>\n<\/ul>\n<\/li>\n<li>Niveaux de temp\u00e9rature: 12 niveaux<\/li>\n<li>Type: Plaques Vitro-C\u00e9ramiques<\/li>\n<li>Couleur: Noir<\/li>\n<li>Mati\u00e8re: Vitroc\u00e9ramique<\/li>\n<li>Produit \u00e0 brancher: Oui<\/li>\n<li>Type de prise: Prise EU<\/li>\n<li>Dimensions approx.: 60 cm<\/li>\n<li>Bloc d\u2019Alimentation: r\u00e9seau \u00e9lectrique<\/li>\n<li>Largeur: 60 cm<\/li>\n<li>Type d&#8217;installation: Int\u00e9grable<\/li>\n<li>Profondeur: 51 cm<\/li>\n<li>diam\u00e8tre approx.: \u00d8 18 cm<\/li>\n<li>Langue: Espagnol<\/li>\n<li>Type de carburant: Gaz<\/li>\n<li>Contr\u00f4le: Bouton<\/li>\n<\/ul>","protected":false},"excerpt":{"rendered":"<p>Si vous pensez r\u00e9nover votre cuisine, achetez Plaques Vitro-C\u00e9ramiques Teka TBC 64000 XFL 60 cm et d\u00b4autres produits Teka ! Zones de cuisson: 4 Caract\u00e9ristiques: Syst\u00e8me de s\u00e9curit\u00e9 Commande tactile puissance: 6000 W Tension: 220 \u2013 240 V, 50\/60 Hz 240 V Niveaux de temp\u00e9rature: 12 niveaux Type: Plaques Vitro-C\u00e9ramiques Couleur: Noir Mati\u00e8re: Vitroc\u00e9ramique Produit [&hellip;]<\/p>\n","protected":false},"featured_media":58806,"comment_status":"open","ping_status":"closed","template":"","meta":[],"product_brand":[667],"product_cat":[60,77,78],"product_tag":[55,56],"class_list":{"0":"post-58807","1":"product","2":"type-product","3":"status-publish","4":"has-post-thumbnail","6":"product_brand-brandp_1172","7":"product_cat-cuisine-gourmet","8":"product_cat-petit-electromenager","9":"product_cat-plaques-de-cuisson","10":"product_tag-tag_926","11":"product_tag-tag_930","13":"first","14":"instock","15":"taxable","16":"shipping-taxable","17":"purchasable","18":"product-type-simple"},"_links":{"self":[{"href":"https:\/\/bigbuy.tupique.com\/pt\/wp-json\/wp\/v2\/product\/58807","targetHints":{"allow":["GET"]}}],"collection":[{"href":"https:\/\/bigbuy.tupique.com\/pt\/wp-json\/wp\/v2\/product"}],"about":[{"href":"https:\/\/bigbuy.tupique.com\/pt\/wp-json\/wp\/v2\/types\/product"}],"replies":[{"embeddable":true,"href":"https:\/\/bigbuy.tupique.com\/pt\/wp-json\/wp\/v2\/comments?post=58807"}],"wp:featuredmedia":[{"embeddable":true,"href":"https:\/\/bigbuy.tupique.com\/pt\/wp-json\/wp\/v2\/media\/58806"}],"wp:attachment":[{"href":"https:\/\/bigbuy.tupique.com\/pt\/wp-json\/wp\/v2\/media?parent=58807"}],"wp:term":[{"taxonomy":"product_brand","embeddable":true,"href":"https:\/\/bigbuy.tupique.com\/pt\/wp-json\/wp\/v2\/product_brand?post=58807"},{"taxonomy":"product_cat","embeddable":true,"href":"https:\/\/bigbuy.tupique.com\/pt\/wp-json\/wp\/v2\/product_cat?post=58807"},{"taxonomy":"product_tag","embeddable":true,"href":"https:\/\/bigbuy.tupique.com\/pt\/wp-json\/wp\/v2\/product_tag?post=58807"}],"curies":[{"name":"wp","href":"https:\/\/api.w.org\/{rel}","templated":true}]}}