{"id":58761,"date":"2026-04-01T14:15:30","date_gmt":"2026-04-01T13:15:30","guid":{"rendered":"https:\/\/bigbuy.tupique.com\/produto\/pyrolytic-oven-teka-111000008-70-l-3552w-a-70-l-71-l\/"},"modified":"2026-04-17T00:36:12","modified_gmt":"2026-04-16T23:36:12","slug":"pyrolytic-oven-teka-111000008-70-l-3552w-a-70-l-71-l","status":"publish","type":"product","link":"https:\/\/bigbuy.tupique.com\/pt\/produto\/pyrolytic-oven-teka-111000008-70-l-3552w-a-70-l-71-l\/","title":{"rendered":"Four \u00e0 pyrolyse Teka 111000008 70 L 3552W A+ 70 L 71 L"},"content":{"rendered":"<p>Si vous pensez r\u00e9nover votre cuisine, achetez <b>Four \u00e0 pyrolyse Teka 111000008 70 L 3552W A+ 70 L 71 L<\/b> et d\u00b4autres <b>produits Teka<\/b> !<\/p>\n<ul>\n<li>Couleur: Noir<\/li>\n<li>Taille: Moyen<\/li>\n<li>Largeur: 60 cm<\/li>\n<li>Caract\u00e9ristiques:\n<ul>\n<li>Ecran tactile<\/li>\n<li>Verrouillage pour enfants<\/li>\n<li>Lumi\u00e8re int\u00e9rieure<\/li>\n<li>\u00c9cran integr\u00e9<\/li>\n<li>Facile \u00e0 nettoyer<\/li>\n<li>Tactile<\/li>\n<\/ul>\n<\/li>\n<li>Classification \u00e9nerg\u00e9tique: A+<\/li>\n<li>Capacit\u00e9:\n<ul>\n<li>70 L<\/li>\n<li>71 L<\/li>\n<\/ul>\n<\/li>\n<li>Inclut:\n<ul>\n<li>Plateau<\/li>\n<li>Plateau pour Four<\/li>\n<li>Montre<\/li>\n<\/ul>\n<\/li>\n<li>Bloc d\u2019Alimentation:\n<ul>\n<li>r\u00e9seau \u00e9lectrique<\/li>\n<li>\u00c9lectrique<\/li>\n<\/ul>\n<\/li>\n<li>Type:\n<ul>\n<li>Int\u00e9grable<\/li>\n<li>Int\u00e9gr\u00e9<\/li>\n<\/ul>\n<\/li>\n<li>La capacit\u00e9 totale de l&#8217;int\u00e9rieur du four (s): 70 L<\/li>\n<li>puissance: 3552 W<\/li>\n<li>Contr\u00f4le:\n<ul>\n<li>Tactile<\/li>\n<li>Plaque Tournante<\/li>\n<\/ul>\n<\/li>\n<li>Fonctions:\n<ul>\n<li>8<\/li>\n<li>Auto-nettoyant<\/li>\n<li>Grill<\/li>\n<\/ul>\n<\/li>\n<li>Minuterie: Num\u00e9rique<\/li>\n<li>Illumination: Int\u00e9rieur<\/li>\n<li>Tension:\n<ul>\n<li>220-240 V<\/li>\n<li>220 V<\/li>\n<\/ul>\n<\/li>\n<li>Dimensions approx.: 59,5 x 59,5 x 55,9 cm<\/li>\n<li>Type de four: Four \u00e0 pyrolyse<\/li>\n<li>Produit \u00e0 brancher: Oui<\/li>\n<li>Type de prise: Prise EU<\/li>\n<li>Langue:\n<ul>\n<li>Espagnol<\/li>\n<li>Anglais<\/li>\n<\/ul>\n<\/li>\n<li>Arr\u00eat Automatique: Oui<\/li>\n<li>Fr\u00e9quence: 60 Hz<\/li>\n<\/ul>","protected":false},"excerpt":{"rendered":"<p><span class=\"unit-info\">8.4224 &euro; \/ 1 l<\/span><\/p>","protected":false},"featured_media":58760,"comment_status":"open","ping_status":"closed","template":"","meta":[],"product_brand":[667],"product_cat":[60,747,77],"product_tag":[55],"class_list":{"0":"post-58761","1":"product","2":"type-product","3":"status-publish","4":"has-post-thumbnail","6":"product_brand-brandp_1172","7":"product_cat-cuisine-gourmet","8":"product_cat-fours","9":"product_cat-petit-electromenager","10":"product_tag-tag_926","12":"first","13":"instock","14":"taxable","15":"shipping-taxable","16":"purchasable","17":"product-type-simple"},"_links":{"self":[{"href":"https:\/\/bigbuy.tupique.com\/pt\/wp-json\/wp\/v2\/product\/58761","targetHints":{"allow":["GET"]}}],"collection":[{"href":"https:\/\/bigbuy.tupique.com\/pt\/wp-json\/wp\/v2\/product"}],"about":[{"href":"https:\/\/bigbuy.tupique.com\/pt\/wp-json\/wp\/v2\/types\/product"}],"replies":[{"embeddable":true,"href":"https:\/\/bigbuy.tupique.com\/pt\/wp-json\/wp\/v2\/comments?post=58761"}],"wp:featuredmedia":[{"embeddable":true,"href":"https:\/\/bigbuy.tupique.com\/pt\/wp-json\/wp\/v2\/media\/58760"}],"wp:attachment":[{"href":"https:\/\/bigbuy.tupique.com\/pt\/wp-json\/wp\/v2\/media?parent=58761"}],"wp:term":[{"taxonomy":"product_brand","embeddable":true,"href":"https:\/\/bigbuy.tupique.com\/pt\/wp-json\/wp\/v2\/product_brand?post=58761"},{"taxonomy":"product_cat","embeddable":true,"href":"https:\/\/bigbuy.tupique.com\/pt\/wp-json\/wp\/v2\/product_cat?post=58761"},{"taxonomy":"product_tag","embeddable":true,"href":"https:\/\/bigbuy.tupique.com\/pt\/wp-json\/wp\/v2\/product_tag?post=58761"}],"curies":[{"name":"wp","href":"https:\/\/api.w.org\/{rel}","templated":true}]}}