{"id":58754,"date":"2026-04-01T14:15:21","date_gmt":"2026-04-01T13:15:21","guid":{"rendered":"https:\/\/bigbuy.tupique.com\/produto\/conventional-hood-cata-isla-fenix-1000-x-steel\/"},"modified":"2026-04-14T23:38:18","modified_gmt":"2026-04-14T22:38:18","slug":"conventional-hood-cata-isla-fenix-1000-x-steel","status":"publish","type":"product","link":"https:\/\/bigbuy.tupique.com\/pt\/produto\/conventional-hood-cata-isla-fenix-1000-x-steel\/","title":{"rendered":"Hotte standard Cata ISLA FENIX 1000 X Acier"},"content":{"rendered":"<p>Si vous pensez r\u00e9nover votre cuisine, achetez <b>Hotte standard Cata ISLA FENIX 1000 X Acier<\/b> et d\u00b4autres <b>produits Cata<\/b> !<\/p>\n<ul>\n<li>Volume sonore: 63 dB<\/li>\n<li>Lumi\u00e8re: Oui<\/li>\n<li>Illumination: 6 x EcoLed<\/li>\n<li>Dimensions approx.: 100 x 60 x 15 cm<\/li>\n<li>Classification \u00e9nerg\u00e9tique:\n<ul>\n<li>C<\/li>\n<li>A<\/li>\n<\/ul>\n<\/li>\n<li>Couleur:\n<ul>\n<li>Acier<\/li>\n<li>Gris<\/li>\n<li>Argent\u00e9<\/li>\n<\/ul>\n<\/li>\n<li>Produit \u00e0 brancher: Oui<\/li>\n<li>Type de prise: Prise EU<\/li>\n<li>Capacit\u00e9 d\u2019extraction:\n<ul>\n<li>645 m3\/h<\/li>\n<li>850 m3\/h<\/li>\n<\/ul>\n<\/li>\n<li>puissance:\n<ul>\n<li>200 W<\/li>\n<li>280 W<\/li>\n<\/ul>\n<\/li>\n<li>Type:\n<ul>\n<li>Hotte standard<\/li>\n<li>De toit<\/li>\n<\/ul>\n<\/li>\n<li>Filtres:\n<ul>\n<li>M\u00e9tal<\/li>\n<li>3<\/li>\n<\/ul>\n<\/li>\n<li>Pays \/ r\u00e9gion de fabrication: Espagne<\/li>\n<li>Bloc d\u2019Alimentation:\n<ul>\n<li>\u00c9lectrique<\/li>\n<li>C\u00e2ble \u00e9lectrique<\/li>\n<\/ul>\n<\/li>\n<li>Caract\u00e9ristiques: Commande tactile<\/li>\n<li>Niveau sonore: 65 dB<\/li>\n<li>\u00c9cran integr\u00e9: Non<\/li>\n<\/ul>","protected":false},"excerpt":{"rendered":"<p>Si vous pensez r\u00e9nover votre cuisine, achetez Hotte standard Cata ISLA FENIX 1000 X Acier et d\u00b4autres produits Cata ! Volume sonore: 63 dB Lumi\u00e8re: Oui Illumination: 6 x EcoLed Dimensions approx.: 100 x 60 x 15 cm Classification \u00e9nerg\u00e9tique: C A Couleur: Acier Gris Argent\u00e9 Produit \u00e0 brancher: Oui Type de prise: Prise EU [&hellip;]<\/p>\n","protected":false},"featured_media":58752,"comment_status":"open","ping_status":"closed","template":"","meta":[],"product_brand":[155],"product_cat":[63,64,60,61,62],"product_tag":[56],"class_list":{"0":"post-58754","1":"product","2":"type-product","3":"status-publish","4":"has-post-thumbnail","6":"product_brand-brandp_1208","7":"product_cat-cadeaux-originaux","8":"product_cat-cadeaux-pour-la-maison","9":"product_cat-cuisine-gourmet","10":"product_cat-equipement-de-cuisine","11":"product_cat-hottes-de-cuisine","12":"product_tag-tag_930","14":"first","15":"instock","16":"taxable","17":"shipping-taxable","18":"purchasable","19":"product-type-simple"},"_links":{"self":[{"href":"https:\/\/bigbuy.tupique.com\/pt\/wp-json\/wp\/v2\/product\/58754","targetHints":{"allow":["GET"]}}],"collection":[{"href":"https:\/\/bigbuy.tupique.com\/pt\/wp-json\/wp\/v2\/product"}],"about":[{"href":"https:\/\/bigbuy.tupique.com\/pt\/wp-json\/wp\/v2\/types\/product"}],"replies":[{"embeddable":true,"href":"https:\/\/bigbuy.tupique.com\/pt\/wp-json\/wp\/v2\/comments?post=58754"}],"wp:featuredmedia":[{"embeddable":true,"href":"https:\/\/bigbuy.tupique.com\/pt\/wp-json\/wp\/v2\/media\/58752"}],"wp:attachment":[{"href":"https:\/\/bigbuy.tupique.com\/pt\/wp-json\/wp\/v2\/media?parent=58754"}],"wp:term":[{"taxonomy":"product_brand","embeddable":true,"href":"https:\/\/bigbuy.tupique.com\/pt\/wp-json\/wp\/v2\/product_brand?post=58754"},{"taxonomy":"product_cat","embeddable":true,"href":"https:\/\/bigbuy.tupique.com\/pt\/wp-json\/wp\/v2\/product_cat?post=58754"},{"taxonomy":"product_tag","embeddable":true,"href":"https:\/\/bigbuy.tupique.com\/pt\/wp-json\/wp\/v2\/product_tag?post=58754"}],"curies":[{"name":"wp","href":"https:\/\/api.w.org\/{rel}","templated":true}]}}