{"id":58736,"date":"2026-04-01T14:14:55","date_gmt":"2026-04-01T13:14:55","guid":{"rendered":"https:\/\/bigbuy.tupique.com\/produto\/canon-canon-2728c003-black\/"},"modified":"2026-05-11T19:56:19","modified_gmt":"2026-05-11T17:56:19","slug":"canon-canon-2728c003-black","status":"publish","type":"product","link":"https:\/\/bigbuy.tupique.com\/pt\/produto\/canon-canon-2728c003-black\/","title":{"rendered":"Canon Canon 2728C003 Noir"},"content":{"rendered":"<p>Si vous \u00eates passionn\u00e9 d&#8217;<b>informatique et d&#8217;\u00e9lectronique<\/b>, si vous \u00eates \u00e0 la pointe de la technologie et qu&#8217;aucun d\u00e9tail ne vous \u00e9chappe, achetez <b>Canon Canon 2728C003 Noir<\/b>au meilleur prix.<\/p>\n<p>Le <b>Canon 2728C003<\/b> est un <b>appareil photo reflex<\/b> \u00e9l\u00e9gant de couleur <b>noire<\/b> qui offre les performances polyvalentes et la qualit\u00e9 d\u2019image caract\u00e9ristiques de Canon, con\u00e7u pour ceux qui souhaitent progresser en photographie num\u00e9rique avec un appareil facile \u00e0 utiliser et dot\u00e9 de fonctions modernes. Son bo\u00eetier int\u00e8gre un <b>\u00e9cran de 3&#8243;<\/b> facilitant la composition et la visualisation des images en temps r\u00e9el, permettant un contr\u00f4le intuitif des r\u00e9glages et du cadrage. Gr\u00e2ce \u00e0 la connectivit\u00e9 <b>Wi-Fi<\/b> et <b>NFC<\/b>, le transfert de vos photos et vid\u00e9os vers des appareils mobiles ou leur partage sur les r\u00e9seaux sociaux devient rapide et simple, id\u00e9al pour ceux qui veulent garder leurs souvenirs toujours accessibles. L\u2019enregistrement en <b>Full HD<\/b> permet d\u2019obtenir des vid\u00e9os nettes et fluides, tandis que le <b>microphone int\u00e9gr\u00e9<\/b> assure une capture sonore claire \u00e0 chaque prise. C\u00f4t\u00e9 fonctionnalit\u00e9s, il int\u00e8gre un <b>indicateur de batterie<\/b> utile pour surveiller l\u2019autonomie lors de longues sessions, ainsi que des connexions <b>HDMI et USB<\/b> pour faciliter l\u2019exportation des contenus vers d\u2019autres appareils ou \u00e9crans externes. Canon maintient son engagement envers la fiabilit\u00e9 avec ce mod\u00e8le, combinant une ergonomie soign\u00e9e et des options automatiques avec les modes manuels propres \u00e0 un reflex, ce qui en fait un excellent choix pour les amateurs comme pour les utilisateurs en progression. Cet appareil se distingue par son \u00e9quilibre entre qualit\u00e9, connectivit\u00e9 et facilit\u00e9 d\u2019utilisation, se positionnant comme un outil polyvalent pour la capture d\u2019images et de vid\u00e9os dans toutes les situations.<\/p>\n<ul>\n<li>Couleur: Noir<\/li>\n<li>Ecran: 3&#8243;<\/li>\n<li>Obturation: 1\/4000 s<\/li>\n<li>Objectif: 18-55 mm<\/li>\n<li>Flash: Oui<\/li>\n<li>Stabilisateur d&#8217;image: Oui<\/li>\n<li>R\u00e9solution d&#8217;image maximale: 6000 x 4000 px<\/li>\n<li>Vid\u00e9o:\n<ul>\n<li>1920 x 1080 px<\/li>\n<li>Full HD<\/li>\n<\/ul>\n<\/li>\n<li>Connectivit\u00e9: Wi-Fi<\/li>\n<li>Cam\u00e9ra\/Appareil Photo: 24 MP<\/li>\n<\/ul>","protected":false},"excerpt":{"rendered":"<p>Si vous \u00eates passionn\u00e9 d&#8217;informatique et d&#8217;\u00e9lectronique, si vous \u00eates \u00e0 la pointe de la technologie et qu&#8217;aucun d\u00e9tail ne vous \u00e9chappe, achetez Canon Canon 2728C003 Noirau meilleur prix. Le Canon 2728C003 est un appareil photo reflex \u00e9l\u00e9gant de couleur noire qui offre les performances polyvalentes et la qualit\u00e9 d\u2019image caract\u00e9ristiques de Canon, con\u00e7u pour [&hellip;]<\/p>\n","protected":false},"featured_media":58735,"comment_status":"open","ping_status":"closed","template":"","meta":[],"product_brand":[637],"product_cat":[1064,600,65],"product_tag":[571],"class_list":{"0":"post-58736","1":"product","2":"type-product","3":"status-publish","4":"has-post-thumbnail","6":"product_brand-brandp_539","7":"product_cat-appareils-photo-compacts","8":"product_cat-electronique-photo-et-video","9":"product_cat-informatique-electronique","10":"product_tag-tag_27","12":"first","13":"instock","14":"taxable","15":"shipping-taxable","16":"purchasable","17":"product-type-simple"},"_links":{"self":[{"href":"https:\/\/bigbuy.tupique.com\/pt\/wp-json\/wp\/v2\/product\/58736","targetHints":{"allow":["GET"]}}],"collection":[{"href":"https:\/\/bigbuy.tupique.com\/pt\/wp-json\/wp\/v2\/product"}],"about":[{"href":"https:\/\/bigbuy.tupique.com\/pt\/wp-json\/wp\/v2\/types\/product"}],"replies":[{"embeddable":true,"href":"https:\/\/bigbuy.tupique.com\/pt\/wp-json\/wp\/v2\/comments?post=58736"}],"wp:featuredmedia":[{"embeddable":true,"href":"https:\/\/bigbuy.tupique.com\/pt\/wp-json\/wp\/v2\/media\/58735"}],"wp:attachment":[{"href":"https:\/\/bigbuy.tupique.com\/pt\/wp-json\/wp\/v2\/media?parent=58736"}],"wp:term":[{"taxonomy":"product_brand","embeddable":true,"href":"https:\/\/bigbuy.tupique.com\/pt\/wp-json\/wp\/v2\/product_brand?post=58736"},{"taxonomy":"product_cat","embeddable":true,"href":"https:\/\/bigbuy.tupique.com\/pt\/wp-json\/wp\/v2\/product_cat?post=58736"},{"taxonomy":"product_tag","embeddable":true,"href":"https:\/\/bigbuy.tupique.com\/pt\/wp-json\/wp\/v2\/product_tag?post=58736"}],"curies":[{"name":"wp","href":"https:\/\/api.w.org\/{rel}","templated":true}]}}