{"id":58732,"date":"2026-04-01T14:14:51","date_gmt":"2026-04-01T13:14:51","guid":{"rendered":"https:\/\/bigbuy.tupique.com\/produto\/conventional-hood-balay-1200044925-80-cm-680-m3-h-touch-control-56-db-white\/"},"modified":"2026-04-14T23:38:02","modified_gmt":"2026-04-14T22:38:02","slug":"conventional-hood-balay-1200044925-80-cm-680-m3-h-touch-control-56-db-white","status":"publish","type":"product","link":"https:\/\/bigbuy.tupique.com\/pt\/produto\/conventional-hood-balay-1200044925-80-cm-680-m3-h-touch-control-56-db-white\/","title":{"rendered":"Hotte standard Balay 1200044925 80 cm 680 m3\/h Touch Control 56 dB Blanc"},"content":{"rendered":"<p>Si vous pensez r\u00e9nover votre cuisine, achetez <b>Hotte standard Balay 1200044925 80 cm 680 m3\/h Touch Control 56 dB Blanc<\/b> et d\u00b4autres <b>produits Balay<\/b> !<\/p>\n<ul>\n<li>Longueur du c\u00e2ble: 1,3 m<\/li>\n<li>puissance:\n<ul>\n<li>263 W<\/li>\n<li>260 W<\/li>\n<\/ul>\n<\/li>\n<li>Volume sonore: 56 dB<\/li>\n<li>Type:\n<ul>\n<li>D\u00e9corative<\/li>\n<li>Hotte standard<\/li>\n<li>Mural<\/li>\n<\/ul>\n<\/li>\n<li>diam\u00e8tre approx.: \u00d8 12-15 cm<\/li>\n<li>Dimensions approx.: 80 x 50 x 32,3 cm<\/li>\n<li>Couleur:\n<ul>\n<li>M\u00e9tal<\/li>\n<li>Blanc<\/li>\n<\/ul>\n<\/li>\n<li>Type d&#8217;installation:\n<ul>\n<li>Montage mural<\/li>\n<li>Paroi<\/li>\n<\/ul>\n<\/li>\n<li>Classification \u00e9nerg\u00e9tique:\n<ul>\n<li>B<\/li>\n<li>A<\/li>\n<\/ul>\n<\/li>\n<li>Produit \u00e0 brancher: Oui<\/li>\n<li>Type de prise: Prise EU<\/li>\n<li>Capacit\u00e9 d\u2019extraction: 680 m3\/h<\/li>\n<li>Bloc d\u2019Alimentation: r\u00e9seau \u00e9lectrique<\/li>\n<li>Filtres: 1 uds<\/li>\n<li>Filtre:\n<ul>\n<li>Aluminium<\/li>\n<li>Lavable<\/li>\n<\/ul>\n<\/li>\n<li>Niveau sonore:\n<ul>\n<li>48 dB<\/li>\n<li>56 dB<\/li>\n<\/ul>\n<\/li>\n<li>Moteur: 1<\/li>\n<li>Type d&#8217;ampoule: LED<\/li>\n<li>Caract\u00e9ristiques: Commande tactile<\/li>\n<li>Tension: 220 V<\/li>\n<li>Poids approx.: 25 kg<\/li>\n<li>Poids: 15 kg<\/li>\n<\/ul>","protected":false},"excerpt":{"rendered":"<p>Si vous pensez r\u00e9nover votre cuisine, achetez Hotte standard Balay 1200044925 80 cm 680 m3\/h Touch Control 56 dB Blanc et d\u00b4autres produits Balay ! Longueur du c\u00e2ble: 1,3 m puissance: 263 W 260 W Volume sonore: 56 dB Type: D\u00e9corative Hotte standard Mural diam\u00e8tre approx.: \u00d8 12-15 cm Dimensions approx.: 80 x 50 x [&hellip;]<\/p>\n","protected":false},"featured_media":58730,"comment_status":"open","ping_status":"closed","template":"","meta":[],"product_brand":[114],"product_cat":[60,61,62],"product_tag":[56],"class_list":{"0":"post-58732","1":"product","2":"type-product","3":"status-publish","4":"has-post-thumbnail","6":"product_brand-brandp_1251","7":"product_cat-cuisine-gourmet","8":"product_cat-equipement-de-cuisine","9":"product_cat-hottes-de-cuisine","10":"product_tag-tag_930","12":"first","13":"instock","14":"taxable","15":"shipping-taxable","16":"purchasable","17":"product-type-simple"},"_links":{"self":[{"href":"https:\/\/bigbuy.tupique.com\/pt\/wp-json\/wp\/v2\/product\/58732","targetHints":{"allow":["GET"]}}],"collection":[{"href":"https:\/\/bigbuy.tupique.com\/pt\/wp-json\/wp\/v2\/product"}],"about":[{"href":"https:\/\/bigbuy.tupique.com\/pt\/wp-json\/wp\/v2\/types\/product"}],"replies":[{"embeddable":true,"href":"https:\/\/bigbuy.tupique.com\/pt\/wp-json\/wp\/v2\/comments?post=58732"}],"wp:featuredmedia":[{"embeddable":true,"href":"https:\/\/bigbuy.tupique.com\/pt\/wp-json\/wp\/v2\/media\/58730"}],"wp:attachment":[{"href":"https:\/\/bigbuy.tupique.com\/pt\/wp-json\/wp\/v2\/media?parent=58732"}],"wp:term":[{"taxonomy":"product_brand","embeddable":true,"href":"https:\/\/bigbuy.tupique.com\/pt\/wp-json\/wp\/v2\/product_brand?post=58732"},{"taxonomy":"product_cat","embeddable":true,"href":"https:\/\/bigbuy.tupique.com\/pt\/wp-json\/wp\/v2\/product_cat?post=58732"},{"taxonomy":"product_tag","embeddable":true,"href":"https:\/\/bigbuy.tupique.com\/pt\/wp-json\/wp\/v2\/product_tag?post=58732"}],"curies":[{"name":"wp","href":"https:\/\/api.w.org\/{rel}","templated":true}]}}