{"id":58729,"date":"2026-04-01T14:14:47","date_gmt":"2026-04-01T13:14:47","guid":{"rendered":"https:\/\/bigbuy.tupique.com\/produto\/glass-ceramic-hob-balay-3eb-721lr-60-cm-60-cm\/"},"modified":"2026-04-15T20:18:58","modified_gmt":"2026-04-15T19:18:58","slug":"glass-ceramic-hob-balay-3eb-721lr-60-cm-60-cm","status":"publish","type":"product","link":"https:\/\/bigbuy.tupique.com\/pt\/produto\/glass-ceramic-hob-balay-3eb-721lr-60-cm-60-cm\/","title":{"rendered":"Plaques Vitro-C\u00e9ramiques Balay 3EB-721LR 60 cm 60 cm"},"content":{"rendered":"<p>Si vous pensez r\u00e9nover votre cuisine, achetez <b>Plaques Vitro-C\u00e9ramiques Balay 3EB-721LR 60 cm 60 cm<\/b> et d\u00b4autres <b>produits Balay<\/b> !<\/p>\n<ul>\n<li>Dimensions approx.: 60 cm<\/li>\n<li>Bloc d\u2019Alimentation:\n<ul>\n<li>Lumi\u00e8re<\/li>\n<li>\u00c9lectrique<\/li>\n<li>C\u00e2ble \u00e9lectrique<\/li>\n<\/ul>\n<\/li>\n<li>Zones de cuisson: 4<\/li>\n<li>puissance:\n<ul>\n<li>6600 W<\/li>\n<li>1200 W<\/li>\n<\/ul>\n<\/li>\n<li>Fr\u00e9quence: 60 Hz<\/li>\n<li>Largeur:\n<ul>\n<li>59,2 cm<\/li>\n<li>60 cm<\/li>\n<\/ul>\n<\/li>\n<li>Longueur du c\u00e2ble: 1 m<\/li>\n<li>Produit \u00e0 brancher: Oui<\/li>\n<li>Type de prise: Prise EU<\/li>\n<li>Fonctions: Minuterie<\/li>\n<li>Type:\n<ul>\n<li>Plaques Vitro-C\u00e9ramiques<\/li>\n<li>C\u00e9ramique<\/li>\n<li>Int\u00e9gr\u00e9<\/li>\n<\/ul>\n<\/li>\n<li>Couleur:\n<ul>\n<li>Noir<\/li>\n<li>Blanc<\/li>\n<\/ul>\n<\/li>\n<li>Caract\u00e9ristiques:\n<ul>\n<li>Verrouillage pour enfants<\/li>\n<li>\u00c9cran integr\u00e9<\/li>\n<li>Commande tactile<\/li>\n<\/ul>\n<\/li>\n<li>Niveaux de puissance: 17<\/li>\n<li>Profondeur de compartiment d&#8217;installation: 49 cm<\/li>\n<li>Pays \/ r\u00e9gion de fabrication: Espagne<\/li>\n<li>Technologie: LED<\/li>\n<li>Fr\u00e9quence d&#8217;entr\u00e9e AC: 50-60 Hz<\/li>\n<li>Inclut: Ecran<\/li>\n<li>Type de commande: Tactile<\/li>\n<li>Tension: 220-240 V<\/li>\n<\/ul>","protected":false},"excerpt":{"rendered":"<p>Si vous pensez r\u00e9nover votre cuisine, achetez Plaques Vitro-C\u00e9ramiques Balay 3EB-721LR 60 cm 60 cm et d\u00b4autres produits Balay ! Dimensions approx.: 60 cm Bloc d\u2019Alimentation: Lumi\u00e8re \u00c9lectrique C\u00e2ble \u00e9lectrique Zones de cuisson: 4 puissance: 6600 W 1200 W Fr\u00e9quence: 60 Hz Largeur: 59,2 cm 60 cm Longueur du c\u00e2ble: 1 m Produit \u00e0 brancher: [&hellip;]<\/p>\n","protected":false},"featured_media":58728,"comment_status":"open","ping_status":"closed","template":"","meta":[],"product_brand":[114],"product_cat":[60,77,78],"product_tag":[55,56],"class_list":{"0":"post-58729","1":"product","2":"type-product","3":"status-publish","4":"has-post-thumbnail","6":"product_brand-brandp_1251","7":"product_cat-cuisine-gourmet","8":"product_cat-petit-electromenager","9":"product_cat-plaques-de-cuisson","10":"product_tag-tag_926","11":"product_tag-tag_930","13":"first","14":"instock","15":"taxable","16":"shipping-taxable","17":"purchasable","18":"product-type-simple"},"_links":{"self":[{"href":"https:\/\/bigbuy.tupique.com\/pt\/wp-json\/wp\/v2\/product\/58729","targetHints":{"allow":["GET"]}}],"collection":[{"href":"https:\/\/bigbuy.tupique.com\/pt\/wp-json\/wp\/v2\/product"}],"about":[{"href":"https:\/\/bigbuy.tupique.com\/pt\/wp-json\/wp\/v2\/types\/product"}],"replies":[{"embeddable":true,"href":"https:\/\/bigbuy.tupique.com\/pt\/wp-json\/wp\/v2\/comments?post=58729"}],"wp:featuredmedia":[{"embeddable":true,"href":"https:\/\/bigbuy.tupique.com\/pt\/wp-json\/wp\/v2\/media\/58728"}],"wp:attachment":[{"href":"https:\/\/bigbuy.tupique.com\/pt\/wp-json\/wp\/v2\/media?parent=58729"}],"wp:term":[{"taxonomy":"product_brand","embeddable":true,"href":"https:\/\/bigbuy.tupique.com\/pt\/wp-json\/wp\/v2\/product_brand?post=58729"},{"taxonomy":"product_cat","embeddable":true,"href":"https:\/\/bigbuy.tupique.com\/pt\/wp-json\/wp\/v2\/product_cat?post=58729"},{"taxonomy":"product_tag","embeddable":true,"href":"https:\/\/bigbuy.tupique.com\/pt\/wp-json\/wp\/v2\/product_tag?post=58729"}],"curies":[{"name":"wp","href":"https:\/\/api.w.org\/{rel}","templated":true}]}}