{"id":58725,"date":"2026-04-01T14:14:42","date_gmt":"2026-04-01T13:14:42","guid":{"rendered":"https:\/\/bigbuy.tupique.com\/produto\/conventional-hood-teka-decorativas-isla-90-cm-796-m3-h-66-db-292w-steel\/"},"modified":"2026-05-11T19:56:16","modified_gmt":"2026-05-11T17:56:16","slug":"conventional-hood-teka-decorativas-isla-90-cm-796-m3-h-66-db-292w-steel","status":"publish","type":"product","link":"https:\/\/bigbuy.tupique.com\/pt\/produto\/conventional-hood-teka-decorativas-isla-90-cm-796-m3-h-66-db-292w-steel\/","title":{"rendered":"Hotte standard Teka DECORATIVAS ISLA 90 cm 796 m3\/h 66 dB 292W Acier"},"content":{"rendered":"<p>Si vous pensez r\u00e9nover votre cuisine, achetez <b>Hotte standard Teka DECORATIVAS ISLA 90 cm 796 m3\/h 66 dB 292W Acier<\/b> et d\u00b4autres <b>produits Teka<\/b> !<\/p>\n<ul>\n<li>Illumination:\n<ul>\n<li>LED<\/li>\n<li>12 W<\/li>\n<\/ul>\n<\/li>\n<li>Lumi\u00e8re: Oui<\/li>\n<li>Volume sonore: 66 dB<\/li>\n<li>puissance:\n<ul>\n<li>292 W<\/li>\n<li>280 W<\/li>\n<\/ul>\n<\/li>\n<li>Dimensions approx.: 90 x 60 x 6,1 cm<\/li>\n<li>Type d&#8217;installation: Montage mural<\/li>\n<li>Classification \u00e9nerg\u00e9tique: A<\/li>\n<li>Largeur: 90 cm<\/li>\n<li>Couleur: Acier<\/li>\n<li>Vitesse: 3 vitesses<\/li>\n<li>Produit \u00e0 brancher: Oui<\/li>\n<li>Type de prise: Prise EU<\/li>\n<li>Mati\u00e8re: Acier<\/li>\n<li>Capacit\u00e9 d\u2019extraction: 796 m3\/h<\/li>\n<li>Type:\n<ul>\n<li>Hotte standard<\/li>\n<li>Mural<\/li>\n<li>LED<\/li>\n<\/ul>\n<\/li>\n<li>Bloc d\u2019Alimentation: r\u00e9seau \u00e9lectrique<\/li>\n<li>Moteur: 1<\/li>\n<li>Filtres:\n<ul>\n<li>M\u00e9tal<\/li>\n<li>1 uds<\/li>\n<\/ul>\n<\/li>\n<li>Poids: 10 kg<\/li>\n<li>Tension:\n<ul>\n<li>220 V<\/li>\n<li>220-240 V<\/li>\n<\/ul>\n<\/li>\n<li>Fr\u00e9quence: 50 &#8211; 60 Hz<\/li>\n<li>Niveau sonore:\n<ul>\n<li>66 dB<\/li>\n<li>52 dB<\/li>\n<\/ul>\n<\/li>\n<\/ul>\n<p><\/p>\n<p>Teka DG3 ISLA 985. Puissance d&#8217;extraction maximum: 796 m\u00b3\/h, Type d&#8217;extraction: Conduit \/ Recirculation, Classe d&#8217;efficacit\u00e9 dynamique du fluide: A. Type: Mont\u00e9 au mur, Couleur du produit: Acier inoxydable, Mat\u00e9riau du bo\u00eetier\/corps: Verre, Acier inoxydable. Type de filtre \u00e0 graisse: Metal, Nombre de filtres: 1 pi\u00e8ce(s). Classe d&#8217;efficacit\u00e9 \u00e9nerg\u00e9tique: A, Puissance du moteur: 280 W, Consommation annuelle d&#8217;\u00e9nergie: 47,8 kWh. Largeur: 900 mm, Profondeur: 600 mm, Hauteur (min): 60 cm<\/p>\n<p><\/p>\n<ul>\n<li>Puissance d&#8217;extraction maximum: 796 m\u00b3\/h<\/li>\n<li>Type d&#8217;extraction: Conduit \/ Recirculation<\/li>\n<li>Classe d&#8217;efficacit\u00e9 dynamique du fluide: A<\/li>\n<li>Classe d&#8217;efficacit\u00e9 de l&#8217;\u00e9clairage: A<\/li>\n<li>Classe d&#8217;efficacit\u00e9 du filtrage de la graisse: C<\/li>\n<li>Nombre de vitesses: 3<\/li>\n<li>Niveau sonore: 52 dB<\/li>\n<li>Vitesse intensive: Oui<\/li>\n<li>Niveau de son (vitesse rapide): 66 dB<\/li>\n<li>Type: Mont\u00e9 au mur<\/li>\n<li>Couleur du produit: Acier inoxydable<\/li>\n<li>Mat\u00e9riau du bo\u00eetier\/corps: Verre, Acier inoxydable<\/li>\n<li>Puissance de l&#8217;ampoule: 3 W<\/li>\n<li>Nombre d&#8217;ampoules: 4 ampoule(s)<\/li>\n<li>Type d&#8217;ampoule: LED<\/li>\n<li>lieu d&#8217;\u00e9chappement: Haut<\/li>\n<li>Diam\u00e8tre du conduit d&#8217;\u00e9vacuation: 15 cm<\/li>\n<li>Nombre de moteurs: 1<\/li>\n<li>Moteur inclus: Oui<\/li>\n<li>Type de filtre \u00e0 graisse: Metal<\/li>\n<li>Filtre d\u00e9montable: Oui<\/li>\n<li>Nombre de filtres: 1 pi\u00e8ce(s)<\/li>\n<li>Classe d&#8217;efficacit\u00e9 \u00e9nerg\u00e9tique: A<\/li>\n<li>Puissance du moteur: 280 W<\/li>\n<li>Consommation annuelle d&#8217;\u00e9nergie: 47,8 kWh<\/li>\n<li>Charge connect\u00e9e: 292 W<\/li>\n<li>Tension d&#8217;entr\u00e9e AC: 220-240 V<\/li>\n<li>Fr\u00e9quence d&#8217;entr\u00e9e AC: 50 &#8211; 60 Hz<\/li>\n<li>Largeur: 900 mm<\/li>\n<li>Profondeur: 600 mm<\/li>\n<li>Hauteur (min): 60 cm<\/li>\n<li>Hauteur (max): 100 cm<\/li>\n<li>Hauteur sans la chemin\u00e9e: 6,1 cm<\/li>\n<li>Flux d&#8217;air: 796 m\u00b3\/h<\/li>\n<\/ul>","protected":false},"excerpt":{"rendered":"<p>Si vous pensez r\u00e9nover votre cuisine, achetez Hotte standard Teka DECORATIVAS ISLA 90 cm 796 m3\/h 66 dB 292W Acier et d\u00b4autres produits Teka ! Illumination: LED 12 W Lumi\u00e8re: Oui Volume sonore: 66 dB puissance: 292 W 280 W Dimensions approx.: 90 x 60 x 6,1 cm Type d&#8217;installation: Montage mural Classification \u00e9nerg\u00e9tique: A [&hellip;]<\/p>\n","protected":false},"featured_media":58723,"comment_status":"open","ping_status":"closed","template":"","meta":[],"product_brand":[667],"product_cat":[63,64,60,61,62],"product_tag":[55,56],"class_list":{"0":"post-58725","1":"product","2":"type-product","3":"status-publish","4":"has-post-thumbnail","6":"product_brand-brandp_1172","7":"product_cat-cadeaux-originaux","8":"product_cat-cadeaux-pour-la-maison","9":"product_cat-cuisine-gourmet","10":"product_cat-equipement-de-cuisine","11":"product_cat-hottes-de-cuisine","12":"product_tag-tag_926","13":"product_tag-tag_930","15":"first","16":"instock","17":"taxable","18":"shipping-taxable","19":"purchasable","20":"product-type-simple"},"_links":{"self":[{"href":"https:\/\/bigbuy.tupique.com\/pt\/wp-json\/wp\/v2\/product\/58725","targetHints":{"allow":["GET"]}}],"collection":[{"href":"https:\/\/bigbuy.tupique.com\/pt\/wp-json\/wp\/v2\/product"}],"about":[{"href":"https:\/\/bigbuy.tupique.com\/pt\/wp-json\/wp\/v2\/types\/product"}],"replies":[{"embeddable":true,"href":"https:\/\/bigbuy.tupique.com\/pt\/wp-json\/wp\/v2\/comments?post=58725"}],"wp:featuredmedia":[{"embeddable":true,"href":"https:\/\/bigbuy.tupique.com\/pt\/wp-json\/wp\/v2\/media\/58723"}],"wp:attachment":[{"href":"https:\/\/bigbuy.tupique.com\/pt\/wp-json\/wp\/v2\/media?parent=58725"}],"wp:term":[{"taxonomy":"product_brand","embeddable":true,"href":"https:\/\/bigbuy.tupique.com\/pt\/wp-json\/wp\/v2\/product_brand?post=58725"},{"taxonomy":"product_cat","embeddable":true,"href":"https:\/\/bigbuy.tupique.com\/pt\/wp-json\/wp\/v2\/product_cat?post=58725"},{"taxonomy":"product_tag","embeddable":true,"href":"https:\/\/bigbuy.tupique.com\/pt\/wp-json\/wp\/v2\/product_tag?post=58725"}],"curies":[{"name":"wp","href":"https:\/\/api.w.org\/{rel}","templated":true}]}}