{"id":58722,"date":"2026-04-01T14:14:38","date_gmt":"2026-04-01T13:14:38","guid":{"rendered":"https:\/\/bigbuy.tupique.com\/produto\/glass-ceramic-hob-teka-vitroceramicas-60-cm-60-cm\/"},"modified":"2026-04-14T23:37:58","modified_gmt":"2026-04-14T22:37:58","slug":"glass-ceramic-hob-teka-vitroceramicas-60-cm-60-cm","status":"publish","type":"product","link":"https:\/\/bigbuy.tupique.com\/pt\/produto\/glass-ceramic-hob-teka-vitroceramicas-60-cm-60-cm\/","title":{"rendered":"Plaques Vitro-C\u00e9ramiques Teka VITROCERAMICAS 60 cm 60 cm"},"content":{"rendered":"<p>Si vous pensez r\u00e9nover votre cuisine, achetez <b>Plaques Vitro-C\u00e9ramiques Teka VITROCERAMICAS 60 cm 60 cm<\/b> et d\u00b4autres <b>produits Teka<\/b> !<\/p>\n<ul>\n<li>Couleur: Noir<\/li>\n<li>Largeur: 60 cm<\/li>\n<li>Caract\u00e9ristiques:\n<ul>\n<li>Verrouillage pour enfants<\/li>\n<li>\u00c9cran integr\u00e9<\/li>\n<li>Commande tactile<\/li>\n<\/ul>\n<\/li>\n<li>Zones de cuisson: 3<\/li>\n<li>diam\u00e8tre approx.: \u00d8 18 cm<\/li>\n<li>Arr\u00eat Automatique: Oui<\/li>\n<li>Type:\n<ul>\n<li>C\u00e9ramique<\/li>\n<li>Plaques Vitro-C\u00e9ramiques<\/li>\n<li>Int\u00e9gr\u00e9<\/li>\n<\/ul>\n<\/li>\n<li>Dimensions approx.: 60 cm<\/li>\n<li>S\u00e9curit\u00e9: Oui<\/li>\n<li>Bloc d\u2019Alimentation:\n<ul>\n<li>Lumi\u00e8re<\/li>\n<li>\u00c9lectrique<\/li>\n<li>C\u00e2ble \u00e9lectrique<\/li>\n<\/ul>\n<\/li>\n<li>Touch Control<\/li>\n<li>puissance: 4750 W<\/li>\n<li>Mat\u00e9riel: Vitroc\u00e9ramique<\/li>\n<li>Produit \u00e0 brancher: Oui<\/li>\n<li>Type de prise: Prise EU<\/li>\n<li>Fonctions: Minuterie<\/li>\n<li>Tension: 230 V<\/li>\n<li>Inclut: Ecran<\/li>\n<li>Type de commande: Tactile<\/li>\n<li>Produit fragile: Oui<\/li>\n<\/ul>","protected":false},"excerpt":{"rendered":"<p>Si vous pensez r\u00e9nover votre cuisine, achetez Plaques Vitro-C\u00e9ramiques Teka VITROCERAMICAS 60 cm 60 cm et d\u00b4autres produits Teka ! Couleur: Noir Largeur: 60 cm Caract\u00e9ristiques: Verrouillage pour enfants \u00c9cran integr\u00e9 Commande tactile Zones de cuisson: 3 diam\u00e8tre approx.: \u00d8 18 cm Arr\u00eat Automatique: Oui Type: C\u00e9ramique Plaques Vitro-C\u00e9ramiques Int\u00e9gr\u00e9 Dimensions approx.: 60 cm S\u00e9curit\u00e9: [&hellip;]<\/p>\n","protected":false},"featured_media":58721,"comment_status":"open","ping_status":"closed","template":"","meta":[],"product_brand":[667],"product_cat":[60,77,78],"product_tag":[55,56],"class_list":{"0":"post-58722","1":"product","2":"type-product","3":"status-publish","4":"has-post-thumbnail","6":"product_brand-brandp_1172","7":"product_cat-cuisine-gourmet","8":"product_cat-petit-electromenager","9":"product_cat-plaques-de-cuisson","10":"product_tag-tag_926","11":"product_tag-tag_930","13":"first","14":"instock","15":"taxable","16":"shipping-taxable","17":"purchasable","18":"product-type-simple"},"_links":{"self":[{"href":"https:\/\/bigbuy.tupique.com\/pt\/wp-json\/wp\/v2\/product\/58722","targetHints":{"allow":["GET"]}}],"collection":[{"href":"https:\/\/bigbuy.tupique.com\/pt\/wp-json\/wp\/v2\/product"}],"about":[{"href":"https:\/\/bigbuy.tupique.com\/pt\/wp-json\/wp\/v2\/types\/product"}],"replies":[{"embeddable":true,"href":"https:\/\/bigbuy.tupique.com\/pt\/wp-json\/wp\/v2\/comments?post=58722"}],"wp:featuredmedia":[{"embeddable":true,"href":"https:\/\/bigbuy.tupique.com\/pt\/wp-json\/wp\/v2\/media\/58721"}],"wp:attachment":[{"href":"https:\/\/bigbuy.tupique.com\/pt\/wp-json\/wp\/v2\/media?parent=58722"}],"wp:term":[{"taxonomy":"product_brand","embeddable":true,"href":"https:\/\/bigbuy.tupique.com\/pt\/wp-json\/wp\/v2\/product_brand?post=58722"},{"taxonomy":"product_cat","embeddable":true,"href":"https:\/\/bigbuy.tupique.com\/pt\/wp-json\/wp\/v2\/product_cat?post=58722"},{"taxonomy":"product_tag","embeddable":true,"href":"https:\/\/bigbuy.tupique.com\/pt\/wp-json\/wp\/v2\/product_tag?post=58722"}],"curies":[{"name":"wp","href":"https:\/\/api.w.org\/{rel}","templated":true}]}}