{"id":58647,"date":"2026-04-01T14:04:07","date_gmt":"2026-04-01T13:04:07","guid":{"rendered":"https:\/\/bigbuy.tupique.com\/produto\/conventional-hood-balay-3bt267mx-metal-60-cm\/"},"modified":"2026-04-15T00:12:51","modified_gmt":"2026-04-14T23:12:51","slug":"conventional-hood-balay-3bt267mx-metal-60-cm","status":"publish","type":"product","link":"https:\/\/bigbuy.tupique.com\/pt\/produto\/conventional-hood-balay-3bt267mx-metal-60-cm\/","title":{"rendered":"Hotte standard Balay 3BT267MX m\u00e9tallique (60 cm)"},"content":{"rendered":"<p>Si vous pensez r\u00e9nover votre cuisine, achetez <b>Hotte standard Balay 3BT267MX m\u00e9tallique (60 cm)<\/b> et d\u00b4autres <b>produits Balay<\/b> !<\/p>\n<ul>\n<li>Largeur: 60 cm<\/li>\n<li>Classification \u00e9nerg\u00e9tique: A<\/li>\n<li>Couleur:\n<ul>\n<li>Acier<\/li>\n<li>m\u00e9tallique<\/li>\n<\/ul>\n<\/li>\n<li>Produit \u00e0 brancher: Oui<\/li>\n<li>Type de prise: Prise EU<\/li>\n<li>Type: Hotte standard<\/li>\n<li>Capacit\u00e9 d\u2019extraction: 740 m3\/h<\/li>\n<li>Bloc d\u2019Alimentation: r\u00e9seau \u00e9lectrique<\/li>\n<li>puissance: 140 W<\/li>\n<li>Type d&#8217;ampoule: LED<\/li>\n<li>Type de commande: Boutons<\/li>\n<li>Niveau sonore:\n<ul>\n<li>41 dB<\/li>\n<li>14 dB<\/li>\n<\/ul>\n<\/li>\n<li>Filtre:\n<ul>\n<li>Acier inoxydable<\/li>\n<li>Lavable<\/li>\n<\/ul>\n<\/li>\n<li>Mati\u00e8re: Acier<\/li>\n<li>Poids: 10 kg<\/li>\n<\/ul>","protected":false},"excerpt":{"rendered":"<p>Si vous pensez r\u00e9nover votre cuisine, achetez Hotte standard Balay 3BT267MX m\u00e9tallique (60 cm) et d\u00b4autres produits Balay ! Largeur: 60 cm Classification \u00e9nerg\u00e9tique: A Couleur: Acier m\u00e9tallique Produit \u00e0 brancher: Oui Type de prise: Prise EU Type: Hotte standard Capacit\u00e9 d\u2019extraction: 740 m3\/h Bloc d\u2019Alimentation: r\u00e9seau \u00e9lectrique puissance: 140 W Type d&#8217;ampoule: LED Type [&hellip;]<\/p>\n","protected":false},"featured_media":58645,"comment_status":"open","ping_status":"closed","template":"","meta":[],"product_brand":[114],"product_cat":[60,61,62],"product_tag":[56],"class_list":{"0":"post-58647","1":"product","2":"type-product","3":"status-publish","4":"has-post-thumbnail","6":"product_brand-brandp_1251","7":"product_cat-cuisine-gourmet","8":"product_cat-equipement-de-cuisine","9":"product_cat-hottes-de-cuisine","10":"product_tag-tag_930","12":"first","13":"instock","14":"taxable","15":"shipping-taxable","16":"purchasable","17":"product-type-simple"},"_links":{"self":[{"href":"https:\/\/bigbuy.tupique.com\/pt\/wp-json\/wp\/v2\/product\/58647","targetHints":{"allow":["GET"]}}],"collection":[{"href":"https:\/\/bigbuy.tupique.com\/pt\/wp-json\/wp\/v2\/product"}],"about":[{"href":"https:\/\/bigbuy.tupique.com\/pt\/wp-json\/wp\/v2\/types\/product"}],"replies":[{"embeddable":true,"href":"https:\/\/bigbuy.tupique.com\/pt\/wp-json\/wp\/v2\/comments?post=58647"}],"wp:featuredmedia":[{"embeddable":true,"href":"https:\/\/bigbuy.tupique.com\/pt\/wp-json\/wp\/v2\/media\/58645"}],"wp:attachment":[{"href":"https:\/\/bigbuy.tupique.com\/pt\/wp-json\/wp\/v2\/media?parent=58647"}],"wp:term":[{"taxonomy":"product_brand","embeddable":true,"href":"https:\/\/bigbuy.tupique.com\/pt\/wp-json\/wp\/v2\/product_brand?post=58647"},{"taxonomy":"product_cat","embeddable":true,"href":"https:\/\/bigbuy.tupique.com\/pt\/wp-json\/wp\/v2\/product_cat?post=58647"},{"taxonomy":"product_tag","embeddable":true,"href":"https:\/\/bigbuy.tupique.com\/pt\/wp-json\/wp\/v2\/product_tag?post=58647"}],"curies":[{"name":"wp","href":"https:\/\/api.w.org\/{rel}","templated":true}]}}