{"id":58574,"date":"2026-04-01T13:53:37","date_gmt":"2026-04-01T12:53:37","guid":{"rendered":"https:\/\/bigbuy.tupique.com\/produto\/scanner-canon-0651c003-30-ppm\/"},"modified":"2026-04-15T00:12:19","modified_gmt":"2026-04-14T23:12:19","slug":"scanner-canon-0651c003-30-ppm","status":"publish","type":"product","link":"https:\/\/bigbuy.tupique.com\/pt\/produto\/scanner-canon-0651c003-30-ppm\/","title":{"rendered":"Scanner Canon 0651C003 30 ppm"},"content":{"rendered":"<p>Si vous \u00eates passionn\u00e9 d&#8217;<b>informatique et d&#8217;\u00e9lectronique<\/b>, si vous \u00eates \u00e0 la pointe de la technologie et qu&#8217;aucun d\u00e9tail ne vous \u00e9chappe, achetez <b>Scanner Canon 0651C003 30 ppm<\/b> au meilleur prix.<\/p>\n<ul>\n<li>Compatible:\n<ul>\n<li>ISIS,TWAIN<\/li>\n<li>PC<\/li>\n<\/ul>\n<\/li>\n<li>Type:\n<ul>\n<li>Scanner Double Face<\/li>\n<li>Scanner<\/li>\n<\/ul>\n<\/li>\n<li>Produit \u00e0 brancher: Oui<\/li>\n<li>Type de prise: Prise EU<\/li>\n<li>Bloc d\u2019Alimentation:\n<ul>\n<li>r\u00e9seau \u00e9lectrique<\/li>\n<li>CA<\/li>\n<\/ul>\n<\/li>\n<li>Couleur: Noir<\/li>\n<li>Taille: A4<\/li>\n<li>Connexions:\n<ul>\n<li>USB 2.0<\/li>\n<li>USB<\/li>\n<\/ul>\n<\/li>\n<li>R\u00e9solution d&#8217;image maximale: 600 x 600 dpi<\/li>\n<li>vitesse: 30 ppm<\/li>\n<li>Tension d&#8217;entr\u00e9e AC: 100 &#8211; 240 V<\/li>\n<li>\u00c9cran integr\u00e9: Non<\/li>\n<li>Connectivit\u00e9: Bluetooth<\/li>\n<li>Scanner: 600 x 600 dpi<\/li>\n<li>Fr\u00e9quence: 50 &#8211; 60 Hz<\/li>\n<li>Papier: A4<\/li>\n<li>Caract\u00e9ristiques: Scanner Double Face<\/li>\n<li>Tension: 100 &#8211; 240 V<\/li>\n<li>Pr\u00e9cision (humidit\u00e9 relative): 20 % &#8211; 80 %<\/li>\n<\/ul>","protected":false},"excerpt":{"rendered":"<p>Si vous \u00eates passionn\u00e9 d&#8217;informatique et d&#8217;\u00e9lectronique, si vous \u00eates \u00e0 la pointe de la technologie et qu&#8217;aucun d\u00e9tail ne vous \u00e9chappe, achetez Scanner Canon 0651C003 30 ppm au meilleur prix. Compatible: ISIS,TWAIN PC Type: Scanner Double Face Scanner Produit \u00e0 brancher: Oui Type de prise: Prise EU Bloc d\u2019Alimentation: r\u00e9seau \u00e9lectrique CA Couleur: Noir [&hellip;]<\/p>\n","protected":false},"featured_media":58571,"comment_status":"open","ping_status":"closed","template":"","meta":[],"product_brand":[637],"product_cat":[65,581,587],"product_tag":[213,106],"class_list":{"0":"post-58574","1":"product","2":"type-product","3":"status-publish","4":"has-post-thumbnail","6":"product_brand-brandp_539","7":"product_cat-informatique-electronique","8":"product_cat-informatique-peripheriques-et-consommables","9":"product_cat-scanners","10":"product_tag-tag_933","11":"product_tag-tag_1295","13":"first","14":"instock","15":"taxable","16":"shipping-taxable","17":"purchasable","18":"product-type-simple"},"_links":{"self":[{"href":"https:\/\/bigbuy.tupique.com\/pt\/wp-json\/wp\/v2\/product\/58574","targetHints":{"allow":["GET"]}}],"collection":[{"href":"https:\/\/bigbuy.tupique.com\/pt\/wp-json\/wp\/v2\/product"}],"about":[{"href":"https:\/\/bigbuy.tupique.com\/pt\/wp-json\/wp\/v2\/types\/product"}],"replies":[{"embeddable":true,"href":"https:\/\/bigbuy.tupique.com\/pt\/wp-json\/wp\/v2\/comments?post=58574"}],"wp:featuredmedia":[{"embeddable":true,"href":"https:\/\/bigbuy.tupique.com\/pt\/wp-json\/wp\/v2\/media\/58571"}],"wp:attachment":[{"href":"https:\/\/bigbuy.tupique.com\/pt\/wp-json\/wp\/v2\/media?parent=58574"}],"wp:term":[{"taxonomy":"product_brand","embeddable":true,"href":"https:\/\/bigbuy.tupique.com\/pt\/wp-json\/wp\/v2\/product_brand?post=58574"},{"taxonomy":"product_cat","embeddable":true,"href":"https:\/\/bigbuy.tupique.com\/pt\/wp-json\/wp\/v2\/product_cat?post=58574"},{"taxonomy":"product_tag","embeddable":true,"href":"https:\/\/bigbuy.tupique.com\/pt\/wp-json\/wp\/v2\/product_tag?post=58574"}],"curies":[{"name":"wp","href":"https:\/\/api.w.org\/{rel}","templated":true}]}}