{"id":58187,"date":"2026-04-01T12:24:33","date_gmt":"2026-04-01T11:24:33","guid":{"rendered":"https:\/\/bigbuy.tupique.com\/produto\/smartphone-xiaomi-poco-f7p-12-512-sv-667-octa-core-12-gb-ram-512-gb-silver\/"},"modified":"2026-05-11T19:55:35","modified_gmt":"2026-05-11T17:55:35","slug":"smartphone-xiaomi-poco-f7p-12-512-sv-667-octa-core-12-gb-ram-512-gb-silver","status":"publish","type":"product","link":"https:\/\/bigbuy.tupique.com\/pt\/produto\/smartphone-xiaomi-poco-f7p-12-512-sv-667-octa-core-12-gb-ram-512-gb-silver\/","title":{"rendered":"Smartphone Xiaomi POCO F7P 12-512 SV 6,67&#8243; Octa Core 12 GB RAM 512 GB Argent\u00e9"},"content":{"rendered":"<p>Si vous \u00eates \u00e0 la recherche de nouvelles tendances sur le march\u00e9, nous vous pr\u00e9sentons <b>Smartphone Xiaomi POCO F7P 12-512 SV 6,67&#8243; Octa Core 12 GB RAM 512 GB Argent\u00e9<\/b> !<\/p>\n<p>Le <b>POCO F7P 12-512 SV<\/b> de Poco est un <b>smartphone<\/b> avanc\u00e9 qui offre une combinaison remarquable de puissance et de polyvalence, id\u00e9al pour ceux qui recherchent un appareil dot\u00e9 d\u2019une grande capacit\u00e9 et de performances solides au quotidien. \u00c9quip\u00e9 de <b>12 Go de RAM<\/b> et d\u2019une g\u00e9n\u00e9reuse <b>capacit\u00e9 de stockage de 512 Go<\/b>, il assure une ex\u00e9cution fluide des applications exigeantes, un multit\u00e2che efficace et suffisamment d\u2019espace pour stocker de nombreuses photos, vid\u00e9os et documents. Son <b>\u00e9cran tactile de 6,67 pouces<\/b> offre une exp\u00e9rience visuelle large et immersive, parfaite pour profiter de contenus multim\u00e9dias, travailler ou jouer sur mobile, tandis que le design en <b>argent\u00e9<\/b> apporte une touche \u00e9l\u00e9gante et contemporaine. Il dispose d\u2019un appareil photo principal de <b>20 m\u00e9gapixels<\/b>, id\u00e9al pour capturer des images et des vid\u00e9os avec une bonne r\u00e9solution et de nombreux d\u00e9tails dans diff\u00e9rentes conditions, ainsi que la prise en charge de la langue <b>espagnole<\/b> et du syst\u00e8me d\u2019exploitation <b>Android<\/b>, garantissant compatibilit\u00e9 et facilit\u00e9 d\u2019utilisation pour une exp\u00e9rience intuitive et personnalis\u00e9e. Les connexions modernes via <b>USB-C<\/b> permettent une charge rapide et un transfert de donn\u00e9es efficace, renfor\u00e7ant la fonctionnalit\u00e9 pratique de ce mod\u00e8le. Le POCO F7P 12-512 SV est con\u00e7u pour les utilisateurs qui privil\u00e9gient la vitesse, le stockage et un grand \u00e9cran dans un appareil moderne et fiable, s\u2019imposant comme une option comp\u00e9titive dans le segment milieu-haut de gamme des smartphones.<\/p>\n<ul>\n<li>Type de prise: Prise EU<\/li>\n<li>Type: Smartphone<\/li>\n<li>Produit \u00e0 brancher: Oui<\/li>\n<li>Couleur: Argent\u00e9<\/li>\n<li>Processeur:\n<ul>\n<li>Octa Core<\/li>\n<li>SNAPDRAGON 8 gen 3<\/li>\n<\/ul>\n<\/li>\n<li>Connectivit\u00e9:\n<ul>\n<li>NFC<\/li>\n<li>BeiDou<\/li>\n<li>Bluetooth<\/li>\n<li>Wi-Fi<\/li>\n<li>Wi-Fi 6 GHz<\/li>\n<li>GPS<\/li>\n<li>Wi-Fi 5 GHz<\/li>\n<li>Galileo<\/li>\n<li>4G<\/li>\n<li>nano SIM<\/li>\n<li>WI-FI 7<\/li>\n<li>Bluetooth 5.4<\/li>\n<li>5G<\/li>\n<\/ul>\n<\/li>\n<li>Cam\u00e9ra\/Appareil Photo:\n<ul>\n<li>50 Mp<\/li>\n<li>20 mpx<\/li>\n<\/ul>\n<\/li>\n<li>R\u00e9solution (px):\n<ul>\n<li>1080 px<\/li>\n<li>1920 x 1080 px<\/li>\n<li>3200 X 1440 PX<\/li>\n<\/ul>\n<\/li>\n<li>Caract\u00e9ristiques:\n<ul>\n<li>St\u00e9r\u00e9o<\/li>\n<li>Lecteur d&#8217;empreintes<\/li>\n<li>Chargement rapide<\/li>\n<li>Vibration<\/li>\n<li>HDR<\/li>\n<li>Boussole \u00e9lectronique<\/li>\n<li>HDR10+<\/li>\n<li>Ecran tactile<\/li>\n<\/ul>\n<\/li>\n<li>Bloc d\u2019Alimentation: r\u00e9seau \u00e9lectrique<\/li>\n<li>Acc\u00e9l\u00e9rom\u00e8tre: Oui<\/li>\n<li>Noyaux: 8<\/li>\n<li>GPS: Oui<\/li>\n<li>Glonass: Oui<\/li>\n<li>Classification IP: IP68<\/li>\n<li>Gyroscope: Oui<\/li>\n<li>Connexions:\n<ul>\n<li>Dual SIM<\/li>\n<li>USB-C<\/li>\n<\/ul>\n<\/li>\n<li>\u00c9tui de protection: Oui<\/li>\n<li>Type de m\u00e9moire: LPDDR5X<\/li>\n<li>Inclut: C\u00e2ble USB-C<\/li>\n<li>Poids approx.: 206 g<\/li>\n<li>Classification \u00e9nerg\u00e9tique: A<\/li>\n<li>Ecran:\n<ul>\n<li>6,9&#8243;<\/li>\n<li>6,67&#8243;<\/li>\n<\/ul>\n<\/li>\n<li>Diagonale de l&#8217;\u00e9cran (cm):\n<ul>\n<li>17,5 cm<\/li>\n<li>16,9 cm<\/li>\n<\/ul>\n<\/li>\n<li>Technologie: AMOLED<\/li>\n<li>Capacit\u00e9 de la batterie: 6000 mAh<\/li>\n<li>Syst\u00e8me d&#8217;exploitation: Android<\/li>\n<li>puissance: 90 W<\/li>\n<li>M\u00e9moire RAM: 12 GB RAM<\/li>\n<li>M\u00e9moire interne: 512 GB<\/li>\n<li>Langue: Espagnol<\/li>\n<li>R\u00e9solution: 1080 p<\/li>\n<li>Fr\u00e9quence: 120 Hz<\/li>\n<\/ul>","protected":false},"excerpt":{"rendered":"<p>Si vous \u00eates \u00e0 la recherche de nouvelles tendances sur le march\u00e9, nous vous pr\u00e9sentons Smartphone Xiaomi POCO F7P 12-512 SV 6,67&#8243; Octa Core 12 GB RAM 512 GB Argent\u00e9 ! Le POCO F7P 12-512 SV de Poco est un smartphone avanc\u00e9 qui offre une combinaison remarquable de puissance et de polyvalence, id\u00e9al pour ceux [&hellip;]<\/p>\n","protected":false},"featured_media":58176,"comment_status":"open","ping_status":"closed","template":"","meta":[],"product_brand":[525],"product_cat":[575,65,960],"product_tag":[213,566,106],"class_list":{"0":"post-58187","1":"product","2":"type-product","3":"status-publish","4":"has-post-thumbnail","6":"product_brand-brandp_1269","7":"product_cat-electronique-telephonie-et-tablettes","8":"product_cat-informatique-electronique","9":"product_cat-telephones-portables","10":"product_tag-tag_933","11":"product_tag-tag_547","12":"product_tag-tag_1295","14":"first","15":"instock","16":"taxable","17":"shipping-taxable","18":"purchasable","19":"product-type-simple"},"_links":{"self":[{"href":"https:\/\/bigbuy.tupique.com\/pt\/wp-json\/wp\/v2\/product\/58187","targetHints":{"allow":["GET"]}}],"collection":[{"href":"https:\/\/bigbuy.tupique.com\/pt\/wp-json\/wp\/v2\/product"}],"about":[{"href":"https:\/\/bigbuy.tupique.com\/pt\/wp-json\/wp\/v2\/types\/product"}],"replies":[{"embeddable":true,"href":"https:\/\/bigbuy.tupique.com\/pt\/wp-json\/wp\/v2\/comments?post=58187"}],"wp:featuredmedia":[{"embeddable":true,"href":"https:\/\/bigbuy.tupique.com\/pt\/wp-json\/wp\/v2\/media\/58176"}],"wp:attachment":[{"href":"https:\/\/bigbuy.tupique.com\/pt\/wp-json\/wp\/v2\/media?parent=58187"}],"wp:term":[{"taxonomy":"product_brand","embeddable":true,"href":"https:\/\/bigbuy.tupique.com\/pt\/wp-json\/wp\/v2\/product_brand?post=58187"},{"taxonomy":"product_cat","embeddable":true,"href":"https:\/\/bigbuy.tupique.com\/pt\/wp-json\/wp\/v2\/product_cat?post=58187"},{"taxonomy":"product_tag","embeddable":true,"href":"https:\/\/bigbuy.tupique.com\/pt\/wp-json\/wp\/v2\/product_tag?post=58187"}],"curies":[{"name":"wp","href":"https:\/\/api.w.org\/{rel}","templated":true}]}}