{"id":58011,"date":"2026-04-01T11:54:13","date_gmt":"2026-04-01T10:54:13","guid":{"rendered":"https:\/\/bigbuy.tupique.com\/produto\/switch-zyxel-rgs200-12p-zz0101f\/"},"modified":"2026-04-15T01:26:27","modified_gmt":"2026-04-15T00:26:27","slug":"switch-zyxel-rgs200-12p-zz0101f","status":"publish","type":"product","link":"https:\/\/bigbuy.tupique.com\/pt\/produto\/switch-zyxel-rgs200-12p-zz0101f\/","title":{"rendered":"Switch ZyXEL RGS200-12P-ZZ0101F"},"content":{"rendered":"<p>Si vous \u00eates passionn\u00e9 d&#8217;<b>informatique et d&#8217;\u00e9lectronique<\/b>, si vous \u00eates \u00e0 la pointe de la technologie et qu&#8217;aucun d\u00e9tail ne vous \u00e9chappe, achetez <b>Switch ZyXEL RGS200-12P-ZZ0101F  <\/b> au meilleur prix.<\/p>\n<p>Le <b>ZyXEL RGS200-12P<\/b> est un <b>switch manageable<\/b> de niveau professionnel con\u00e7u pour offrir une connectivit\u00e9 robuste et flexible dans des environnements exigeants, tels que les infrastructures industrielles ou les syst\u00e8mes de vid\u00e9osurveillance. Ce commutateur de <b>couche 2<\/b> dispose de <b>8 ports RJ-45 Gigabit Ethernet (10\/100\/1000)<\/b>, permettant une transmission efficace de grands volumes de donn\u00e9es avec une <b>capacit\u00e9 de commutation de 24 Gbit\/s<\/b> et la prise en charge du <b>Full duplex<\/b>. Il int\u00e8gre des fonctionnalit\u00e9s avanc\u00e9es comme <b>l\u2019alimentation par Ethernet (PoE)<\/b>, facilitant l\u2019alimentation des appareils compatibles via le c\u00e2ble r\u00e9seau, ce qui simplifie l\u2019installation et r\u00e9duit le besoin de prises \u00e9lectriques suppl\u00e9mentaires. Son <b>bo\u00eetier m\u00e9tallique noir<\/b> et sa compatibilit\u00e9 pour un montage mural ou en rack (<b>multi-support<\/b>) offrent polyvalence et r\u00e9sistance, s\u2019adaptant aussi bien aux salles techniques qu\u2019aux environnements industriels. Il prend en charge des normes r\u00e9seau essentielles telles que <b>IEEE 802.1Q, IEEE 802.1D<\/b> et d\u2019autres, assurant la compatibilit\u00e9 avec une large gamme d\u2019\u00e9quipements et de topologies r\u00e9seau. La <b>table d\u2019adresses MAC jusqu\u2019\u00e0 8000 entr\u00e9es<\/b> garantit une gestion efficace du trafic, tandis que sa large plage de tension d\u2019entr\u00e9e DC (12 &#8211; 58 V) offre une flexibilit\u00e9 face \u00e0 diff\u00e9rentes sources d\u2019alimentation. Le ZyXEL RGS200-12P est une solution fiable et adaptable pour ceux qui recherchent un switch manageable performant et facile \u00e0 int\u00e9grer dans des r\u00e9seaux critiques.<\/p>\n<ul>\n<li>Connexions:\n<ul>\n<li>RJ45<\/li>\n<li>8<\/li>\n<li>Ethernet LAN<\/li>\n<li>rj45 x 8<\/li>\n<\/ul>\n<\/li>\n<li>Produit \u00e0 brancher: Oui<\/li>\n<li>Type de prise: Prise EU<\/li>\n<li>Type: Switch<\/li>\n<li>Bloc d\u2019Alimentation: r\u00e9seau \u00e9lectrique<\/li>\n<li>Couleur: Noir<\/li>\n<li>Mati\u00e8re: M\u00e9tal<\/li>\n<li>Caract\u00e9ristiques:\n<ul>\n<li>Montage mural<\/li>\n<li>Plug and play<\/li>\n<\/ul>\n<\/li>\n<li>Support: Multisupport<\/li>\n<li>N\u00b0 de rainures: 4<\/li>\n<li>Classification IP: IP30<\/li>\n<li>puissance: 240 W<\/li>\n<li>S\u00e9curit\u00e9: IGMP<\/li>\n<\/ul>\n<p><\/p>\n<p>Zyxel RGS200-12P. Type de commutateur: G\u00e9r\u00e9, Banc de commutateurs: L2. Type de port Ethernet RJ-45 de commutation de base: Gigabit Ethernet (10\/100\/1000), Quantit\u00e9 de ports Ethernet RJ-45 de commutation de base: 8. Full duplex. R\u00e9pertoire MAC: 8000 entr\u00e9es, Capacit\u00e9 de commutation: 24 Gbit\/s. Standards r\u00e9seau: IEEE 802.1D,IEEE 802.1Q,IEEE 802.1ab,IEEE 802.1p,IEEE 802.1s,IEEE 802.1w,IEEE 802.3,IEEE&#8230;. Voltage d&#8217;entr\u00e9e DC: 12 &#8211; 58 V. Connexion Ethernet, supportant l&#8217;alimentation via ce port (PoE). Montage mural, Grille de montage<\/p>\n<p><\/p>\n<ul>\n<li>Type de commutateur: G\u00e9r\u00e9<\/li>\n<li>Banc de commutateurs: L2<\/li>\n<li>Qualit\u00e9 de service (QoS): Oui<\/li>\n<li>Gestion bas\u00e9e sur le web: Oui<\/li>\n<li>Inspection ARP: Oui<\/li>\n<li>Journal des \u00e9v\u00e9nements du syst\u00e8me: Oui<\/li>\n<li>Support MIB: RFC 2233 IF MIB, RFC1213 MIB II, RFC 1757 RMON 1\/2\/3\/9, RFC1215, RFC1493, RFC 2674, LLDP-EXT-MED MIB<\/li>\n<li>Quantit\u00e9 de ports Ethernet RJ-45 de commutation de base: 8<\/li>\n<li>Type de port Ethernet RJ-45 de commutation de base: Gigabit Ethernet (10\/100\/1000)<\/li>\n<li>Quantit\u00e9 d&#8217;emplacements de modules SFP: 4<\/li>\n<li>Connecteur de fibre optique: SFP<\/li>\n<li>Standards r\u00e9seau: IEEE 802.1D,IEEE 802.1Q,IEEE 802.1ab,IEEE 802.1p,IEEE 802.1s,IEEE 802.1w,IEEE 802.3,IEEE 802.3ab,IEEE 802.3ad,IEEE 802.3af,IEEE 802.3at,IEEE 802.3u,IEEE 802.3x,IEEE 802.3z<\/li>\n<li>Soutien 10G: Non<\/li>\n<li>Technologie de c\u00e2blage Ethernet cuivre: 10BASE-T,100BASE-TX,1000BASE-T<\/li>\n<li>Port mirroring (Mise en miroir des ports): Oui<\/li>\n<li>Full duplex: Oui<\/li>\n<li>Assistance contr\u00f4le des flux: Oui<\/li>\n<li>Agr\u00e9gation de lien: Oui<\/li>\n<li>Contr\u00f4le Broadcast storm: Oui<\/li>\n<li>Limitation du d\u00e9bit: Oui<\/li>\n<li>N\u00e9gociation automatique: Oui<\/li>\n<li>Support VLAN: Oui<\/li>\n<li>Fonctions LAN virtuelles: Tagged VLAN<\/li>\n<li>Nombre de VLANs: 1024<\/li>\n<li>Technologie de c\u00e2blage Ethernet sur fibre: 1000BASE-X<\/li>\n<li>Distance de transmission (max): 40 km<\/li>\n<li>R\u00e9pertoire MAC: 8000 entr\u00e9es<\/li>\n<li>Capacit\u00e9 de commutation: 24 Gbit\/s<\/li>\n<li>D\u00e9bit: 17,86 Mpps<\/li>\n<li>Enregistrement-et-r\u00e9\u00e9mission: Oui<\/li>\n<li>Nombre de files: 8<\/li>\n<li>Support de trames \u00e9tendues (Jumbo Frames): Oui<\/li>\n<li>Trames g\u00e9antes: 9000<\/li>\n<li>M\u00e9moire cache de paquet: 0,5 Mo<\/li>\n<li>Liste de contr\u00f4le d&#8217;acc\u00e8s (ACL): Oui<\/li>\n<li>Filtrage IGMP: Oui<\/li>\n<li>Algorithme de s\u00e9curit\u00e9 soutenu: 802.1x RADIUS,HTTPS,SNMP,SSH-2<\/li>\n<li>Filtrage d&#8217;adresse MAC: Oui<\/li>\n<li>Support SSH\/SSL: Oui<\/li>\n<li>Authentification: Guest VLAN, Authentification par l&#8217;adresse MAC, Authentification sur port<\/li>\n<li>Support \u00e0 la multidifusion: Oui<\/li>\n<li>Grille de montage: Oui<\/li>\n<li>Couleur du produit: Noir<\/li>\n<li>Mat\u00e9riau du bo\u00eetier\/corps: M\u00e9tal<\/li>\n<li>Code (IP) Internationale Protection: IP30<\/li>\n<li>Montage mural: Oui<\/li>\n<li>Montage des rails DIN: Oui<\/li>\n<li>Micrologiciel \u00e9volutif: Oui<\/li>\n<li>Taille du buffer: 512 Ko<\/li>\n<li>Plug and Play: Oui<\/li>\n<li>Temps moyen entre pannes: 568430 h<\/li>\n<li>Voltage d&#8217;entr\u00e9e DC: 12 &#8211; 58 V<\/li>\n<li>Consommation (max): 255 W<\/li>\n<li>Connexion Ethernet, supportant l&#8217;alimentation via ce port (PoE): Oui<\/li>\n<li>Quantit\u00e9 de ports Power Over Ethernet plus (PoE+): 8<\/li>\n<li>Budget Total Power over Ethernet (PoE): 240 W<\/li>\n<li>Temp\u00e9rature d&#8217;op\u00e9ration: -40 &#8211; 75 \u00b0C<\/li>\n<li>Temp\u00e9rature hors fonctionnement: -40 &#8211; 85 \u00b0C<\/li>\n<li>Humidit\u00e9 relative de fonctionnement (H-H): 5 &#8211; 95%<\/li>\n<li>Taux d&#8217;humidit\u00e9 relative (stockage): 5 &#8211; 90%<\/li>\n<li>Dissipation thermique: 86955 BTU\/h<\/li>\n<li>Largeur: 77 mm<\/li>\n<li>Profondeur: 127,3 mm<\/li>\n<li>Hauteur: 154 mm<\/li>\n<li>Poids: 1,45 kg<\/li>\n<li>Kit de montage mural: Oui<\/li>\n<li>Kit de montage en rack: Oui<\/li>\n<li>Largeur du colis: 133 mm<\/li>\n<li>Profondeur du colis: 192 mm<\/li>\n<li>Hauteur du colis: 238 mm<\/li>\n<li>Poids du paquet: 1,9 kg<\/li>\n<li>Tension d&#8217;entr\u00e9e: 12 &#8211; 58 V<\/li>\n<\/ul>","protected":false},"excerpt":{"rendered":"<p>Si vous \u00eates passionn\u00e9 d&#8217;informatique et d&#8217;\u00e9lectronique, si vous \u00eates \u00e0 la pointe de la technologie et qu&#8217;aucun d\u00e9tail ne vous \u00e9chappe, achetez Switch ZyXEL RGS200-12P-ZZ0101F au meilleur prix. Le ZyXEL RGS200-12P est un switch manageable de niveau professionnel con\u00e7u pour offrir une connectivit\u00e9 robuste et flexible dans des environnements exigeants, tels que les infrastructures [&hellip;]<\/p>\n","protected":false},"featured_media":58010,"comment_status":"open","ping_status":"closed","template":"","meta":[],"product_brand":[648],"product_cat":[65,584,585],"product_tag":[106],"class_list":{"0":"post-58011","1":"product","2":"type-product","3":"status-publish","4":"has-post-thumbnail","6":"product_brand-brandp_669","7":"product_cat-informatique-electronique","8":"product_cat-informatique-reseaux-et-composants","9":"product_cat-switch","10":"product_tag-tag_1295","12":"first","13":"instock","14":"taxable","15":"shipping-taxable","16":"purchasable","17":"product-type-simple"},"_links":{"self":[{"href":"https:\/\/bigbuy.tupique.com\/pt\/wp-json\/wp\/v2\/product\/58011","targetHints":{"allow":["GET"]}}],"collection":[{"href":"https:\/\/bigbuy.tupique.com\/pt\/wp-json\/wp\/v2\/product"}],"about":[{"href":"https:\/\/bigbuy.tupique.com\/pt\/wp-json\/wp\/v2\/types\/product"}],"replies":[{"embeddable":true,"href":"https:\/\/bigbuy.tupique.com\/pt\/wp-json\/wp\/v2\/comments?post=58011"}],"wp:featuredmedia":[{"embeddable":true,"href":"https:\/\/bigbuy.tupique.com\/pt\/wp-json\/wp\/v2\/media\/58010"}],"wp:attachment":[{"href":"https:\/\/bigbuy.tupique.com\/pt\/wp-json\/wp\/v2\/media?parent=58011"}],"wp:term":[{"taxonomy":"product_brand","embeddable":true,"href":"https:\/\/bigbuy.tupique.com\/pt\/wp-json\/wp\/v2\/product_brand?post=58011"},{"taxonomy":"product_cat","embeddable":true,"href":"https:\/\/bigbuy.tupique.com\/pt\/wp-json\/wp\/v2\/product_cat?post=58011"},{"taxonomy":"product_tag","embeddable":true,"href":"https:\/\/bigbuy.tupique.com\/pt\/wp-json\/wp\/v2\/product_tag?post=58011"}],"curies":[{"name":"wp","href":"https:\/\/api.w.org\/{rel}","templated":true}]}}