{"id":58004,"date":"2026-04-01T11:54:04","date_gmt":"2026-04-01T10:54:04","guid":{"rendered":"https:\/\/bigbuy.tupique.com\/produto\/switch-netgear-gsm4212ux-100eus\/"},"modified":"2026-04-14T23:39:44","modified_gmt":"2026-04-14T22:39:44","slug":"switch-netgear-gsm4212ux-100eus","status":"publish","type":"product","link":"https:\/\/bigbuy.tupique.com\/pt\/produto\/switch-netgear-gsm4212ux-100eus\/","title":{"rendered":"Switch Netgear GSM4212UX-100EUS"},"content":{"rendered":"<p>Si vous \u00eates passionn\u00e9 d&#8217;<b>informatique et d&#8217;\u00e9lectronique<\/b>, si vous \u00eates \u00e0 la pointe de la technologie et qu&#8217;aucun d\u00e9tail ne vous \u00e9chappe, achetez <b>Switch Netgear GSM4212UX-100EUS<\/b> au meilleur prix.<\/p>\n<p>Le <b>switch<\/b> manageable <b>NETGEAR M4250-10G2XF-PoE++<\/b> mod\u00e8le <b>GSM4212UX-100EUS<\/b> est un appareil professionnel destin\u00e9 aux r\u00e9seaux d\u2019entreprise n\u00e9cessitant haute performance et flexibilit\u00e9 dans la gestion du trafic. Avec un design robuste en <b>bo\u00eetier m\u00e9tallique noir<\/b> et un format <b>1U pour montage en rack<\/b>, ce switch offre une capacit\u00e9 de commutation de <b>60 Gbit\/s<\/b> et une table d\u2019adresses MAC supportant <b>16 000 entr\u00e9es<\/b>, garantissant efficacit\u00e9 et \u00e9volutivit\u00e9 dans les r\u00e9seaux complexes. Il dispose de <b>10 ports RJ-45 Ethernet Gigabit (10\/100\/1000 Mbps)<\/b> avec mode duplex int\u00e9gral pour am\u00e9liorer la transmission simultan\u00e9e des donn\u00e9es. De plus, il int\u00e8gre le support <b>PoE++ (Power over Ethernet)<\/b>, permettant d\u2019alimenter des appareils connect\u00e9s comme des t\u00e9l\u00e9phones IP ou des cam\u00e9ras de s\u00e9curit\u00e9 via les c\u00e2bles Ethernet, simplifiant l\u2019installation et r\u00e9duisant le c\u00e2blage. Cette solution est compatible avec plusieurs normes r\u00e9seau avanc\u00e9es, notamment IEEE 802.1D, 802.1Q pour VLAN, 802.1w et 802.1s pour les protocoles de redondance et gestion, ainsi que IEEE 802.3ad pour l\u2019agr\u00e9gation de liens, favorisant une gestion efficace du trafic et la s\u00e9curit\u00e9 r\u00e9seau. Gr\u00e2ce \u00e0 ses <b>2 Go de m\u00e9moire<\/b> interne et ses fonctionnalit\u00e9s multi-support, il peut g\u00e9rer des configurations complexes sans sacrifier stabilit\u00e9 ni vitesse. L\u2019\u00e9quipement fonctionne sous alimentation <b>220 V<\/b>, adapt\u00e9 aux environnements professionnels standards, combinant une structure solide avec des technologies haut de gamme optimisant performance et polyvalence. En r\u00e9sum\u00e9, le NETGEAR GSM4212UX-100EUS constitue une option fiable pour les infrastructures r\u00e9seau exigeant gestion avanc\u00e9e, capacit\u00e9 PoE et fiabilit\u00e9 op\u00e9rationnelle dans un format compact.<\/p>\n<ul>\n<li>Largeur: 44 cm<\/li>\n<li>Connexions:\n<ul>\n<li>RJ45<\/li>\n<li>8<\/li>\n<li>PoE<\/li>\n<li>Ethernet LAN<\/li>\n<\/ul>\n<\/li>\n<li>Produit \u00e0 brancher: Oui<\/li>\n<li>Type de prise: Prise EU<\/li>\n<li>Type: Switch<\/li>\n<li>Bloc d\u2019Alimentation: r\u00e9seau \u00e9lectrique<\/li>\n<li>Couleur: Noir<\/li>\n<li>Mati\u00e8re: M\u00e9tal<\/li>\n<li>Support: Multisupport<\/li>\n<li>Tension: 220 V<\/li>\n<li>N\u00b0 de rainures: 2<\/li>\n<li>Ports: 2<\/li>\n<li>Processeur: ARM Cortex A9<\/li>\n<li>Facteur de forme: 1U<\/li>\n<li>Pr\u00e9cision (humidit\u00e9 relative): 0 % &#8211; 90 %<\/li>\n<li>Temp\u00e9rature approximative: &#8211; 20\u00baC \/ 70\u00b0C<\/li>\n<li>S\u00e9curit\u00e9: IGMP<\/li>\n<li>Profondeur: 20 cm<\/li>\n<li>M\u00e9moire RAM: 2 GB<\/li>\n<\/ul>","protected":false},"excerpt":{"rendered":"<p>Si vous \u00eates passionn\u00e9 d&#8217;informatique et d&#8217;\u00e9lectronique, si vous \u00eates \u00e0 la pointe de la technologie et qu&#8217;aucun d\u00e9tail ne vous \u00e9chappe, achetez Switch Netgear GSM4212UX-100EUS au meilleur prix. Le switch manageable NETGEAR M4250-10G2XF-PoE++ mod\u00e8le GSM4212UX-100EUS est un appareil professionnel destin\u00e9 aux r\u00e9seaux d\u2019entreprise n\u00e9cessitant haute performance et flexibilit\u00e9 dans la gestion du trafic. Avec [&hellip;]<\/p>\n","protected":false},"featured_media":58002,"comment_status":"open","ping_status":"closed","template":"","meta":[],"product_brand":[633],"product_cat":[65,584,585],"product_tag":[106],"class_list":{"0":"post-58004","1":"product","2":"type-product","3":"status-publish","4":"has-post-thumbnail","6":"product_brand-brandp_567","7":"product_cat-informatique-electronique","8":"product_cat-informatique-reseaux-et-composants","9":"product_cat-switch","10":"product_tag-tag_1295","12":"first","13":"instock","14":"taxable","15":"shipping-taxable","16":"purchasable","17":"product-type-simple"},"_links":{"self":[{"href":"https:\/\/bigbuy.tupique.com\/pt\/wp-json\/wp\/v2\/product\/58004","targetHints":{"allow":["GET"]}}],"collection":[{"href":"https:\/\/bigbuy.tupique.com\/pt\/wp-json\/wp\/v2\/product"}],"about":[{"href":"https:\/\/bigbuy.tupique.com\/pt\/wp-json\/wp\/v2\/types\/product"}],"replies":[{"embeddable":true,"href":"https:\/\/bigbuy.tupique.com\/pt\/wp-json\/wp\/v2\/comments?post=58004"}],"wp:featuredmedia":[{"embeddable":true,"href":"https:\/\/bigbuy.tupique.com\/pt\/wp-json\/wp\/v2\/media\/58002"}],"wp:attachment":[{"href":"https:\/\/bigbuy.tupique.com\/pt\/wp-json\/wp\/v2\/media?parent=58004"}],"wp:term":[{"taxonomy":"product_brand","embeddable":true,"href":"https:\/\/bigbuy.tupique.com\/pt\/wp-json\/wp\/v2\/product_brand?post=58004"},{"taxonomy":"product_cat","embeddable":true,"href":"https:\/\/bigbuy.tupique.com\/pt\/wp-json\/wp\/v2\/product_cat?post=58004"},{"taxonomy":"product_tag","embeddable":true,"href":"https:\/\/bigbuy.tupique.com\/pt\/wp-json\/wp\/v2\/product_tag?post=58004"}],"curies":[{"name":"wp","href":"https:\/\/api.w.org\/{rel}","templated":true}]}}