{"id":57888,"date":"2026-04-01T10:53:54","date_gmt":"2026-04-01T09:53:54","guid":{"rendered":"https:\/\/bigbuy.tupique.com\/produto\/router-zyxel-usgflex100hp-eu0101f-rj45-rj45-x-8\/"},"modified":"2026-04-15T03:32:32","modified_gmt":"2026-04-15T02:32:32","slug":"router-zyxel-usgflex100hp-eu0101f-rj45-rj45-x-8","status":"publish","type":"product","link":"https:\/\/bigbuy.tupique.com\/pt\/produto\/router-zyxel-usgflex100hp-eu0101f-rj45-rj45-x-8\/","title":{"rendered":"Router ZyXEL USGFLEX100HP-EU0101F RJ45 rj45 x 8"},"content":{"rendered":"<p>Si vous \u00eates passionn\u00e9 d&#8217;<b>informatique et d&#8217;\u00e9lectronique<\/b>, si vous \u00eates \u00e0 la pointe de la technologie et qu&#8217;aucun d\u00e9tail ne vous \u00e9chappe, achetez <b>Router ZyXEL USGFLEX100HP-EU0101F RJ45 rj45 x 8<\/b> au meilleur prix.<\/p>\n<p>Le <b>routeur Zyxel USG Flex 100HP-EU0101F<\/b> est un appareil con\u00e7u pour offrir une connectivit\u00e9 robuste et s\u00e9curis\u00e9e dans des environnements professionnels n\u00e9cessitant des performances r\u00e9seau \u00e9lev\u00e9es. Ce <b>routeur<\/b> filaire se distingue par sa gestion efficace du trafic et sa s\u00e9curit\u00e9 gr\u00e2ce \u00e0 un d\u00e9bit pare-feu allant jusqu\u2019\u00e0 <b>3 Gbit\/s<\/b>, compl\u00e9t\u00e9 par une performance VPN de <b>750 Mbit\/s<\/b> en trafic mixte (IMIX) et une vitesse de d\u00e9tection d\u2019intrusions (IPS\/IDS) de <b>1500 Mbit\/s<\/b>. Il dispose de plusieurs options de connexion, dont <b>8 ports RJ45 Ethernet LAN<\/b> gigabit et <b>2 ports USB 3.2<\/b> permettant d\u2019\u00e9tendre ses fonctionnalit\u00e9s via des p\u00e9riph\u00e9riques compatibles. Le routeur est aliment\u00e9 en <b>19 V DC<\/b> avec une consommation maximale de <b>51,2 W<\/b>, affichant une grande fiabilit\u00e9 avec un MTBF sup\u00e9rieur \u00e0 550 000 heures, garantissant sa durabilit\u00e9 en milieu professionnel exigeant. Sa compatibilit\u00e9 avec des protocoles VPN avanc\u00e9s tels que <b>IKEv2, IPSec et SSL<\/b> assure des connexions s\u00e9curis\u00e9es et flexibles pour les utilisateurs distants, avec une console d\u2019administration accessible via un port <b>RJ-45<\/b> pour la configuration locale. Son bo\u00eetier <b>noir<\/b> allie discr\u00e9tion et design fonctionnel, id\u00e9al pour une int\u00e9gration en rack ou dans les infrastructures IT. La technologie Ethernet LAN garantit une vitesse stable jusqu\u2019\u00e0 <b>1000 Mbit\/s<\/b>, adapt\u00e9e au flux de donn\u00e9es de plusieurs utilisateurs et applications critiques dans des environnements d\u2019entreprise ou de bureaux moyens. En r\u00e9sum\u00e9, le <b>Zyxel USG Flex 100HP-EU0101F<\/b> est une solution r\u00e9seau fiable et performante, particuli\u00e8rement recommand\u00e9e pour les organisations n\u00e9cessitant une infrastructure s\u00e9curis\u00e9e, performante et riche en options de connectivit\u00e9 filaire.<\/p>\n<ul>\n<li>Produit \u00e0 brancher: Oui<\/li>\n<li>Type de prise: Prise EU<\/li>\n<li>Type:\n<ul>\n<li>Router<\/li>\n<li>Avec fil<\/li>\n<\/ul>\n<\/li>\n<li>Bloc d\u2019Alimentation:\n<ul>\n<li>r\u00e9seau \u00e9lectrique<\/li>\n<li>Avec fil<\/li>\n<\/ul>\n<\/li>\n<li>Connexions:\n<ul>\n<li>RJ45<\/li>\n<li>rj45 x 8<\/li>\n<li>USB 3.2<\/li>\n<\/ul>\n<\/li>\n<li>Couleur: Noir<\/li>\n<li>Tension: 19 V<\/li>\n<li>Ports: 2<\/li>\n<li>Connectivit\u00e9: Ethernet LAN<\/li>\n<li>Largeur: 21 cm<\/li>\n<li>Plage d&#8217;humidit\u00e9 de travail: 10 % &#8211; 90 %<\/li>\n<\/ul>","protected":false},"excerpt":{"rendered":"<p>Si vous \u00eates passionn\u00e9 d&#8217;informatique et d&#8217;\u00e9lectronique, si vous \u00eates \u00e0 la pointe de la technologie et qu&#8217;aucun d\u00e9tail ne vous \u00e9chappe, achetez Router ZyXEL USGFLEX100HP-EU0101F RJ45 rj45 x 8 au meilleur prix. Le routeur Zyxel USG Flex 100HP-EU0101F est un appareil con\u00e7u pour offrir une connectivit\u00e9 robuste et s\u00e9curis\u00e9e dans des environnements professionnels n\u00e9cessitant [&hellip;]<\/p>\n","protected":false},"featured_media":57886,"comment_status":"open","ping_status":"closed","template":"","meta":[],"product_brand":[648],"product_cat":[65,584,612],"product_tag":[106],"class_list":{"0":"post-57888","1":"product","2":"type-product","3":"status-publish","4":"has-post-thumbnail","6":"product_brand-brandp_669","7":"product_cat-informatique-electronique","8":"product_cat-informatique-reseaux-et-composants","9":"product_cat-routeurs-et-modems","10":"product_tag-tag_1295","12":"first","13":"instock","14":"taxable","15":"shipping-taxable","16":"purchasable","17":"product-type-simple"},"_links":{"self":[{"href":"https:\/\/bigbuy.tupique.com\/pt\/wp-json\/wp\/v2\/product\/57888","targetHints":{"allow":["GET"]}}],"collection":[{"href":"https:\/\/bigbuy.tupique.com\/pt\/wp-json\/wp\/v2\/product"}],"about":[{"href":"https:\/\/bigbuy.tupique.com\/pt\/wp-json\/wp\/v2\/types\/product"}],"replies":[{"embeddable":true,"href":"https:\/\/bigbuy.tupique.com\/pt\/wp-json\/wp\/v2\/comments?post=57888"}],"wp:featuredmedia":[{"embeddable":true,"href":"https:\/\/bigbuy.tupique.com\/pt\/wp-json\/wp\/v2\/media\/57886"}],"wp:attachment":[{"href":"https:\/\/bigbuy.tupique.com\/pt\/wp-json\/wp\/v2\/media?parent=57888"}],"wp:term":[{"taxonomy":"product_brand","embeddable":true,"href":"https:\/\/bigbuy.tupique.com\/pt\/wp-json\/wp\/v2\/product_brand?post=57888"},{"taxonomy":"product_cat","embeddable":true,"href":"https:\/\/bigbuy.tupique.com\/pt\/wp-json\/wp\/v2\/product_cat?post=57888"},{"taxonomy":"product_tag","embeddable":true,"href":"https:\/\/bigbuy.tupique.com\/pt\/wp-json\/wp\/v2\/product_tag?post=57888"}],"curies":[{"name":"wp","href":"https:\/\/api.w.org\/{rel}","templated":true}]}}