{"id":57877,"date":"2026-04-01T10:53:40","date_gmt":"2026-04-01T09:53:40","guid":{"rendered":"https:\/\/bigbuy.tupique.com\/produto\/switch-d-link-dgs-3130-54ps-e\/"},"modified":"2026-04-15T00:49:41","modified_gmt":"2026-04-14T23:49:41","slug":"switch-d-link-dgs-3130-54ps-e","status":"publish","type":"product","link":"https:\/\/bigbuy.tupique.com\/pt\/produto\/switch-d-link-dgs-3130-54ps-e\/","title":{"rendered":"Switch D-Link DGS-3130-54PS\/E"},"content":{"rendered":"<p>Si vous \u00eates passionn\u00e9 d&#8217;<b>informatique et d&#8217;\u00e9lectronique<\/b>, si vous \u00eates \u00e0 la pointe de la technologie et qu&#8217;aucun d\u00e9tail ne vous \u00e9chappe, achetez <b>Switch D-Link DGS-3130-54PS\/E<\/b> au meilleur prix.<\/p>\n<p>Le <b>D-Link DGS-3130-54PS\/E<\/b> est un <b>switch manageable<\/b> haute performance con\u00e7u pour les environnements professionnels et r\u00e9seaux avanc\u00e9s, fonctionnant en <b>couche 3<\/b> pour offrir des capacit\u00e9s de routage en plus de la commutation. Il dispose de <b>48 ports RJ-45 Gigabit Ethernet (10\/100\/1000 Mbps)<\/b>, assurant une connectivit\u00e9 stable et rapide pour de nombreux appareils simultan\u00e9s, ainsi que de la connectivit\u00e9 <b>PoE (Power over Ethernet)<\/b>, permettant d\u2019alimenter directement les appareils compatibles via le c\u00e2ble Ethernet, simplifiant et optimisant ainsi l\u2019infrastructure r\u00e9seau. Il int\u00e8gre \u00e9galement des <b>ports SFP+<\/b> pour des liaisons fibre optique \u00e0 haute vitesse ou des connexions longue distance, ainsi qu\u2019un <b>port USB 2.0<\/b> facilitant la gestion et la configuration via des outils externes. Sa capacit\u00e9 de commutation atteint <b>216 Gbit\/s<\/b>, garantissant un trafic efficace sans goulots d\u2019\u00e9tranglement, et il dispose d\u2019une table d\u2019adresses MAC avec <b>16 384 entr\u00e9es<\/b> pour g\u00e9rer un grand nombre d\u2019appareils connect\u00e9s. Le mod\u00e8le supporte une large gamme de normes r\u00e9seau IEEE, incluant <b>802.1D (Spanning Tree)<\/b>, <b>802.1Q (\u00e9tiquetage VLAN)<\/b>, <b>802.1W (Rapid Spanning Tree)<\/b>, <b>802.1X (authentification r\u00e9seau)<\/b>, entre autres, assurant compatibilit\u00e9 et s\u00e9curit\u00e9 dans des environnements complexes et h\u00e9t\u00e9rog\u00e8nes. Son bo\u00eetier robuste en <b>polycarbonate gris<\/b> permet \u00e9galement le <b>montage en rack<\/b>, facilitant son int\u00e9gration physique dans les installations IT. Le switch est \u00e9quip\u00e9 d\u2019un port console <b>RJ-45<\/b> pour une administration directe, tandis que son alimentation se fait via un <b>connecteur AC-in<\/b>. Cet \u00e9quipement offre fiabilit\u00e9, contr\u00f4le avanc\u00e9 et flexibilit\u00e9 pour la gestion des r\u00e9seaux d\u2019entreprise et des centres de donn\u00e9es n\u00e9cessitant de hautes performances et la prise en charge de multiples protocoles. Le DGS-3130-54PS\/E se positionne comme une solution professionnelle pour une infrastructure r\u00e9seau privil\u00e9giant efficacit\u00e9, s\u00e9curit\u00e9 et \u00e9volutivit\u00e9.<\/p>\n<ul>\n<li>Produit \u00e0 brancher: Oui<\/li>\n<li>Type:\n<ul>\n<li>Switch<\/li>\n<li>Empilable<\/li>\n<\/ul>\n<\/li>\n<li>Type de prise: Prise EU<\/li>\n<li>Bloc d\u2019Alimentation: r\u00e9seau \u00e9lectrique<\/li>\n<li>Couleur: Gris<\/li>\n<li>Connexions:\n<ul>\n<li>USB 2.0<\/li>\n<li>RJ45<\/li>\n<li>RJ45 x 48<\/li>\n<li>SFP+<\/li>\n<li>PoE<\/li>\n<li>Ethernet LAN<\/li>\n<\/ul>\n<\/li>\n<li>Tension:\n<ul>\n<li>100-240 V<\/li>\n<li>100 &#8211; 240 V<\/li>\n<\/ul>\n<\/li>\n<li>Ventillateur: 4<\/li>\n<li>Fr\u00e9quence:\n<ul>\n<li>50-60 Hz<\/li>\n<li>50 &#8211; 60 Hz<\/li>\n<\/ul>\n<\/li>\n<li>Niveau sonore: 56 dB<\/li>\n<li>Mati\u00e8re: Polycarbonate<\/li>\n<li>Support: Multisupport<\/li>\n<li>N\u00b0 de rainures: 4<\/li>\n<li>puissance: 370 W<\/li>\n<li>Caract\u00e9ristiques:\n<ul>\n<li>T\u00e9moin de fonctionnement LED<\/li>\n<li>Protection des donn\u00e9es\/mot de passe<\/li>\n<\/ul>\n<\/li>\n<li>\u00c2ge recommand\u00e9: Adultes<\/li>\n<li>Largeur: 44 cm<\/li>\n<li>Plage d&#8217;humidit\u00e9 de travail: 10 % &#8211; 90 %<\/li>\n<li>Temp\u00e9rature approximative: -40\u00ba \/ 70\u00ba<\/li>\n<li>S\u00e9curit\u00e9: IGMP<\/li>\n<\/ul>","protected":false},"excerpt":{"rendered":"<p>Si vous \u00eates passionn\u00e9 d&#8217;informatique et d&#8217;\u00e9lectronique, si vous \u00eates \u00e0 la pointe de la technologie et qu&#8217;aucun d\u00e9tail ne vous \u00e9chappe, achetez Switch D-Link DGS-3130-54PS\/E au meilleur prix. Le D-Link DGS-3130-54PS\/E est un switch manageable haute performance con\u00e7u pour les environnements professionnels et r\u00e9seaux avanc\u00e9s, fonctionnant en couche 3 pour offrir des capacit\u00e9s de [&hellip;]<\/p>\n","protected":false},"featured_media":57875,"comment_status":"open","ping_status":"closed","template":"","meta":[],"product_brand":[640],"product_cat":[65,584,585],"product_tag":[106],"class_list":{"0":"post-57877","1":"product","2":"type-product","3":"status-publish","4":"has-post-thumbnail","6":"product_brand-brandp_543","7":"product_cat-informatique-electronique","8":"product_cat-informatique-reseaux-et-composants","9":"product_cat-switch","10":"product_tag-tag_1295","12":"first","13":"instock","14":"taxable","15":"shipping-taxable","16":"purchasable","17":"product-type-simple"},"_links":{"self":[{"href":"https:\/\/bigbuy.tupique.com\/pt\/wp-json\/wp\/v2\/product\/57877","targetHints":{"allow":["GET"]}}],"collection":[{"href":"https:\/\/bigbuy.tupique.com\/pt\/wp-json\/wp\/v2\/product"}],"about":[{"href":"https:\/\/bigbuy.tupique.com\/pt\/wp-json\/wp\/v2\/types\/product"}],"replies":[{"embeddable":true,"href":"https:\/\/bigbuy.tupique.com\/pt\/wp-json\/wp\/v2\/comments?post=57877"}],"wp:featuredmedia":[{"embeddable":true,"href":"https:\/\/bigbuy.tupique.com\/pt\/wp-json\/wp\/v2\/media\/57875"}],"wp:attachment":[{"href":"https:\/\/bigbuy.tupique.com\/pt\/wp-json\/wp\/v2\/media?parent=57877"}],"wp:term":[{"taxonomy":"product_brand","embeddable":true,"href":"https:\/\/bigbuy.tupique.com\/pt\/wp-json\/wp\/v2\/product_brand?post=57877"},{"taxonomy":"product_cat","embeddable":true,"href":"https:\/\/bigbuy.tupique.com\/pt\/wp-json\/wp\/v2\/product_cat?post=57877"},{"taxonomy":"product_tag","embeddable":true,"href":"https:\/\/bigbuy.tupique.com\/pt\/wp-json\/wp\/v2\/product_tag?post=57877"}],"curies":[{"name":"wp","href":"https:\/\/api.w.org\/{rel}","templated":true}]}}