{"id":57874,"date":"2026-04-01T10:53:36","date_gmt":"2026-04-01T09:53:36","guid":{"rendered":"https:\/\/bigbuy.tupique.com\/produto\/switch-d-link-dgs-1250-52x-e\/"},"modified":"2026-04-15T00:14:10","modified_gmt":"2026-04-14T23:14:10","slug":"switch-d-link-dgs-1250-52x-e","status":"publish","type":"product","link":"https:\/\/bigbuy.tupique.com\/pt\/produto\/switch-d-link-dgs-1250-52x-e\/","title":{"rendered":"Switch D-Link DGS-1250-52X\/E"},"content":{"rendered":"<p>Si vous \u00eates passionn\u00e9 d&#8217;<b>informatique et d&#8217;\u00e9lectronique<\/b>, si vous \u00eates \u00e0 la pointe de la technologie et qu&#8217;aucun d\u00e9tail ne vous \u00e9chappe, achetez <b>Switch D-Link DGS-1250-52X\/E<\/b> au meilleur prix.<\/p>\n<p>Le <b>switch<\/b> manageable <b>D-Link DGS-1250-52X\/E<\/b> est un \u00e9quipement professionnel con\u00e7u pour des r\u00e9seaux n\u00e9cessitant une grande capacit\u00e9 de connexion et une flexibilit\u00e9 avanc\u00e9e. Il dispose de <b>52 ports<\/b> au total, dont <b>48 ports RJ-45<\/b> supportant des vitesses de <b>10\/100\/1000 Mbps<\/b>, offrant des connexions Ethernet fiables et polyvalentes pour divers appareils dans un r\u00e9seau d\u2019entreprise ou un centre de donn\u00e9es. Il int\u00e8gre \u00e9galement des <b>ports SFP+<\/b> permettant des connexions fibre optique \u00e0 haut d\u00e9bit, id\u00e9ales pour les liaisons rapides et sur longues distances, facilitant l\u2019int\u00e9gration dans des infrastructures mixtes cuivre et fibre. Son design <b>noir<\/b> et son format compatible montage en rack le rendent adapt\u00e9 aux salles serveurs ou armoires de communication, garantissant une installation ordonn\u00e9e et professionnelle. Ce mod\u00e8le offre des fonctions avanc\u00e9es de gestion propres aux switches manag\u00e9s, telles que la configuration personnalis\u00e9e, les VLAN, la QoS (qualit\u00e9 de service) pour prioriser le trafic et optimiser les performances des applications critiques, ainsi que le support des protocoles de couche 2 et 3, am\u00e9liorant le contr\u00f4le et la s\u00e9curit\u00e9 du r\u00e9seau. L\u2019alimentation avec prise europ\u00e9enne assure une compatibilit\u00e9 simple avec les installations \u00e9lectriques standard. En r\u00e9sum\u00e9, le D-Link DGS-1250-52X\/E est une solution robuste et \u00e9volutive combinant haute densit\u00e9 de ports et capacit\u00e9s avanc\u00e9es de gestion, con\u00e7ue pour des r\u00e9seaux exigeants n\u00e9cessitant stabilit\u00e9, rapidit\u00e9 et flexibilit\u00e9 de connexion. Ce switch constitue un choix id\u00e9al pour les entreprises et projets technologiques cherchant \u00e0 consolider une infrastructure r\u00e9seau fiable et performante.<\/p>\n<ul>\n<li>Type: Switch<\/li>\n<li>Ports: 52<\/li>\n<li>Produit \u00e0 brancher: Oui<\/li>\n<li>Type de prise: Prise EU<\/li>\n<li>Bloc d\u2019Alimentation: r\u00e9seau \u00e9lectrique<\/li>\n<li>Couleur: Noir<\/li>\n<li>Connexions:\n<ul>\n<li>RJ45<\/li>\n<li>RJ45 x 48<\/li>\n<\/ul>\n<\/li>\n<li>Tension: 100-240 V<\/li>\n<li>M\u00e9moire Flash: 64 MB<\/li>\n<\/ul>","protected":false},"excerpt":{"rendered":"<p>Si vous \u00eates passionn\u00e9 d&#8217;informatique et d&#8217;\u00e9lectronique, si vous \u00eates \u00e0 la pointe de la technologie et qu&#8217;aucun d\u00e9tail ne vous \u00e9chappe, achetez Switch D-Link DGS-1250-52X\/E au meilleur prix. Le switch manageable D-Link DGS-1250-52X\/E est un \u00e9quipement professionnel con\u00e7u pour des r\u00e9seaux n\u00e9cessitant une grande capacit\u00e9 de connexion et une flexibilit\u00e9 avanc\u00e9e. Il dispose de [&hellip;]<\/p>\n","protected":false},"featured_media":57873,"comment_status":"open","ping_status":"closed","template":"","meta":[],"product_brand":[640],"product_cat":[65,584,585],"product_tag":[106],"class_list":{"0":"post-57874","1":"product","2":"type-product","3":"status-publish","4":"has-post-thumbnail","6":"product_brand-brandp_543","7":"product_cat-informatique-electronique","8":"product_cat-informatique-reseaux-et-composants","9":"product_cat-switch","10":"product_tag-tag_1295","12":"first","13":"instock","14":"taxable","15":"shipping-taxable","16":"purchasable","17":"product-type-simple"},"_links":{"self":[{"href":"https:\/\/bigbuy.tupique.com\/pt\/wp-json\/wp\/v2\/product\/57874","targetHints":{"allow":["GET"]}}],"collection":[{"href":"https:\/\/bigbuy.tupique.com\/pt\/wp-json\/wp\/v2\/product"}],"about":[{"href":"https:\/\/bigbuy.tupique.com\/pt\/wp-json\/wp\/v2\/types\/product"}],"replies":[{"embeddable":true,"href":"https:\/\/bigbuy.tupique.com\/pt\/wp-json\/wp\/v2\/comments?post=57874"}],"wp:featuredmedia":[{"embeddable":true,"href":"https:\/\/bigbuy.tupique.com\/pt\/wp-json\/wp\/v2\/media\/57873"}],"wp:attachment":[{"href":"https:\/\/bigbuy.tupique.com\/pt\/wp-json\/wp\/v2\/media?parent=57874"}],"wp:term":[{"taxonomy":"product_brand","embeddable":true,"href":"https:\/\/bigbuy.tupique.com\/pt\/wp-json\/wp\/v2\/product_brand?post=57874"},{"taxonomy":"product_cat","embeddable":true,"href":"https:\/\/bigbuy.tupique.com\/pt\/wp-json\/wp\/v2\/product_cat?post=57874"},{"taxonomy":"product_tag","embeddable":true,"href":"https:\/\/bigbuy.tupique.com\/pt\/wp-json\/wp\/v2\/product_tag?post=57874"}],"curies":[{"name":"wp","href":"https:\/\/api.w.org\/{rel}","templated":true}]}}