{"id":55808,"date":"2026-03-31T16:23:46","date_gmt":"2026-03-31T15:23:46","guid":{"rendered":"https:\/\/bigbuy.tupique.com\/produto\/hair-dressing-set-montibello-silaplex-3-pieces\/"},"modified":"2026-04-15T05:48:55","modified_gmt":"2026-04-15T04:48:55","slug":"hair-dressing-set-montibello-silaplex-3-pieces","status":"publish","type":"product","link":"https:\/\/bigbuy.tupique.com\/pt\/produto\/hair-dressing-set-montibello-silaplex-3-pieces\/","title":{"rendered":"Assortiment pour cheveux Montibello Silaplex 3 Pi\u00e8ces"},"content":{"rendered":"<p>Vous voulez rehausser votre beaut&eacute; ou changer de look ? <b>Assortiment pour cheveux Montibello Silaplex 3 Pi\u00e8ces<\/b> est ce qu&#8217;il vous faut ! Profitez d&egrave;s maintenant de nos <b>produits Montibello<\/b>&nbsp;et de tous nos autres <b>accessoires de coiffure de marque 100 % authentiques<\/b>&nbsp;!<\/p>\n<ul>\n<li>Type:\n<ul>\n<li>Coiffure<\/li>\n<li>Traitement Capillaire<\/li>\n<\/ul>\n<\/li>\n<li>Nombre de pi\u00e8ces: 3 Pi\u00e8ces<\/li>\n<li>Genre: Unisexe<\/li>\n<li>Utilisation recommand\u00e9e: Cheveux trait\u00e9s chimiquement<\/li>\n<\/ul>","protected":false},"excerpt":{"rendered":"<p>Vous voulez rehausser votre beaut&eacute; ou changer de look ? Assortiment pour cheveux Montibello Silaplex 3 Pi\u00e8ces est ce qu&#8217;il vous faut ! Profitez d&egrave;s maintenant de nos produits Montibello&nbsp;et de tous nos autres accessoires de coiffure de marque 100 % authentiques&nbsp;! Type: Coiffure Traitement Capillaire Nombre de pi\u00e8ces: 3 Pi\u00e8ces Genre: Unisexe Utilisation recommand\u00e9e: [&hellip;]<\/p>\n","protected":false},"featured_media":55805,"comment_status":"open","ping_status":"closed","template":"","meta":[],"product_brand":[1493],"product_cat":[753,1492,752],"product_tag":[722],"class_list":{"0":"post-55808","1":"product","2":"type-product","3":"status-publish","4":"has-post-thumbnail","6":"product_brand-brandp_4460","7":"product_cat-coiffure","8":"product_cat-masques-et-traitements-capillaires","9":"product_cat-sante-beaute","10":"product_tag-tag_923","12":"first","13":"instock","14":"taxable","15":"shipping-taxable","16":"purchasable","17":"product-type-simple"},"_links":{"self":[{"href":"https:\/\/bigbuy.tupique.com\/pt\/wp-json\/wp\/v2\/product\/55808","targetHints":{"allow":["GET"]}}],"collection":[{"href":"https:\/\/bigbuy.tupique.com\/pt\/wp-json\/wp\/v2\/product"}],"about":[{"href":"https:\/\/bigbuy.tupique.com\/pt\/wp-json\/wp\/v2\/types\/product"}],"replies":[{"embeddable":true,"href":"https:\/\/bigbuy.tupique.com\/pt\/wp-json\/wp\/v2\/comments?post=55808"}],"wp:featuredmedia":[{"embeddable":true,"href":"https:\/\/bigbuy.tupique.com\/pt\/wp-json\/wp\/v2\/media\/55805"}],"wp:attachment":[{"href":"https:\/\/bigbuy.tupique.com\/pt\/wp-json\/wp\/v2\/media?parent=55808"}],"wp:term":[{"taxonomy":"product_brand","embeddable":true,"href":"https:\/\/bigbuy.tupique.com\/pt\/wp-json\/wp\/v2\/product_brand?post=55808"},{"taxonomy":"product_cat","embeddable":true,"href":"https:\/\/bigbuy.tupique.com\/pt\/wp-json\/wp\/v2\/product_cat?post=55808"},{"taxonomy":"product_tag","embeddable":true,"href":"https:\/\/bigbuy.tupique.com\/pt\/wp-json\/wp\/v2\/product_tag?post=55808"}],"curies":[{"name":"wp","href":"https:\/\/api.w.org\/{rel}","templated":true}]}}