{"id":54743,"date":"2026-03-31T09:59:17","date_gmt":"2026-03-31T08:59:17","guid":{"rendered":"https:\/\/bigbuy.tupique.com\/produto\/multifunction-printer-brother-mfcl6710dwre1\/"},"modified":"2026-04-16T13:26:17","modified_gmt":"2026-04-16T12:26:17","slug":"multifunction-printer-brother-mfcl6710dwre1","status":"publish","type":"product","link":"https:\/\/bigbuy.tupique.com\/pt\/produto\/multifunction-printer-brother-mfcl6710dwre1\/","title":{"rendered":"Imprimante Multifonction Brother MFCL6710DWRE1"},"content":{"rendered":"<p>Si vous \u00eates passionn\u00e9 d&#8217;<b>informatique et d&#8217;\u00e9lectronique<\/b>, si vous \u00eates \u00e0 la pointe de la technologie et qu&#8217;aucun d\u00e9tail ne vous \u00e9chappe, achetez <b>Imprimante Multifonction Brother MFCL6710DWRE1<\/b> au meilleur prix.<\/p>\n<p>La <b>Brother MFCL6710DWRE1<\/b> est une <b>imprimante multifonction<\/b> haute performance con\u00e7ue pour les environnements professionnels n\u00e9cessitant un flux de travail efficace et fiable. Dot\u00e9e de la <b>technologie d\u2019impression laser monochrome<\/b>, cette imprimante offre une <b>vitesse d\u2019impression allant jusqu\u2019\u00e0 50 pages par minute<\/b>, facilitant la gestion de gros volumes de documents dans les bureaux et \u00e9quipes de taille moyenne. Elle int\u00e8gre des <b>fonctions tout-en-un<\/b> \u2014 impression, copie, num\u00e9risation et fax \u2014 dans un seul appareil compact de <b>58 cm<\/b> de large, permettant d\u2019optimiser l\u2019espace et de centraliser les t\u00e2ches documentaires. L\u2019<b>\u00e9cran LCD couleur int\u00e9gr\u00e9<\/b> assure une utilisation intuitive et une visualisation claire de toutes les fonctions et options, simplifiant la configuration et l\u2019acc\u00e8s direct aux principales utilit\u00e9s. Gr\u00e2ce \u00e0 l\u2019impression recto verso automatique disponible pour toutes les fonctions, l\u2019efficacit\u00e9 et l\u2019\u00e9conomie de papier sont am\u00e9lior\u00e9es sans compromettre la qualit\u00e9, avec une <b>r\u00e9solution maximale de 1200 x 1200 dpi<\/b> en impression et <b>1200 x 600 dpi en copie<\/b>. La num\u00e9risation prend en charge les documents couleur avec une r\u00e9solution optique de <b>600 x 600 dpi<\/b>, garantissant des num\u00e9risations pr\u00e9cises et nettes. Elle propose une connectivit\u00e9 avanc\u00e9e via r\u00e9seau filaire ou WiFi, permettant une int\u00e9gration flexible dans les environnements de travail collaboratifs et assurant l\u2019accessibilit\u00e9 depuis diff\u00e9rents appareils. Son design en <b>blanc<\/b> et les options d\u2019impression en noir et blanc soulignent son orientation professionnelle, tandis que sa compatibilit\u00e9 avec le papier jusqu\u2019au format A4 est id\u00e9ale pour la gestion quotidienne des documents en entreprise. Cette imprimante multifonction Brother r\u00e9pond aux exigences de productivit\u00e9 et de fiabilit\u00e9 des \u00e9quipes professionnelles recherchant une solution compl\u00e8te et durable pour la gestion documentaire.<\/p>\n<ul>\n<li>Produit \u00e0 brancher: Oui<\/li>\n<li>Type de prise: Prise EU<\/li>\n<li>Type:\n<ul>\n<li>Imprimante Multifonction<\/li>\n<li>Tout en un<\/li>\n<\/ul>\n<\/li>\n<li>Bloc d\u2019Alimentation: r\u00e9seau \u00e9lectrique<\/li>\n<li>Couleur:\n<ul>\n<li>Blanc<\/li>\n<li>Noir<\/li>\n<\/ul>\n<\/li>\n<li>Caract\u00e9ristiques:\n<ul>\n<li>\u00c9cran integr\u00e9<\/li>\n<li>\u00c9cran couleur<\/li>\n<li>\u00c9cran LCD<\/li>\n<li>Impression recto verso<\/li>\n<li>Scanner Double Face<\/li>\n<li>Commande tactile<\/li>\n<\/ul>\n<\/li>\n<li>Connexions:\n<ul>\n<li>Ethernet LAN<\/li>\n<li>USB<\/li>\n<li>USB 2.0 x 2<\/li>\n<li>USB 3.0 x 2<\/li>\n<\/ul>\n<\/li>\n<li>M\u00e9moire interne: 512 MB<\/li>\n<li>R\u00e9solution d&#8217;image maximale:\n<ul>\n<li>600 x 600 dpi<\/li>\n<li>1200 x 1200 dpi<\/li>\n<\/ul>\n<\/li>\n<li>Ecran:\n<ul>\n<li>5&#8221;<\/li>\n<li>5&#8243;<\/li>\n<\/ul>\n<\/li>\n<li>Technologie:\n<ul>\n<li>LCD<\/li>\n<li>Laser<\/li>\n<\/ul>\n<\/li>\n<li>Fr\u00e9quence: 50-60 Hz<\/li>\n<li>Largeur: 58 cm<\/li>\n<li>Connectivit\u00e9:\n<ul>\n<li>Wi-Fi<\/li>\n<li>Ethernet LAN<\/li>\n<\/ul>\n<\/li>\n<li>vitesse:\n<ul>\n<li>20 ppm<\/li>\n<li>50 ppm<\/li>\n<\/ul>\n<\/li>\n<li>Impression couleur: Non<\/li>\n<li>Scanner: 600 x 600 dpi<\/li>\n<li>Papier: A4<\/li>\n<li>Impression recto verso: Automatique<\/li>\n<li>Fr\u00e9quence d&#8217;entr\u00e9e AC: 50-60 Hz<\/li>\n<li>Plateau: 1<\/li>\n<li>Tension: 220-240 V<\/li>\n<li>Capacit\u00e9: 70 Volets<\/li>\n<li>Pr\u00e9cision (humidit\u00e9 relative): 20 % &#8211; 80 %<\/li>\n<li>Utilisation recommand\u00e9e: Maison<\/li>\n<li>M\u00e9t\u00e9o: 6 s<\/li>\n<li>Diagonale de l&#8217;\u00e9cran (cm): 12,7 cm<\/li>\n<\/ul>","protected":false},"excerpt":{"rendered":"<p>Si vous \u00eates passionn\u00e9 d&#8217;informatique et d&#8217;\u00e9lectronique, si vous \u00eates \u00e0 la pointe de la technologie et qu&#8217;aucun d\u00e9tail ne vous \u00e9chappe, achetez Imprimante Multifonction Brother MFCL6710DWRE1 au meilleur prix. La Brother MFCL6710DWRE1 est une imprimante multifonction haute performance con\u00e7ue pour les environnements professionnels n\u00e9cessitant un flux de travail efficace et fiable. Dot\u00e9e de la [&hellip;]<\/p>\n","protected":false},"featured_media":54742,"comment_status":"open","ping_status":"closed","template":"","meta":[],"product_brand":[669],"product_cat":[592,65,581],"product_tag":[213,106],"class_list":{"0":"post-54743","1":"product","2":"type-product","3":"status-publish","4":"has-post-thumbnail","6":"product_brand-brandp_538","7":"product_cat-imprimantes","8":"product_cat-informatique-electronique","9":"product_cat-informatique-peripheriques-et-consommables","10":"product_tag-tag_933","11":"product_tag-tag_1295","13":"first","14":"instock","15":"taxable","16":"shipping-taxable","17":"purchasable","18":"product-type-simple"},"_links":{"self":[{"href":"https:\/\/bigbuy.tupique.com\/pt\/wp-json\/wp\/v2\/product\/54743","targetHints":{"allow":["GET"]}}],"collection":[{"href":"https:\/\/bigbuy.tupique.com\/pt\/wp-json\/wp\/v2\/product"}],"about":[{"href":"https:\/\/bigbuy.tupique.com\/pt\/wp-json\/wp\/v2\/types\/product"}],"replies":[{"embeddable":true,"href":"https:\/\/bigbuy.tupique.com\/pt\/wp-json\/wp\/v2\/comments?post=54743"}],"wp:featuredmedia":[{"embeddable":true,"href":"https:\/\/bigbuy.tupique.com\/pt\/wp-json\/wp\/v2\/media\/54742"}],"wp:attachment":[{"href":"https:\/\/bigbuy.tupique.com\/pt\/wp-json\/wp\/v2\/media?parent=54743"}],"wp:term":[{"taxonomy":"product_brand","embeddable":true,"href":"https:\/\/bigbuy.tupique.com\/pt\/wp-json\/wp\/v2\/product_brand?post=54743"},{"taxonomy":"product_cat","embeddable":true,"href":"https:\/\/bigbuy.tupique.com\/pt\/wp-json\/wp\/v2\/product_cat?post=54743"},{"taxonomy":"product_tag","embeddable":true,"href":"https:\/\/bigbuy.tupique.com\/pt\/wp-json\/wp\/v2\/product_tag?post=54743"}],"curies":[{"name":"wp","href":"https:\/\/api.w.org\/{rel}","templated":true}]}}