{"id":53891,"date":"2026-03-31T07:01:07","date_gmt":"2026-03-31T06:01:07","guid":{"rendered":"https:\/\/bigbuy.tupique.com\/produto\/scanner-brother-ads-4700w-40-ppm\/"},"modified":"2026-04-16T15:55:36","modified_gmt":"2026-04-16T14:55:36","slug":"scanner-brother-ads-4700w-40-ppm","status":"publish","type":"product","link":"https:\/\/bigbuy.tupique.com\/pt\/produto\/scanner-brother-ads-4700w-40-ppm\/","title":{"rendered":"Scanner Brother ADS-4700W 40 ppm"},"content":{"rendered":"<p>Si vous \u00eates passionn\u00e9 d&#8217;<b>informatique et d&#8217;\u00e9lectronique<\/b>, si vous \u00eates \u00e0 la pointe de la technologie et qu&#8217;aucun d\u00e9tail ne vous \u00e9chappe, achetez <b>Scanner Brother ADS-4700W 40 ppm<\/b> au meilleur prix.<\/p>\n<p>Le <b>Brother ADS-4700W<\/b> est un <b>scanner<\/b> professionnel de bureau con\u00e7u pour les environnements n\u00e9cessitant une num\u00e9risation rapide et polyvalente de documents en haute qualit\u00e9. Ce mod\u00e8le propose la <b>num\u00e9risation recto verso automatique<\/b>, atteignant des vitesses allant jusqu\u2019\u00e0 <b>40 pages par minute<\/b> en monochrome ou en couleur en simple face, et jusqu\u2019\u00e0 <b>80 images par minute<\/b> en mode duplex, facilitant la gestion efficace de gros volumes de documents. Compatible avec les ordinateurs <b>PC<\/b> et utilisable via <b>USB<\/b> ou <b>Wi-Fi<\/b>, il s\u2019int\u00e8gre facilement dans des r\u00e9seaux filaires ou sans fil, permettant la num\u00e9risation directe depuis diff\u00e9rents appareils ou via un acc\u00e8s mobile. Il dispose d\u2019un <b>\u00e9cran LCD couleur<\/b> qui simplifie la navigation et l\u2019acc\u00e8s aux fonctions, permettant de g\u00e9rer les profils de num\u00e9risation et de visualiser les informations de fa\u00e7on intuitive. Gr\u00e2ce \u00e0 la technologie <b>Dual CIS (capteur d\u2019image par contact)<\/b> et \u00e0 la matrice LED, il offre une r\u00e9solution optique de <b>600 x 600 ppp<\/b> et une profondeur de couleur jusqu\u2019\u00e0 <b>48 bits en entr\u00e9e et 24 bits en sortie<\/b>, garantissant pr\u00e9cision et richesse lors de la num\u00e9risation de textes et d\u2019images. L\u2019appareil prend en charge les documents au <b>format A4<\/b> et pr\u00e9sente un design robuste en <b>blanc et noir<\/b> adapt\u00e9 \u00e0 un usage sur bureau. Fabriqu\u00e9 en <b>Chine<\/b>, ce scanner propose des fonctions de num\u00e9risation sans fil et mobile, id\u00e9al pour les bureaux cherchant \u00e0 optimiser leur flux documentaire sans compromis sur la qualit\u00e9. En r\u00e9sum\u00e9, le Brother ADS-4700W s\u2019impose comme une solution avanc\u00e9e pour une num\u00e9risation efficace en milieu professionnel et bureautique.<\/p>\n<ul>\n<li>Connectivit\u00e9:\n<ul>\n<li>Wi-Fi<\/li>\n<li>Ethernet LAN<\/li>\n<\/ul>\n<\/li>\n<li>Produit \u00e0 brancher: Oui<\/li>\n<li>Type de prise: Prise EU<\/li>\n<li>Type: Scanner<\/li>\n<li>Technologie:\n<ul>\n<li>LCD<\/li>\n<li>LED<\/li>\n<\/ul>\n<\/li>\n<li>Bloc d\u2019Alimentation:\n<ul>\n<li>r\u00e9seau \u00e9lectrique<\/li>\n<li>CA<\/li>\n<\/ul>\n<\/li>\n<li>Couleur: Blanc<\/li>\n<li>vitesse: 40 ppm<\/li>\n<li>Taille: A4<\/li>\n<li>Caract\u00e9ristiques:\n<ul>\n<li>\u00c9cran couleur<\/li>\n<li>\u00c9cran LCD<\/li>\n<li>Arr\u00eat Automatique<\/li>\n<li>\u00c9cran integr\u00e9<\/li>\n<li>Scanner Double Face<\/li>\n<li>Commande tactile<\/li>\n<li>Tactile<\/li>\n<\/ul>\n<\/li>\n<li>Connexions: USB<\/li>\n<li>Scanner: 600 x 600 dpi<\/li>\n<li>Capacit\u00e9: 80 Volets<\/li>\n<li>Ecran: 4,3&#8243;<\/li>\n<li>Papier: A4<\/li>\n<li>puissance: 26 W<\/li>\n<li>Pr\u00e9cision (humidit\u00e9 relative): 20 % &#8211; 80 %<\/li>\n<li>Compatible: PC<\/li>\n<li>Capteur: Dual CIS<\/li>\n<\/ul>","protected":false},"excerpt":{"rendered":"<p>Si vous \u00eates passionn\u00e9 d&#8217;informatique et d&#8217;\u00e9lectronique, si vous \u00eates \u00e0 la pointe de la technologie et qu&#8217;aucun d\u00e9tail ne vous \u00e9chappe, achetez Scanner Brother ADS-4700W 40 ppm au meilleur prix. Le Brother ADS-4700W est un scanner professionnel de bureau con\u00e7u pour les environnements n\u00e9cessitant une num\u00e9risation rapide et polyvalente de documents en haute qualit\u00e9. [&hellip;]<\/p>\n","protected":false},"featured_media":53886,"comment_status":"open","ping_status":"closed","template":"","meta":[],"product_brand":[669],"product_cat":[65,581,587],"product_tag":[213,59,106],"class_list":{"0":"post-53891","1":"product","2":"type-product","3":"status-publish","4":"has-post-thumbnail","6":"product_brand-brandp_538","7":"product_cat-informatique-electronique","8":"product_cat-informatique-peripheriques-et-consommables","9":"product_cat-scanners","10":"product_tag-tag_933","11":"product_tag-tag_1304","12":"product_tag-tag_1295","14":"first","15":"instock","16":"taxable","17":"shipping-taxable","18":"purchasable","19":"product-type-simple"},"_links":{"self":[{"href":"https:\/\/bigbuy.tupique.com\/pt\/wp-json\/wp\/v2\/product\/53891","targetHints":{"allow":["GET"]}}],"collection":[{"href":"https:\/\/bigbuy.tupique.com\/pt\/wp-json\/wp\/v2\/product"}],"about":[{"href":"https:\/\/bigbuy.tupique.com\/pt\/wp-json\/wp\/v2\/types\/product"}],"replies":[{"embeddable":true,"href":"https:\/\/bigbuy.tupique.com\/pt\/wp-json\/wp\/v2\/comments?post=53891"}],"wp:featuredmedia":[{"embeddable":true,"href":"https:\/\/bigbuy.tupique.com\/pt\/wp-json\/wp\/v2\/media\/53886"}],"wp:attachment":[{"href":"https:\/\/bigbuy.tupique.com\/pt\/wp-json\/wp\/v2\/media?parent=53891"}],"wp:term":[{"taxonomy":"product_brand","embeddable":true,"href":"https:\/\/bigbuy.tupique.com\/pt\/wp-json\/wp\/v2\/product_brand?post=53891"},{"taxonomy":"product_cat","embeddable":true,"href":"https:\/\/bigbuy.tupique.com\/pt\/wp-json\/wp\/v2\/product_cat?post=53891"},{"taxonomy":"product_tag","embeddable":true,"href":"https:\/\/bigbuy.tupique.com\/pt\/wp-json\/wp\/v2\/product_tag?post=53891"}],"curies":[{"name":"wp","href":"https:\/\/api.w.org\/{rel}","templated":true}]}}