{"id":52120,"date":"2026-03-31T04:15:52","date_gmt":"2026-03-31T03:15:52","guid":{"rendered":"https:\/\/bigbuy.tupique.com\/produto\/network-storage-qnap-tsh1886xurpr2d162232-black-black-grey-32gb-ddr4-sdram\/"},"modified":"2026-04-15T12:42:05","modified_gmt":"2026-04-15T11:42:05","slug":"network-storage-qnap-tsh1886xurpr2d162232-black-black-grey-32gb-ddr4-sdram","status":"publish","type":"product","link":"https:\/\/bigbuy.tupique.com\/pt\/produto\/network-storage-qnap-tsh1886xurpr2d162232-black-black-grey-32gb-ddr4-sdram\/","title":{"rendered":"Stockage r\u00e9seau Qnap TSH1886XURPR2D162232 Noir Noir\/Gris 32GB DDR4 SDRAM"},"content":{"rendered":"<p>Si vous \u00eates passionn\u00e9 d&#8217;<b>informatique et d&#8217;\u00e9lectronique<\/b>, si vous \u00eates \u00e0 la pointe de la technologie et qu&#8217;aucun d\u00e9tail ne vous \u00e9chappe, achetez <b>Stockage r\u00e9seau Qnap TSH1886XURPR2D162232 Noir Noir\/Gris 32GB DDR4 SDRAM<\/b> au meilleur prix.<\/p>\n<p>Le <b>Qnap TSH1886XURPR2D162232<\/b> est un <b>NAS de stockage en r\u00e9seau<\/b> puissant, con\u00e7u pour les environnements professionnels exigeant une grande capacit\u00e9, une robustesse et une flexibilit\u00e9 dans la gestion des donn\u00e9es critiques. Ce mod\u00e8le <b>rackable<\/b> arbore une \u00e9l\u00e9gante combinaison de <b>noir et gris<\/b>, avec un ch\u00e2ssis solide accueillant <b>18 baies compatibles avec disques durs HDD et SSD<\/b>, permettant des configurations optimales selon les besoins de stockage et de performance. Il est \u00e9quip\u00e9 d\u2019un <b>processeur Intel\u00ae Xeon\u00ae D-1622<\/b> avanc\u00e9, associ\u00e9 \u00e0 <b>32 Go de m\u00e9moire DDR4<\/b> (extensible jusqu\u2019\u00e0 128 Go), garantissant une vitesse de traitement \u00e9lev\u00e9e et la possibilit\u00e9 d\u2019ex\u00e9cuter des applications professionnelles multit\u00e2ches en toute fluidit\u00e9. Sa connectivit\u00e9 est particuli\u00e8rement compl\u00e8te, avec notamment des <b>ports SFP+ pour fibre optique<\/b> et un port <b>Ethernet LAN jusqu\u2019\u00e0 2,5 Gbit\/s<\/b>, assurant des transferts rapides et s\u00e9curis\u00e9s, ainsi qu\u2019une compatibilit\u00e9 avec de nombreux protocoles r\u00e9seau tels que IPv4, IPv6, SSH, HTTP(S), FTP, SMB\/CIFS et AFP pour une int\u00e9gration optimale dans des infrastructures IT complexes. Il dispose d\u2019un <b>interrupteur marche\/arr\u00eat<\/b> accessible, de <b>ports USB<\/b> facilitant la connexion de p\u00e9riph\u00e9riques externes et d\u2019un <b>guide d\u2019installation inclus<\/b> pour simplifier la mise en service. Sa polyvalence en mati\u00e8re de compatibilit\u00e9 de disques, son design sftp et la prise en charge des unit\u00e9s 2,5 et 3,5 pouces en font une solution robuste pour la sauvegarde, le stockage partag\u00e9 ou la virtualisation dans les entreprises recherchant fiabilit\u00e9 et \u00e9volutivit\u00e9. En r\u00e9sum\u00e9, le Qnap TSH1886XURPR2D162232 est un choix avanc\u00e9 et flexible pour les organisations qui privil\u00e9gient la s\u00e9curit\u00e9, la rapidit\u00e9 et une gestion efficace de grands volumes de donn\u00e9es.<\/p>\n<ul>\n<li>Type:\n<ul>\n<li>Ch\u00e2ssis<\/li>\n<li>SFTP<\/li>\n<li>HDD\/SSD<\/li>\n<li>NAS<\/li>\n<\/ul>\n<\/li>\n<li>Processeur: Intel Xeon<\/li>\n<li>Connexions:\n<ul>\n<li>PCI Express 3.0<\/li>\n<li>10G SFP+ x 4<\/li>\n<li>USB<\/li>\n<li>RJ45<\/li>\n<li>Ethernet LAN<\/li>\n<li>SFP+<\/li>\n<li>USB-A 3.2<\/li>\n<\/ul>\n<\/li>\n<li>Compatible:\n<ul>\n<li>DDR4-SDRAM<\/li>\n<li>IPv6<\/li>\n<\/ul>\n<\/li>\n<li>puissance: 550 W<\/li>\n<li>Compartiments 3,5&#8243;: 12<\/li>\n<li>Compartiments 2,5&#8243;: x 6<\/li>\n<li>Couleur:\n<ul>\n<li>Noir<\/li>\n<li>Noir\/Gris<\/li>\n<\/ul>\n<\/li>\n<li>Caract\u00e9ristiques:\n<ul>\n<li>Interrupteur marche\/arr\u00eat<\/li>\n<li>Guide d&#8217;installation inclus<\/li>\n<li>Vibromasseur<\/li>\n<li>Etats de veille<\/li>\n<\/ul>\n<\/li>\n<li>Tension:\n<ul>\n<li>12 V<\/li>\n<li>100 &#8211; 240 V<\/li>\n<\/ul>\n<\/li>\n<li>M\u00e9moire interne: DDR4<\/li>\n<li>Cache: 6 MB<\/li>\n<li>Bloc d\u2019Alimentation: Int\u00e9rieur<\/li>\n<li>Temp\u00e9rature approximative: &#8211; 20\u00baC \/ 70\u00b0C<\/li>\n<li>Technologie:\n<ul>\n<li>VT-d<\/li>\n<li>VT-x<\/li>\n<li>Execute Disable Bit (XD Bit)<\/li>\n<\/ul>\n<\/li>\n<li>Unit\u00e9s: 3 Unit\u00e9s<\/li>\n<li>Noyaux: 4 Noyaux<\/li>\n<li>M\u00e9moire RAM: 32 GB RAM<\/li>\n<li>vitesse: 3.2 GHz<\/li>\n<li>Famille de processeurs: Intel<\/li>\n<\/ul>","protected":false},"excerpt":{"rendered":"<p>Si vous \u00eates passionn\u00e9 d&#8217;informatique et d&#8217;\u00e9lectronique, si vous \u00eates \u00e0 la pointe de la technologie et qu&#8217;aucun d\u00e9tail ne vous \u00e9chappe, achetez Stockage r\u00e9seau Qnap TSH1886XURPR2D162232 Noir Noir\/Gris 32GB DDR4 SDRAM au meilleur prix. Le Qnap TSH1886XURPR2D162232 est un NAS de stockage en r\u00e9seau puissant, con\u00e7u pour les environnements professionnels exigeant une grande capacit\u00e9, [&hellip;]<\/p>\n","protected":false},"featured_media":52118,"comment_status":"open","ping_status":"closed","template":"","meta":[],"product_brand":[646],"product_cat":[588,65,584],"product_tag":[106],"class_list":{"0":"post-52120","1":"product","2":"type-product","3":"status-publish","4":"has-post-thumbnail","6":"product_brand-brandp_4747","7":"product_cat-disques-durs","8":"product_cat-informatique-electronique","9":"product_cat-informatique-reseaux-et-composants","10":"product_tag-tag_1295","12":"first","13":"instock","14":"taxable","15":"shipping-taxable","16":"purchasable","17":"product-type-simple"},"_links":{"self":[{"href":"https:\/\/bigbuy.tupique.com\/pt\/wp-json\/wp\/v2\/product\/52120","targetHints":{"allow":["GET"]}}],"collection":[{"href":"https:\/\/bigbuy.tupique.com\/pt\/wp-json\/wp\/v2\/product"}],"about":[{"href":"https:\/\/bigbuy.tupique.com\/pt\/wp-json\/wp\/v2\/types\/product"}],"replies":[{"embeddable":true,"href":"https:\/\/bigbuy.tupique.com\/pt\/wp-json\/wp\/v2\/comments?post=52120"}],"wp:featuredmedia":[{"embeddable":true,"href":"https:\/\/bigbuy.tupique.com\/pt\/wp-json\/wp\/v2\/media\/52118"}],"wp:attachment":[{"href":"https:\/\/bigbuy.tupique.com\/pt\/wp-json\/wp\/v2\/media?parent=52120"}],"wp:term":[{"taxonomy":"product_brand","embeddable":true,"href":"https:\/\/bigbuy.tupique.com\/pt\/wp-json\/wp\/v2\/product_brand?post=52120"},{"taxonomy":"product_cat","embeddable":true,"href":"https:\/\/bigbuy.tupique.com\/pt\/wp-json\/wp\/v2\/product_cat?post=52120"},{"taxonomy":"product_tag","embeddable":true,"href":"https:\/\/bigbuy.tupique.com\/pt\/wp-json\/wp\/v2\/product_tag?post=52120"}],"curies":[{"name":"wp","href":"https:\/\/api.w.org\/{rel}","templated":true}]}}