{"id":52086,"date":"2026-03-31T04:12:50","date_gmt":"2026-03-31T03:12:50","guid":{"rendered":"https:\/\/bigbuy.tupique.com\/produto\/smartphone-xiaomi-xiaomi-15-5g-636-octa-core-12-gb-ram-512-gb-white\/"},"modified":"2026-04-16T23:41:03","modified_gmt":"2026-04-16T22:41:03","slug":"smartphone-xiaomi-xiaomi-15-5g-636-octa-core-12-gb-ram-512-gb-white","status":"publish","type":"product","link":"https:\/\/bigbuy.tupique.com\/pt\/produto\/smartphone-xiaomi-xiaomi-15-5g-636-octa-core-12-gb-ram-512-gb-white\/","title":{"rendered":"Smartphone Xiaomi Xiaomi 15 5G 6,36&#8243; Octa Core 12 GB RAM 512 GB Blanc"},"content":{"rendered":"<p>Si vous \u00eates passionn\u00e9 d&#8217;<b>informatique et d&#8217;\u00e9lectronique<\/b>, si vous \u00eates \u00e0 la pointe de la technologie et qu&#8217;aucun d\u00e9tail ne vous \u00e9chappe, achetez <b>Smartphone Xiaomi Xiaomi 15 5G 6,36&#8243; Octa Core 12 GB RAM 512 GB Blanc<\/b> au meilleur prix.<\/p>\n<p>Le <b>Xiaomi 15 5G<\/b> est un <b>smartphone<\/b> avanc\u00e9 qui se distingue par son design, sa puissance et ses capacit\u00e9s multim\u00e9dias haut de gamme. Il dispose d\u2019un <b>\u00e9cran de 6,36 pouces<\/b> avec technologie HDR et des bordures ultra-fines de seulement <b>1,38 mm<\/b> sur les quatre c\u00f4t\u00e9s gr\u00e2ce \u00e0 l\u2019innovant assemblage 3D et au verre protecteur <b>Xiaomi Shield Glass<\/b>, offrant plus de r\u00e9sistance et de clart\u00e9. Sa structure int\u00e8gre un <b>cadre en aluminium microcourb\u00e9 6M42 haute r\u00e9sistance<\/b>, garantissant durabilit\u00e9 et toucher premium. C\u00f4t\u00e9 performances, ce mod\u00e8le embarque la plateforme mobile <b>Snapdragon\u00ae 8 Elite<\/b> grav\u00e9e en 3 nm avec CPU Oryon, assurant un \u00e9quilibre optimal entre puissance et efficacit\u00e9 \u00e9nerg\u00e9tique. Il est \u00e9quip\u00e9 de <b>12 Go de RAM<\/b> et <b>512 Go de stockage<\/b>, offrant espace et rapidit\u00e9 pour le multit\u00e2che et les fichiers volumineux. La partie photo se distingue par un syst\u00e8me de <b>triple cam\u00e9ra Leica<\/b>, comprenant un objectif Summilux \u00e0 grande ouverture f\/1,62 pour des images nettes en faible luminosit\u00e9, un capteur personnalis\u00e9 Light Fusion 900 de 1\/1,31&#8243; avec une plage dynamique de 13,5 EV et une profondeur de couleur de 14 bits, ainsi qu\u2019un t\u00e9l\u00e9objectif flottant Leica de 60 mm avec mise au point de 10 cm \u00e0 l\u2019infini pour des photos macro et \u00e0 distance tr\u00e8s d\u00e9taill\u00e9es. L\u2019exp\u00e9rience photo est optimis\u00e9e par l\u2019intelligence artificielle Xiaomi AISP 2.0, qui am\u00e9liore la fusion multi-images, la cartographie des couleurs, le ton et le portrait pour des r\u00e9sultats r\u00e9alistes. En vid\u00e9o, il supporte l\u2019enregistrement Dolby Vision\u00ae sur toutes les focales, la vid\u00e9o 8K \u00e0 30 fps et le format Log 10 bits ; il int\u00e8gre aussi quatre microphones pour un son immersif, id\u00e9al pour la vid\u00e9ographie professionnelle. La batterie est un autre point fort, avec une capacit\u00e9 de <b>5240 mAh<\/b> promettant une autonomie longue dur\u00e9e et des technologies de recharge rapide par c\u00e2ble <b>HyperCharge 90W<\/b> et sans fil <b>50W<\/b>, acc\u00e9l\u00e9rant la recharge. Le Xiaomi 15 offre une connectivit\u00e9 moderne avec port <b>USB-C<\/b> et est disponible en blanc \u00e9l\u00e9gant, soulignant son design soign\u00e9 et compact. En r\u00e9sum\u00e9, ce smartphone est une option technologique avanc\u00e9e pour les utilisateurs exigeants recherchant un \u00e9quilibre entre performances, qualit\u00e9 photo et exp\u00e9rience visuelle sup\u00e9rieure.<\/p>\n<ul>\n<li>Diagonale de l&#8217;\u00e9cran (cm): 16,2 cm<\/li>\n<li>Produit \u00e0 brancher: Oui<\/li>\n<li>Type: Smartphone<\/li>\n<li>Bloc d\u2019Alimentation: r\u00e9seau \u00e9lectrique<\/li>\n<li>Indice de r\u00e9parabilit\u00e9: 7.9<\/li>\n<li>Technologie: AMOLED<\/li>\n<li>Ecran: 6,36&#8243;<\/li>\n<li>Syst\u00e8me d&#8217;exploitation: Android<\/li>\n<li>puissance: 90 W<\/li>\n<li>Connectivit\u00e9:\n<ul>\n<li>Wi-Fi<\/li>\n<li>NFC<\/li>\n<li>Bluetooth Low Energy<\/li>\n<li>WI-FI 7<\/li>\n<\/ul>\n<\/li>\n<li>Cam\u00e9ra\/Appareil Photo:\n<ul>\n<li>50 Mp<\/li>\n<li>Frontal<\/li>\n<li>Triple<\/li>\n<li>32 Mp<\/li>\n<\/ul>\n<\/li>\n<li>Connexions: USB-C<\/li>\n<li>Processeur:\n<ul>\n<li>Octa Core<\/li>\n<li>Qualcomm Snapdragon 8 Elite<\/li>\n<\/ul>\n<\/li>\n<li>M\u00e9moire RAM: 12 GB RAM<\/li>\n<li>M\u00e9moire interne: 512 GB<\/li>\n<li>Couleur: Blanc<\/li>\n<li>Caract\u00e9ristiques:\n<ul>\n<li>HDR<\/li>\n<li>Chargeur sans fil<\/li>\n<li>\u00c9cran plat<\/li>\n<\/ul>\n<\/li>\n<li>Classification \u00e9nerg\u00e9tique: A<\/li>\n<li>Classification IP: IP68<\/li>\n<li>SIM: Dual SIM<\/li>\n<li>Fr\u00e9quence: 120 Hz<\/li>\n<li>Capacit\u00e9 de la batterie: 5000 mAh<\/li>\n<li>Noyaux: 8 Noyaux<\/li>\n<li>Famille de processeurs: Qualcomm Snapdragon<\/li>\n<\/ul>","protected":false},"excerpt":{"rendered":"<p>Si vous \u00eates passionn\u00e9 d&#8217;informatique et d&#8217;\u00e9lectronique, si vous \u00eates \u00e0 la pointe de la technologie et qu&#8217;aucun d\u00e9tail ne vous \u00e9chappe, achetez Smartphone Xiaomi Xiaomi 15 5G 6,36&#8243; Octa Core 12 GB RAM 512 GB Blanc au meilleur prix. Le Xiaomi 15 5G est un smartphone avanc\u00e9 qui se distingue par son design, sa [&hellip;]<\/p>\n","protected":false},"featured_media":52081,"comment_status":"open","ping_status":"closed","template":"","meta":[],"product_brand":[525],"product_cat":[575,65,960],"product_tag":[213,566,106],"class_list":{"0":"post-52086","1":"product","2":"type-product","3":"status-publish","4":"has-post-thumbnail","6":"product_brand-brandp_1269","7":"product_cat-electronique-telephonie-et-tablettes","8":"product_cat-informatique-electronique","9":"product_cat-telephones-portables","10":"product_tag-tag_933","11":"product_tag-tag_547","12":"product_tag-tag_1295","14":"first","15":"instock","16":"taxable","17":"shipping-taxable","18":"purchasable","19":"product-type-simple"},"_links":{"self":[{"href":"https:\/\/bigbuy.tupique.com\/pt\/wp-json\/wp\/v2\/product\/52086","targetHints":{"allow":["GET"]}}],"collection":[{"href":"https:\/\/bigbuy.tupique.com\/pt\/wp-json\/wp\/v2\/product"}],"about":[{"href":"https:\/\/bigbuy.tupique.com\/pt\/wp-json\/wp\/v2\/types\/product"}],"replies":[{"embeddable":true,"href":"https:\/\/bigbuy.tupique.com\/pt\/wp-json\/wp\/v2\/comments?post=52086"}],"wp:featuredmedia":[{"embeddable":true,"href":"https:\/\/bigbuy.tupique.com\/pt\/wp-json\/wp\/v2\/media\/52081"}],"wp:attachment":[{"href":"https:\/\/bigbuy.tupique.com\/pt\/wp-json\/wp\/v2\/media?parent=52086"}],"wp:term":[{"taxonomy":"product_brand","embeddable":true,"href":"https:\/\/bigbuy.tupique.com\/pt\/wp-json\/wp\/v2\/product_brand?post=52086"},{"taxonomy":"product_cat","embeddable":true,"href":"https:\/\/bigbuy.tupique.com\/pt\/wp-json\/wp\/v2\/product_cat?post=52086"},{"taxonomy":"product_tag","embeddable":true,"href":"https:\/\/bigbuy.tupique.com\/pt\/wp-json\/wp\/v2\/product_tag?post=52086"}],"curies":[{"name":"wp","href":"https:\/\/api.w.org\/{rel}","templated":true}]}}