{"id":51795,"date":"2026-03-31T03:38:30","date_gmt":"2026-03-31T02:38:30","guid":{"rendered":"https:\/\/bigbuy.tupique.com\/produto\/cable-rs-232-eaton-9px5kirtng2-5000-w\/"},"modified":"2026-04-15T06:26:42","modified_gmt":"2026-04-15T05:26:42","slug":"cable-rs-232-eaton-9px5kirtng2-5000-w","status":"publish","type":"product","link":"https:\/\/bigbuy.tupique.com\/pt\/produto\/cable-rs-232-eaton-9px5kirtng2-5000-w\/","title":{"rendered":"C\u00e2ble RS-232 Eaton 9PX5KIRTNG2 5000 W"},"content":{"rendered":"<p>Si vous \u00eates \u00e0 la recherche de nouvelles tendances sur le march\u00e9, nous vous pr\u00e9sentons <b>C\u00e2ble RS-232 Eaton 9PX5KIRTNG2 5000 W<\/b> !<\/p>\n<ul>\n<li>Couleur:\n<ul>\n<li>Noir<\/li>\n<li>Argent\u00e9<\/li>\n<\/ul>\n<\/li>\n<li>Largeur: 44 cm<\/li>\n<li>puissance: 5000 W<\/li>\n<li>Capacit\u00e9 de la batterie: 5 Ah<\/li>\n<li>Technologie:\n<ul>\n<li>VRLA<\/li>\n<li>LCD<\/li>\n<\/ul>\n<\/li>\n<li>Longueur du c\u00e2ble: 1,8 m<\/li>\n<li>Niveau sonore: 40 dB<\/li>\n<li>Capacit\u00e9: 3 uds<\/li>\n<\/ul>","protected":false},"excerpt":{"rendered":"<p>Si vous \u00eates \u00e0 la recherche de nouvelles tendances sur le march\u00e9, nous vous pr\u00e9sentons C\u00e2ble RS-232 Eaton 9PX5KIRTNG2 5000 W ! Couleur: Noir Argent\u00e9 Largeur: 44 cm puissance: 5000 W Capacit\u00e9 de la batterie: 5 Ah Technologie: VRLA LCD Longueur du c\u00e2ble: 1,8 m Niveau sonore: 40 dB Capacit\u00e9: 3 uds<\/p>","protected":false},"featured_media":51790,"comment_status":"open","ping_status":"closed","template":"","meta":[],"product_brand":[652],"product_cat":[65,581,603],"product_tag":[106],"class_list":{"0":"post-51795","1":"product","2":"type-product","3":"status-publish","4":"has-post-thumbnail","6":"product_brand-brandp_4815","7":"product_cat-informatique-electronique","8":"product_cat-informatique-peripheriques-et-consommables","9":"product_cat-ups","10":"product_tag-tag_1295","12":"first","13":"instock","14":"taxable","15":"shipping-taxable","16":"purchasable","17":"product-type-simple"},"_links":{"self":[{"href":"https:\/\/bigbuy.tupique.com\/pt\/wp-json\/wp\/v2\/product\/51795","targetHints":{"allow":["GET"]}}],"collection":[{"href":"https:\/\/bigbuy.tupique.com\/pt\/wp-json\/wp\/v2\/product"}],"about":[{"href":"https:\/\/bigbuy.tupique.com\/pt\/wp-json\/wp\/v2\/types\/product"}],"replies":[{"embeddable":true,"href":"https:\/\/bigbuy.tupique.com\/pt\/wp-json\/wp\/v2\/comments?post=51795"}],"wp:featuredmedia":[{"embeddable":true,"href":"https:\/\/bigbuy.tupique.com\/pt\/wp-json\/wp\/v2\/media\/51790"}],"wp:attachment":[{"href":"https:\/\/bigbuy.tupique.com\/pt\/wp-json\/wp\/v2\/media?parent=51795"}],"wp:term":[{"taxonomy":"product_brand","embeddable":true,"href":"https:\/\/bigbuy.tupique.com\/pt\/wp-json\/wp\/v2\/product_brand?post=51795"},{"taxonomy":"product_cat","embeddable":true,"href":"https:\/\/bigbuy.tupique.com\/pt\/wp-json\/wp\/v2\/product_cat?post=51795"},{"taxonomy":"product_tag","embeddable":true,"href":"https:\/\/bigbuy.tupique.com\/pt\/wp-json\/wp\/v2\/product_tag?post=51795"}],"curies":[{"name":"wp","href":"https:\/\/api.w.org\/{rel}","templated":true}]}}