{"id":51643,"date":"2026-03-31T03:20:43","date_gmt":"2026-03-31T02:20:43","guid":{"rendered":"https:\/\/bigbuy.tupique.com\/produto\/usb-to-rs232-adapter-startech-icusb234858i\/"},"modified":"2026-04-15T00:14:12","modified_gmt":"2026-04-14T23:14:12","slug":"usb-to-rs232-adapter-startech-icusb234858i","status":"publish","type":"product","link":"https:\/\/bigbuy.tupique.com\/pt\/produto\/usb-to-rs232-adapter-startech-icusb234858i\/","title":{"rendered":"Adaptateur USB vers RS232 Startech ICUSB234858I"},"content":{"rendered":"<p>Si vous \u00eates passionn\u00e9 d&#8217;<b>informatique et d&#8217;\u00e9lectronique<\/b>, si vous \u00eates \u00e0 la pointe de la technologie et qu&#8217;aucun d\u00e9tail ne vous \u00e9chappe, achetez <b>Adaptateur USB vers RS232 Startech ICUSB234858I        <\/b> au meilleur prix.<\/p>\n<ul>\n<li>Ports: 8<\/li>\n<li>Connexions:\n<ul>\n<li>RS-232<\/li>\n<li>USB 2.0<\/li>\n<li>USB<\/li>\n<li>SATA<\/li>\n<\/ul>\n<\/li>\n<li>Couleur: Noir<\/li>\n<li>Tension de sortie: 12 V<\/li>\n<li>Tension d&#8217;entr\u00e9e AC: 100 &#8211; 240 V<\/li>\n<li>Mati\u00e8re:\n<ul>\n<li>M\u00e9tal<\/li>\n<li>Acier<\/li>\n<\/ul>\n<\/li>\n<li>Caract\u00e9ristiques: Indicateur de surcharge<\/li>\n<li>Ann\u00e9e: 2018<\/li>\n<li>Tension: 12 V<\/li>\n<li>Compatible:\n<ul>\n<li>Linux<\/li>\n<li>Ordinateur Portable<\/li>\n<\/ul>\n<\/li>\n<li>Entr\u00e9e AC: 100-240 V<\/li>\n<li>Inclut: C\u00e2ble USB<\/li>\n<li>Amp\u00e9rage: 1 A<\/li>\n<li>Non inclut: Adaptateur AC<\/li>\n<\/ul>","protected":false},"excerpt":{"rendered":"<p>Si vous \u00eates passionn\u00e9 d&#8217;informatique et d&#8217;\u00e9lectronique, si vous \u00eates \u00e0 la pointe de la technologie et qu&#8217;aucun d\u00e9tail ne vous \u00e9chappe, achetez Adaptateur USB vers RS232 Startech ICUSB234858I au meilleur prix. Ports: 8 Connexions: RS-232 USB 2.0 USB SATA Couleur: Noir Tension de sortie: 12 V Tension d&#8217;entr\u00e9e AC: 100 &#8211; 240 V Mati\u00e8re: [&hellip;]<\/p>\n","protected":false},"featured_media":51639,"comment_status":"open","ping_status":"closed","template":"","meta":[],"product_brand":[634],"product_cat":[611,65,584],"product_tag":[106],"class_list":{"0":"post-51643","1":"product","2":"type-product","3":"status-publish","4":"has-post-thumbnail","6":"product_brand-brandp_4771","7":"product_cat-hub-usb","8":"product_cat-informatique-electronique","9":"product_cat-informatique-reseaux-et-composants","10":"product_tag-tag_1295","12":"first","13":"instock","14":"taxable","15":"shipping-taxable","16":"purchasable","17":"product-type-simple"},"_links":{"self":[{"href":"https:\/\/bigbuy.tupique.com\/pt\/wp-json\/wp\/v2\/product\/51643","targetHints":{"allow":["GET"]}}],"collection":[{"href":"https:\/\/bigbuy.tupique.com\/pt\/wp-json\/wp\/v2\/product"}],"about":[{"href":"https:\/\/bigbuy.tupique.com\/pt\/wp-json\/wp\/v2\/types\/product"}],"replies":[{"embeddable":true,"href":"https:\/\/bigbuy.tupique.com\/pt\/wp-json\/wp\/v2\/comments?post=51643"}],"wp:featuredmedia":[{"embeddable":true,"href":"https:\/\/bigbuy.tupique.com\/pt\/wp-json\/wp\/v2\/media\/51639"}],"wp:attachment":[{"href":"https:\/\/bigbuy.tupique.com\/pt\/wp-json\/wp\/v2\/media?parent=51643"}],"wp:term":[{"taxonomy":"product_brand","embeddable":true,"href":"https:\/\/bigbuy.tupique.com\/pt\/wp-json\/wp\/v2\/product_brand?post=51643"},{"taxonomy":"product_cat","embeddable":true,"href":"https:\/\/bigbuy.tupique.com\/pt\/wp-json\/wp\/v2\/product_cat?post=51643"},{"taxonomy":"product_tag","embeddable":true,"href":"https:\/\/bigbuy.tupique.com\/pt\/wp-json\/wp\/v2\/product_tag?post=51643"}],"curies":[{"name":"wp","href":"https:\/\/api.w.org\/{rel}","templated":true}]}}