{"id":51583,"date":"2026-03-31T03:17:47","date_gmt":"2026-03-31T02:17:47","guid":{"rendered":"https:\/\/bigbuy.tupique.com\/produto\/uninterruptible-power-supply-system-interactive-ups-eaton-5px3000irtng2-3000-w\/"},"modified":"2026-05-11T19:59:10","modified_gmt":"2026-05-11T17:59:10","slug":"uninterruptible-power-supply-system-interactive-ups-eaton-5px3000irtng2-3000-w","status":"publish","type":"product","link":"https:\/\/bigbuy.tupique.com\/pt\/produto\/uninterruptible-power-supply-system-interactive-ups-eaton-5px3000irtng2-3000-w\/","title":{"rendered":"Syst\u00e8me d&#8217;Alimentation Sans Interruption Interactif Eaton 5PX3000IRTNG2 3000 W"},"content":{"rendered":"<p>Si vous \u00eates passionn\u00e9 d&#8217;<b>informatique et d&#8217;\u00e9lectronique<\/b>, si vous \u00eates \u00e0 la pointe de la technologie et qu&#8217;aucun d\u00e9tail ne vous \u00e9chappe, achetez <b>Syst\u00e8me d&#8217;Alimentation Sans Interruption Interactif Eaton 5PX3000IRTNG2 3000 W<\/b> au meilleur prix.<\/p>\n<p>Le <b>Eaton 5PX3000IRTNG2<\/b> est un <b>onduleur interactif<\/b> haute performance con\u00e7u pour prot\u00e9ger les \u00e9quipements \u00e9lectriques et \u00e9lectroniques critiques gr\u00e2ce \u00e0 une alimentation sans coupure avec une topologie <b>ligne interactive<\/b>. Ce mod\u00e8le offre une <b>puissance de sortie maximale de 3000 W (3 kVA)<\/b>, capable d\u2019alimenter des syst\u00e8mes \u00e0 forte demande avec efficacit\u00e9. Son format polyvalent permet un <b>montage en tour ou en rack 2U<\/b>, s\u2019adaptant \u00e0 divers environnements professionnels et infrastructures. Il dispose de <b>10 sorties AC<\/b> comprenant des connecteurs <b>C13, C19 et C20<\/b>, facilitant la connexion de plusieurs appareils. L\u2019unit\u00e9 pr\u00e9sente un design robuste et compact de couleur <b>noir<\/b>, avec une interface avanc\u00e9e gr\u00e2ce \u00e0 son <b>\u00e9cran LCD<\/b> qui fournit des informations claires sur l\u2019\u00e9tat et le fonctionnement du syst\u00e8me. La technologie sans fil int\u00e9gr\u00e9e am\u00e9liore la gestion et la surveillance \u00e0 distance, tandis que les fonctions <b>USB<\/b> et <b>Hot Swap<\/b> facilitent le remplacement et l\u2019entretien des batteries sans d\u00e9connecter la charge, augmentant la disponibilit\u00e9 op\u00e9rationnelle. Cet onduleur respecte des normes strictes de s\u00e9curit\u00e9 et qualit\u00e9, avec des certifications internationales telles que <b>CE, IEC\/EN 62040, FCC, UL1778 et CSA<\/b>, garantissant sa fiabilit\u00e9 en environnements exigeants. Sa conception bas\u00e9e sur la technologie interactive assure une r\u00e9gulation efficace de la tension et une r\u00e9ponse rapide aux coupures ou fluctuations \u00e9lectriques, minimisant les risques pour les appareils connect\u00e9s. En r\u00e9sum\u00e9, le Eaton 5PX3000IRTNG2 est une solution professionnelle garantissant continuit\u00e9 et protection avanc\u00e9e, adapt\u00e9e aux infrastructures IT, centres de donn\u00e9es ou applications industrielles o\u00f9 la s\u00e9curit\u00e9 \u00e9nerg\u00e9tique est cruciale.<\/p>\n<ul>\n<li>Produit \u00e0 brancher: Oui<\/li>\n<li>Type de prise: Prise EU<\/li>\n<li>Type:\n<ul>\n<li>Tour<\/li>\n<li>Syst\u00e8me d&#8217;Alimentation Sans Interruption Interactif<\/li>\n<li>C19<\/li>\n<\/ul>\n<\/li>\n<li>Unit\u00e9s: 2 Unit\u00e9s<\/li>\n<li>Technologie:\n<ul>\n<li>LCD<\/li>\n<li>Sans fil<\/li>\n<\/ul>\n<\/li>\n<li>Bloc d\u2019Alimentation:\n<ul>\n<li>r\u00e9seau \u00e9lectrique<\/li>\n<li>Batterie rechargeable<\/li>\n<\/ul>\n<\/li>\n<li>Couleur: Noir<\/li>\n<li>Largeur: 438 mm<\/li>\n<li>Connexions:\n<ul>\n<li>RS-232<\/li>\n<li>AC x 10<\/li>\n<li>C20 coupler<\/li>\n<li>USB<\/li>\n<\/ul>\n<\/li>\n<li>Puissance nominale: 3 kVA<\/li>\n<li>Niveau sonore: 40 dB<\/li>\n<li>Caract\u00e9ristiques:\n<ul>\n<li>\u00c9cran LCD<\/li>\n<li>Interactif<\/li>\n<li>T\u00e9moin de fonctionnement LED<\/li>\n<\/ul>\n<\/li>\n<li>Fonctions: Hot Swap<\/li>\n<li>Tension:\n<ul>\n<li>220 V<\/li>\n<li>230 V<\/li>\n<\/ul>\n<\/li>\n<li>puissance: 3000 W<\/li>\n<li>Facteur de forme: main droite<\/li>\n<\/ul>","protected":false},"excerpt":{"rendered":"<p><span class=\"unit-info\">1526.4950 &euro; \/ 1 unit<\/span><\/p>","protected":false},"featured_media":51582,"comment_status":"open","ping_status":"closed","template":"","meta":[],"product_brand":[652],"product_cat":[65,581,603],"product_tag":[106],"class_list":{"0":"post-51583","1":"product","2":"type-product","3":"status-publish","4":"has-post-thumbnail","6":"product_brand-brandp_4815","7":"product_cat-informatique-electronique","8":"product_cat-informatique-peripheriques-et-consommables","9":"product_cat-ups","10":"product_tag-tag_1295","12":"first","13":"instock","14":"taxable","15":"shipping-taxable","16":"purchasable","17":"product-type-simple"},"_links":{"self":[{"href":"https:\/\/bigbuy.tupique.com\/pt\/wp-json\/wp\/v2\/product\/51583","targetHints":{"allow":["GET"]}}],"collection":[{"href":"https:\/\/bigbuy.tupique.com\/pt\/wp-json\/wp\/v2\/product"}],"about":[{"href":"https:\/\/bigbuy.tupique.com\/pt\/wp-json\/wp\/v2\/types\/product"}],"replies":[{"embeddable":true,"href":"https:\/\/bigbuy.tupique.com\/pt\/wp-json\/wp\/v2\/comments?post=51583"}],"wp:featuredmedia":[{"embeddable":true,"href":"https:\/\/bigbuy.tupique.com\/pt\/wp-json\/wp\/v2\/media\/51582"}],"wp:attachment":[{"href":"https:\/\/bigbuy.tupique.com\/pt\/wp-json\/wp\/v2\/media?parent=51583"}],"wp:term":[{"taxonomy":"product_brand","embeddable":true,"href":"https:\/\/bigbuy.tupique.com\/pt\/wp-json\/wp\/v2\/product_brand?post=51583"},{"taxonomy":"product_cat","embeddable":true,"href":"https:\/\/bigbuy.tupique.com\/pt\/wp-json\/wp\/v2\/product_cat?post=51583"},{"taxonomy":"product_tag","embeddable":true,"href":"https:\/\/bigbuy.tupique.com\/pt\/wp-json\/wp\/v2\/product_tag?post=51583"}],"curies":[{"name":"wp","href":"https:\/\/api.w.org\/{rel}","templated":true}]}}