{"id":51514,"date":"2026-03-31T03:14:11","date_gmt":"2026-03-31T02:14:11","guid":{"rendered":"https:\/\/bigbuy.tupique.com\/produto\/monitor-elo-touch-systems-e326154-15-tft-lcd\/"},"modified":"2026-05-11T19:58:47","modified_gmt":"2026-05-11T17:58:47","slug":"monitor-elo-touch-systems-e326154-15-tft-lcd","status":"publish","type":"product","link":"https:\/\/bigbuy.tupique.com\/pt\/produto\/monitor-elo-touch-systems-e326154-15-tft-lcd\/","title":{"rendered":"\u00c9cran Elo Touch Systems E326154 15&#8243; TFT LCD"},"content":{"rendered":"<p>Si vous \u00eates passionn\u00e9 d&#8217;<b>informatique et d&#8217;\u00e9lectronique<\/b>, si vous \u00eates \u00e0 la pointe de la technologie et qu&#8217;aucun d\u00e9tail ne vous \u00e9chappe, achetez <b>\u00c9cran Elo Touch Systems E326154 15&#8243; TFT LCD<\/b> au meilleur prix.<\/p>\n<p>Le <b>moniteur<\/b> Elo Touch Systems mod\u00e8le <b>E326154<\/b> est une solution professionnelle con\u00e7ue pour les environnements n\u00e9cessitant une interaction tactile efficace et une qualit\u00e9 visuelle fiable. Il dispose d\u2019un <b>\u00e9cran TFT LCD de 15 pouces (38,1 cm)<\/b> au format 4:3, offrant une r\u00e9solution de <b>1024 x 768 pixels<\/b>, adapt\u00e9e aux applications industrielles, points de vente ou secteurs o\u00f9 la pr\u00e9cision et la rapidit\u00e9 tactile sont essentielles. Sa technologie de <b>r\u00e9tro\u00e9clairage LED<\/b> fournit un niveau de luminosit\u00e9 de <b>240 cd\/m\u00b2<\/b>, assurant une bonne visibilit\u00e9 en conditions d\u2019\u00e9clairage vari\u00e9es, tandis que son <b>temps de r\u00e9ponse de 16 ms<\/b> garantit une exp\u00e9rience visuelle fluide, indispensable pour des interactions dynamiques. Ce moniteur tactile, au design \u00e9l\u00e9gant en <b>noir<\/b>, propose des options de montage mural, optimisant l\u2019espace dans les installations commerciales ou professionnelles. Il est \u00e9galement \u00e9quip\u00e9 d\u2019une connexion <b>HDMI<\/b> pour faciliter son int\u00e9gration avec divers appareils et syst\u00e8mes, assurant une grande compatibilit\u00e9. La technologie tactile int\u00e9gr\u00e9e permet une interaction directe et intuitive, adapt\u00e9e \u00e0 de nombreux environnements professionnels o\u00f9 pr\u00e9cision et rapidit\u00e9 sont requises. En r\u00e9sum\u00e9, l\u2019Elo Touch Systems E326154 offre un bon \u00e9quilibre entre qualit\u00e9 d\u2019image, fonctionnalit\u00e9 tactile et design adaptable, constituant une option fiable pour les usages valorisant robustesse et efficacit\u00e9 visuelle et op\u00e9rationnelle.<\/p>\n<ul>\n<li>Technologie:\n<ul>\n<li>LED<\/li>\n<li>LCD<\/li>\n<li>TFT<\/li>\n<\/ul>\n<\/li>\n<li>Produit \u00e0 brancher: Oui<\/li>\n<li>Type de prise: Prise EU<\/li>\n<li>Diagonale de l&#8217;\u00e9cran (cm): 38,1 cm<\/li>\n<li>Connexions:\n<ul>\n<li>HDMI<\/li>\n<li>VGA D-sub<\/li>\n<li>SATA<\/li>\n<li>DisplayPort x 1<\/li>\n<\/ul>\n<\/li>\n<li>Ecran: 15&#8243;<\/li>\n<li>Type: \u00c9cran<\/li>\n<li>Bloc d\u2019Alimentation:\n<ul>\n<li>r\u00e9seau \u00e9lectrique<\/li>\n<li>DC<\/li>\n<\/ul>\n<\/li>\n<li>Couleur: Noir<\/li>\n<li>Temps de r\u00e9ponse: 16 ms<\/li>\n<li>Tension: 12 V<\/li>\n<li>puissance: 5 W<\/li>\n<li>Rapport d&#8217;aspect: 4:3<\/li>\n<li>Caract\u00e9ristiques:\n<ul>\n<li>Ecran tactile<\/li>\n<li>Montage mural<\/li>\n<\/ul>\n<\/li>\n<li>R\u00e9solution (px): 1024 x 768 px<\/li>\n<li>Certificat: RoHS<\/li>\n<li>Fr\u00e9quence: 60 Hz<\/li>\n<li>Compatible: VESA 75 x 75, 100 x 100<\/li>\n<li>Pr\u00e9cision (humidit\u00e9 relative): 20 % &#8211; 80 %<\/li>\n<li>Montage: VESA<\/li>\n<\/ul>","protected":false},"excerpt":{"rendered":"<p>Si vous \u00eates passionn\u00e9 d&#8217;informatique et d&#8217;\u00e9lectronique, si vous \u00eates \u00e0 la pointe de la technologie et qu&#8217;aucun d\u00e9tail ne vous \u00e9chappe, achetez \u00c9cran Elo Touch Systems E326154 15&#8243; TFT LCD au meilleur prix. Le moniteur Elo Touch Systems mod\u00e8le E326154 est une solution professionnelle con\u00e7ue pour les environnements n\u00e9cessitant une interaction tactile efficace et [&hellip;]<\/p>\n","protected":false},"featured_media":51513,"comment_status":"open","ping_status":"closed","template":"","meta":[],"product_brand":[980],"product_cat":[65,581,616],"product_tag":[213,106],"class_list":{"0":"post-51514","1":"product","2":"type-product","3":"status-publish","4":"has-post-thumbnail","6":"product_brand-brandp_4775","7":"product_cat-informatique-electronique","8":"product_cat-informatique-peripheriques-et-consommables","9":"product_cat-moniteurs","10":"product_tag-tag_933","11":"product_tag-tag_1295","13":"first","14":"instock","15":"taxable","16":"shipping-taxable","17":"purchasable","18":"product-type-simple"},"_links":{"self":[{"href":"https:\/\/bigbuy.tupique.com\/pt\/wp-json\/wp\/v2\/product\/51514","targetHints":{"allow":["GET"]}}],"collection":[{"href":"https:\/\/bigbuy.tupique.com\/pt\/wp-json\/wp\/v2\/product"}],"about":[{"href":"https:\/\/bigbuy.tupique.com\/pt\/wp-json\/wp\/v2\/types\/product"}],"replies":[{"embeddable":true,"href":"https:\/\/bigbuy.tupique.com\/pt\/wp-json\/wp\/v2\/comments?post=51514"}],"wp:featuredmedia":[{"embeddable":true,"href":"https:\/\/bigbuy.tupique.com\/pt\/wp-json\/wp\/v2\/media\/51513"}],"wp:attachment":[{"href":"https:\/\/bigbuy.tupique.com\/pt\/wp-json\/wp\/v2\/media?parent=51514"}],"wp:term":[{"taxonomy":"product_brand","embeddable":true,"href":"https:\/\/bigbuy.tupique.com\/pt\/wp-json\/wp\/v2\/product_brand?post=51514"},{"taxonomy":"product_cat","embeddable":true,"href":"https:\/\/bigbuy.tupique.com\/pt\/wp-json\/wp\/v2\/product_cat?post=51514"},{"taxonomy":"product_tag","embeddable":true,"href":"https:\/\/bigbuy.tupique.com\/pt\/wp-json\/wp\/v2\/product_tag?post=51514"}],"curies":[{"name":"wp","href":"https:\/\/api.w.org\/{rel}","templated":true}]}}