{"id":50883,"date":"2026-03-31T02:32:07","date_gmt":"2026-03-31T01:32:07","guid":{"rendered":"https:\/\/bigbuy.tupique.com\/produto\/hair-clipper-for-pets-trixie-agc-2\/"},"modified":"2026-04-16T04:39:28","modified_gmt":"2026-04-16T03:39:28","slug":"hair-clipper-for-pets-trixie-agc-2","status":"publish","type":"product","link":"https:\/\/bigbuy.tupique.com\/pt\/produto\/hair-clipper-for-pets-trixie-agc-2\/","title":{"rendered":"Tondeuse pour animaux de compagnie Trixie AGC-2"},"content":{"rendered":"<p>Si vous \u00eates \u00e0 la recherche de nouvelles tendances sur le march\u00e9, nous vous pr\u00e9sentons <b>Tondeuse pour animaux de compagnie Trixie AGC-2<\/b> !<\/p>\n<ul>\n<li>Animal de compagnie: Chien<\/li>\n<li>Produit \u00e0 brancher: Oui<\/li>\n<li>Type: Tondeuse pour animaux de compagnie<\/li>\n<li>Type de prise: Prise EU<\/li>\n<li>Bloc d\u2019Alimentation: r\u00e9seau \u00e9lectrique<\/li>\n<\/ul>","protected":false},"excerpt":{"rendered":"<p>Si vous \u00eates \u00e0 la recherche de nouvelles tendances sur le march\u00e9, nous vous pr\u00e9sentons Tondeuse pour animaux de compagnie Trixie AGC-2 ! Animal de compagnie: Chien Produit \u00e0 brancher: Oui Type: Tondeuse pour animaux de compagnie Type de prise: Prise EU Bloc d\u2019Alimentation: r\u00e9seau \u00e9lectrique<\/p>","protected":false},"featured_media":181106,"comment_status":"open","ping_status":"closed","template":"","meta":[],"product_brand":[445],"product_cat":[621,239,622],"product_tag":[],"class_list":{"0":"post-50883","1":"product","2":"type-product","3":"status-publish","4":"has-post-thumbnail","6":"product_brand-brandp_3600","7":"product_cat-animaux-de-compagnie","8":"product_cat-maison-jardin","9":"product_cat-sante-et-hygiene","11":"first","12":"instock","13":"taxable","14":"shipping-taxable","15":"purchasable","16":"product-type-simple"},"_links":{"self":[{"href":"https:\/\/bigbuy.tupique.com\/pt\/wp-json\/wp\/v2\/product\/50883","targetHints":{"allow":["GET"]}}],"collection":[{"href":"https:\/\/bigbuy.tupique.com\/pt\/wp-json\/wp\/v2\/product"}],"about":[{"href":"https:\/\/bigbuy.tupique.com\/pt\/wp-json\/wp\/v2\/types\/product"}],"replies":[{"embeddable":true,"href":"https:\/\/bigbuy.tupique.com\/pt\/wp-json\/wp\/v2\/comments?post=50883"}],"wp:featuredmedia":[{"embeddable":true,"href":"https:\/\/bigbuy.tupique.com\/pt\/wp-json\/wp\/v2\/media\/181106"}],"wp:attachment":[{"href":"https:\/\/bigbuy.tupique.com\/pt\/wp-json\/wp\/v2\/media?parent=50883"}],"wp:term":[{"taxonomy":"product_brand","embeddable":true,"href":"https:\/\/bigbuy.tupique.com\/pt\/wp-json\/wp\/v2\/product_brand?post=50883"},{"taxonomy":"product_cat","embeddable":true,"href":"https:\/\/bigbuy.tupique.com\/pt\/wp-json\/wp\/v2\/product_cat?post=50883"},{"taxonomy":"product_tag","embeddable":true,"href":"https:\/\/bigbuy.tupique.com\/pt\/wp-json\/wp\/v2\/product_tag?post=50883"}],"curies":[{"name":"wp","href":"https:\/\/api.w.org\/{rel}","templated":true}]}}