{"id":50526,"date":"2026-03-31T02:07:39","date_gmt":"2026-03-31T01:07:39","guid":{"rendered":"https:\/\/bigbuy.tupique.com\/produto\/tablet-xiaomi-pad-7-112-octa-core-8-gb-ram-128-gb-green\/"},"modified":"2026-05-11T19:55:31","modified_gmt":"2026-05-11T17:55:31","slug":"tablet-xiaomi-pad-7-112-octa-core-8-gb-ram-128-gb-green","status":"publish","type":"product","link":"https:\/\/bigbuy.tupique.com\/pt\/produto\/tablet-xiaomi-pad-7-112-octa-core-8-gb-ram-128-gb-green\/","title":{"rendered":"Tablette Xiaomi Pad 7 11,2&#8243; Octa Core 8 GB RAM 128 GB Vert"},"content":{"rendered":"<p>Si vous \u00eates passionn\u00e9 d&#8217;<b>informatique et d&#8217;\u00e9lectronique<\/b>, si vous \u00eates \u00e0 la pointe de la technologie et qu&#8217;aucun d\u00e9tail ne vous \u00e9chappe, achetez <b>Tablette Xiaomi Pad 7 11,2&#8243; Octa Core 8 GB RAM 128 GB Vert<\/b> au meilleur prix.<\/p>\n<p>La <b>tablette<\/b> <b>Xiaomi Pad 7<\/b> en vert est con\u00e7ue pour offrir un \u00e9quilibre remarquable entre performance et fonctionnalit\u00e9 dans un format portable et polyvalent. Dot\u00e9e de <b>8 Go de RAM<\/b> et de <b>128 Go de stockage interne<\/b>, elle permet de g\u00e9rer efficacement des applications exigeantes, des fichiers multim\u00e9dias et le multit\u00e2che, convenant aussi bien \u00e0 la productivit\u00e9 qu\u2019au divertissement. Son <b>\u00e9cran de 11,2 pouces<\/b> offre une surface visuelle spacieuse et de haute qualit\u00e9, id\u00e9ale pour regarder du contenu, lire ou travailler sur des documents, garantissant une exp\u00e9rience nette et immersive. Pour les appels vid\u00e9o, les cours en ligne ou la prise de photos, elle dispose d\u2019un double appareil photo : <b>cam\u00e9ra frontale de 8 m\u00e9gapixels<\/b> pour des appels vid\u00e9o clairs et <b>cam\u00e9ra arri\u00e8re de 13 m\u00e9gapixels<\/b> adapt\u00e9e aux photos et \u00e0 la num\u00e9risation de documents. Le port <b>USB-C<\/b> assure une connectivit\u00e9 moderne et pratique pour la recharge rapide et le transfert de donn\u00e9es. De plus, son design compact et sa couleur verte lui conf\u00e8rent un aspect moderne et distinctif, s\u2019adaptant facilement \u00e0 diff\u00e9rents styles de vie et environnements. Gr\u00e2ce \u00e0 ces caract\u00e9ristiques techniques et \u00e0 la fiabilit\u00e9 de la marque Xiaomi, la Pad 7 se positionne comme une option \u00e9quilibr\u00e9e sur le march\u00e9 des tablettes, offrant les fonctions essentielles recherch\u00e9es pour le quotidien, les loisirs et le travail mobile.<\/p>\n<ul>\n<li>Diagonale de l&#8217;\u00e9cran (cm): 28,4 cm<\/li>\n<li>Type: Tablette<\/li>\n<li>Produit \u00e0 brancher: Oui<\/li>\n<li>Bloc d\u2019Alimentation:\n<ul>\n<li>r\u00e9seau \u00e9lectrique<\/li>\n<li>USB<\/li>\n<\/ul>\n<\/li>\n<li>Indice de r\u00e9parabilit\u00e9: 8.1<\/li>\n<li>Technologie:\n<ul>\n<li>IPS LCD<\/li>\n<li>LED<\/li>\n<li>IPS<\/li>\n<li>IPS LED<\/li>\n<li>TFT<\/li>\n<li>Retina LED<\/li>\n<li>Super AMOLED<\/li>\n<li>AMOLED<\/li>\n<li>LCD IPS<\/li>\n<li>Tactile<\/li>\n<li>OTG<\/li>\n<li>Glonass<\/li>\n<li>Dolby Atmos<\/li>\n<li>Corning Gorilla Glass<\/li>\n<li>WXGA TFT<\/li>\n<li>PLS<\/li>\n<li>90 Hz<\/li>\n<li>OLED<\/li>\n<li>LCD<\/li>\n<li>Capacitive<\/li>\n<li>VT-d<\/li>\n<li>VT-x<\/li>\n<li>52.1 Dynamic AMOLED 2X<\/li>\n<\/ul>\n<\/li>\n<li>Syst\u00e8me d&#8217;exploitation:\n<ul>\n<li>Android<\/li>\n<li>Android 13<\/li>\n<\/ul>\n<\/li>\n<li>Connectivit\u00e9:\n<ul>\n<li>Wi-Fi<\/li>\n<li>5G<\/li>\n<li>Wi-Fi 6 GHz<\/li>\n<\/ul>\n<\/li>\n<li>Cam\u00e9ra\/Appareil Photo:\n<ul>\n<li>8 mpx<\/li>\n<li>13 mpx<\/li>\n<li>8 MP<\/li>\n<li>13 MP<\/li>\n<li>Arri\u00e8re<\/li>\n<\/ul>\n<\/li>\n<li>Connexions:\n<ul>\n<li>USB-C<\/li>\n<li>MicroSD<\/li>\n<li>USB-C OTG x 1<\/li>\n<li>Combo de sortie casque\/micro<\/li>\n<li>USB-C 3.2 Gen 1 (3.1 Gen 1)<\/li>\n<\/ul>\n<\/li>\n<li>Ecran: 11,2&#8243;<\/li>\n<li>Processeur: Octa Core<\/li>\n<li>M\u00e9moire RAM: 8 GB RAM<\/li>\n<li>M\u00e9moire interne: 128 GB<\/li>\n<li>Couleur: Vert<\/li>\n<li>Caract\u00e9ristiques: Cam\u00e9ra frontale<\/li>\n<li>Classification \u00e9nerg\u00e9tique: F<\/li>\n<li>Fr\u00e9quence: 144 Hz<\/li>\n<li>puissance: 45 W<\/li>\n<li>Fonctions: Acc\u00e9l\u00e9rom\u00e8tre<\/li>\n<li>R\u00e9solution: LCD<\/li>\n<li>vitesse: 30 fps<\/li>\n<li>Non Inclus:\n<ul>\n<li>Adaptateur AC<\/li>\n<li>Connexion au r\u00e9seau mobile<\/li>\n<\/ul>\n<\/li>\n<li>Flux lumineux: 800 lm<\/li>\n<li>Ouverture: f\/2.2<\/li>\n<li>Rapport d&#8217;aspect: 3:2<\/li>\n<li>Noyaux: 8 Noyaux<\/li>\n<li>Type de m\u00e9moire: LPDDR5<\/li>\n<li>Famille de processeurs: Qualcomm Snapdragon<\/li>\n<li>R\u00e9solution (px): 2560 X 1536 PX<\/li>\n<li>Type de stockage: Flash<\/li>\n<\/ul>","protected":false},"excerpt":{"rendered":"<p>Si vous \u00eates passionn\u00e9 d&#8217;informatique et d&#8217;\u00e9lectronique, si vous \u00eates \u00e0 la pointe de la technologie et qu&#8217;aucun d\u00e9tail ne vous \u00e9chappe, achetez Tablette Xiaomi Pad 7 11,2&#8243; Octa Core 8 GB RAM 128 GB Vert au meilleur prix. La tablette Xiaomi Pad 7 en vert est con\u00e7ue pour offrir un \u00e9quilibre remarquable entre performance [&hellip;]<\/p>\n","protected":false},"featured_media":170883,"comment_status":"open","ping_status":"closed","template":"","meta":[],"product_brand":[525],"product_cat":[575,65,1052],"product_tag":[566,106],"class_list":{"0":"post-50526","1":"product","2":"type-product","3":"status-publish","4":"has-post-thumbnail","6":"product_brand-brandp_1269","7":"product_cat-electronique-telephonie-et-tablettes","8":"product_cat-informatique-electronique","9":"product_cat-tablettes","10":"product_tag-tag_547","11":"product_tag-tag_1295","13":"first","14":"instock","15":"taxable","16":"shipping-taxable","17":"purchasable","18":"product-type-simple"},"_links":{"self":[{"href":"https:\/\/bigbuy.tupique.com\/pt\/wp-json\/wp\/v2\/product\/50526","targetHints":{"allow":["GET"]}}],"collection":[{"href":"https:\/\/bigbuy.tupique.com\/pt\/wp-json\/wp\/v2\/product"}],"about":[{"href":"https:\/\/bigbuy.tupique.com\/pt\/wp-json\/wp\/v2\/types\/product"}],"replies":[{"embeddable":true,"href":"https:\/\/bigbuy.tupique.com\/pt\/wp-json\/wp\/v2\/comments?post=50526"}],"wp:featuredmedia":[{"embeddable":true,"href":"https:\/\/bigbuy.tupique.com\/pt\/wp-json\/wp\/v2\/media\/170883"}],"wp:attachment":[{"href":"https:\/\/bigbuy.tupique.com\/pt\/wp-json\/wp\/v2\/media?parent=50526"}],"wp:term":[{"taxonomy":"product_brand","embeddable":true,"href":"https:\/\/bigbuy.tupique.com\/pt\/wp-json\/wp\/v2\/product_brand?post=50526"},{"taxonomy":"product_cat","embeddable":true,"href":"https:\/\/bigbuy.tupique.com\/pt\/wp-json\/wp\/v2\/product_cat?post=50526"},{"taxonomy":"product_tag","embeddable":true,"href":"https:\/\/bigbuy.tupique.com\/pt\/wp-json\/wp\/v2\/product_tag?post=50526"}],"curies":[{"name":"wp","href":"https:\/\/api.w.org\/{rel}","templated":true}]}}