{"id":50286,"date":"2026-03-31T01:50:27","date_gmt":"2026-03-31T00:50:27","guid":{"rendered":"https:\/\/bigbuy.tupique.com\/produto\/tap-grohe-34469001\/"},"modified":"2026-05-11T20:02:27","modified_gmt":"2026-05-11T18:02:27","slug":"tap-grohe-34469001","status":"publish","type":"product","link":"https:\/\/bigbuy.tupique.com\/pt\/produto\/tap-grohe-34469001\/","title":{"rendered":"Robinet Grohe 34469001"},"content":{"rendered":"<p>Si vous aimez prendre soin de chaque d\u00e9tail de votre maiosn et d&#8217;\u00eatre \u00e0 la derni\u00e8re mode en mati\u00e8re de produits qui vous rendront la vie plus facile, achetez <b>Robinet Grohe 34469001<\/b> au meilleur prix.<\/p>\n<p>Le <b>mitigeur thermostatique de douche Grohtherm 2000 34469001<\/b> de <b>Grohe<\/b> est un <b>robinet<\/b> con\u00e7u pour offrir un contr\u00f4le pr\u00e9cis et s\u00fbr de la temp\u00e9rature de l&#8217;eau sous la douche gr\u00e2ce \u00e0 sa technologie thermostatique avanc\u00e9e. Il se fixe au mur et reste apparent, facilitant ainsi son installation et son entretien. Ce mod\u00e8le se distingue par sa finition <b>chrom\u00e9e<\/b> avec la technologie <b>GROHE StarLight Chrome<\/b>, qui garantit une surface brillante, r\u00e9sistante aux rayures et facile \u00e0 nettoyer, conservant son aspect impeccable pendant des ann\u00e9es. L\u2019innovation <b>GROHE CoolTouch<\/b> int\u00e8gre un bo\u00eetier ext\u00e9rieur s\u00e9curis\u00e9 qui emp\u00eache le corps du mitigeur de chauffer, \u00e9vitant ainsi les br\u00fblures accidentelles. De plus, il comprend des raccords avec rosaces CoolTouch pour plus de s\u00e9curit\u00e9 et d\u2019esth\u00e9tique. Parmi ses fonctions de s\u00e9curit\u00e9, il int\u00e8gre le syst\u00e8me <b>GROHE SafeStop<\/b>, qui limite la temp\u00e9rature maximale de l\u2019eau \u00e0 <b>38 \u00b0C<\/b> pour pr\u00e9venir les br\u00fblures, ainsi qu\u2019un <b>limitateur SafeStop Plus<\/b> fixant une limite suppl\u00e9mentaire \u00e0 <b>43 \u00b0C<\/b>, offrant une protection renforc\u00e9e dans les foyers \u00e0 risque, notamment avec enfants ou personnes \u00e2g\u00e9es. La commande Aqua Paddle permet une manipulation intuitive et confortable, facilitant le r\u00e9glage du d\u00e9bit et de la temp\u00e9rature d\u2019un simple geste. Ce mitigeur thermostatique est compatible avec les syst\u00e8mes standards et r\u00e9pond aux exigences de qualit\u00e9 et de design propres \u00e0 Grohe, fabricant europ\u00e9en reconnu d\u2019\u00e9quipements sanitaires. Son \u00e9quilibre entre fonctionnalit\u00e9, s\u00e9curit\u00e9 et finition chrom\u00e9e en fait une solution fiable et durable pour toute salle de bains recherchant efficacit\u00e9 et confort sous la douche. Produit id\u00e9al pour les utilisateurs qui appr\u00e9cient la technologie thermostatique de pr\u00e9cision associ\u00e9e \u00e0 des finitions premium et des mesures de protection avanc\u00e9es dans leur robinetterie de salle de bains.<\/p>\n<ul>\n<li>Caract\u00e9ristiques:\n<ul>\n<li>R\u00e9gulateur de temp\u00e9rature<\/li>\n<li>\u00c9conomie d&#8217;eau<\/li>\n<\/ul>\n<\/li>\n<li>Finition: Chrome<\/li>\n<li>Type d&#8217;installation: Montage mural<\/li>\n<li>Type: De douche<\/li>\n<\/ul>","protected":false},"excerpt":{"rendered":"<p>Si vous aimez prendre soin de chaque d\u00e9tail de votre maiosn et d&#8217;\u00eatre \u00e0 la derni\u00e8re mode en mati\u00e8re de produits qui vous rendront la vie plus facile, achetez Robinet Grohe 34469001 au meilleur prix. Le mitigeur thermostatique de douche Grohtherm 2000 34469001 de Grohe est un robinet con\u00e7u pour offrir un contr\u00f4le pr\u00e9cis et [&hellip;]<\/p>\n","protected":false},"featured_media":50285,"comment_status":"open","ping_status":"closed","template":"","meta":[],"product_brand":[848],"product_cat":[781,239,780],"product_tag":[59,210],"class_list":{"0":"post-50286","1":"product","2":"type-product","3":"status-publish","4":"has-post-thumbnail","6":"product_brand-brandp_3107","7":"product_cat-accessoires-et-robinets","8":"product_cat-maison-jardin","9":"product_cat-salle-de-bain","10":"product_tag-tag_1304","11":"product_tag-tag_25","13":"first","14":"instock","15":"taxable","16":"shipping-taxable","17":"purchasable","18":"product-type-simple"},"_links":{"self":[{"href":"https:\/\/bigbuy.tupique.com\/pt\/wp-json\/wp\/v2\/product\/50286","targetHints":{"allow":["GET"]}}],"collection":[{"href":"https:\/\/bigbuy.tupique.com\/pt\/wp-json\/wp\/v2\/product"}],"about":[{"href":"https:\/\/bigbuy.tupique.com\/pt\/wp-json\/wp\/v2\/types\/product"}],"replies":[{"embeddable":true,"href":"https:\/\/bigbuy.tupique.com\/pt\/wp-json\/wp\/v2\/comments?post=50286"}],"wp:featuredmedia":[{"embeddable":true,"href":"https:\/\/bigbuy.tupique.com\/pt\/wp-json\/wp\/v2\/media\/50285"}],"wp:attachment":[{"href":"https:\/\/bigbuy.tupique.com\/pt\/wp-json\/wp\/v2\/media?parent=50286"}],"wp:term":[{"taxonomy":"product_brand","embeddable":true,"href":"https:\/\/bigbuy.tupique.com\/pt\/wp-json\/wp\/v2\/product_brand?post=50286"},{"taxonomy":"product_cat","embeddable":true,"href":"https:\/\/bigbuy.tupique.com\/pt\/wp-json\/wp\/v2\/product_cat?post=50286"},{"taxonomy":"product_tag","embeddable":true,"href":"https:\/\/bigbuy.tupique.com\/pt\/wp-json\/wp\/v2\/product_tag?post=50286"}],"curies":[{"name":"wp","href":"https:\/\/api.w.org\/{rel}","templated":true}]}}