{"id":49874,"date":"2026-03-31T00:59:35","date_gmt":"2026-03-30T23:59:35","guid":{"rendered":"https:\/\/bigbuy.tupique.com\/produto\/ladies-watch-philipp-plein-pwpua0224-o-44-mm\/"},"modified":"2026-05-11T20:03:23","modified_gmt":"2026-05-11T18:03:23","slug":"ladies-watch-philipp-plein-pwpua0224-o-44-mm","status":"publish","type":"product","link":"https:\/\/bigbuy.tupique.com\/pt\/produto\/ladies-watch-philipp-plein-pwpua0224-o-44-mm\/","title":{"rendered":"Montre Femme PHILIPP PLEIN PWPUA0224 (\u00d8 44 mm)"},"content":{"rendered":"<p>Si vous aimez suivre les derni\u00e8res tendances en mati\u00e8re de mode et accessoires, achetez <b>Montre Femme PHILIPP PLEIN PWPUA0224 (\u00d8 44 mm)<\/b> au meilleur prix.<\/p>\n<ul>\n<li>Genre: Femme<\/li>\n<li>Liens suppl\u00e9mentaires: Non<\/li>\n<li>Type de montre: Montre-bracelet<\/li>\n<li>Couleur: Noir<\/li>\n<li>Mati\u00e8re: Acier inoxydable<\/li>\n<li>Caract\u00e9ristiques: R\u00e9sistant \u00e0 l&#8217;eau<\/li>\n<li>Materiau du bo\u00eetier: Acier inoxydable<\/li>\n<li>Bloc d\u2019Alimentation: Batterie<\/li>\n<li>Type de fermeture: Boucle<\/li>\n<li>Diam\u00e8tre du bo\u00eetier: \u00d8 44 mm<\/li>\n<\/ul>","protected":false},"excerpt":{"rendered":"<p>Si vous aimez suivre les derni\u00e8res tendances en mati\u00e8re de mode et accessoires, achetez Montre Femme PHILIPP PLEIN PWPUA0224 (\u00d8 44 mm) au meilleur prix. Genre: Femme Liens suppl\u00e9mentaires: Non Type de montre: Montre-bracelet Couleur: Noir Mati\u00e8re: Acier inoxydable Caract\u00e9ristiques: R\u00e9sistant \u00e0 l&#8217;eau Materiau du bo\u00eetier: Acier inoxydable Bloc d\u2019Alimentation: Batterie Type de fermeture: Boucle [&hellip;]<\/p>\n","protected":false},"featured_media":49869,"comment_status":"open","ping_status":"closed","template":"","meta":[],"product_brand":[1236],"product_cat":[544,546,545],"product_tag":[103,542,543],"class_list":{"0":"post-49874","1":"product","2":"type-product","3":"status-publish","4":"has-post-thumbnail","6":"product_brand-brandp_5653","7":"product_cat-mode-accessoires","8":"product_cat-montres-femme","9":"product_cat-montres-bracelets","10":"product_tag-tag_1261","11":"product_tag-tag_1274","12":"product_tag-tag_61","14":"first","15":"instock","16":"taxable","17":"shipping-taxable","18":"purchasable","19":"product-type-simple"},"_links":{"self":[{"href":"https:\/\/bigbuy.tupique.com\/pt\/wp-json\/wp\/v2\/product\/49874","targetHints":{"allow":["GET"]}}],"collection":[{"href":"https:\/\/bigbuy.tupique.com\/pt\/wp-json\/wp\/v2\/product"}],"about":[{"href":"https:\/\/bigbuy.tupique.com\/pt\/wp-json\/wp\/v2\/types\/product"}],"replies":[{"embeddable":true,"href":"https:\/\/bigbuy.tupique.com\/pt\/wp-json\/wp\/v2\/comments?post=49874"}],"wp:featuredmedia":[{"embeddable":true,"href":"https:\/\/bigbuy.tupique.com\/pt\/wp-json\/wp\/v2\/media\/49869"}],"wp:attachment":[{"href":"https:\/\/bigbuy.tupique.com\/pt\/wp-json\/wp\/v2\/media?parent=49874"}],"wp:term":[{"taxonomy":"product_brand","embeddable":true,"href":"https:\/\/bigbuy.tupique.com\/pt\/wp-json\/wp\/v2\/product_brand?post=49874"},{"taxonomy":"product_cat","embeddable":true,"href":"https:\/\/bigbuy.tupique.com\/pt\/wp-json\/wp\/v2\/product_cat?post=49874"},{"taxonomy":"product_tag","embeddable":true,"href":"https:\/\/bigbuy.tupique.com\/pt\/wp-json\/wp\/v2\/product_tag?post=49874"}],"curies":[{"name":"wp","href":"https:\/\/api.w.org\/{rel}","templated":true}]}}