{"id":49528,"date":"2026-03-31T00:26:27","date_gmt":"2026-03-30T23:26:27","guid":{"rendered":"https:\/\/bigbuy.tupique.com\/produto\/server-hpe-p87455-425\/"},"modified":"2026-04-16T20:46:37","modified_gmt":"2026-04-16T19:46:37","slug":"server-hpe-p87455-425","status":"publish","type":"product","link":"https:\/\/bigbuy.tupique.com\/pt\/produto\/server-hpe-p87455-425\/","title":{"rendered":"Serveur HPE P87455-425"},"content":{"rendered":"<p>Si vous \u00eates \u00e0 la recherche de nouvelles tendances sur le march\u00e9, nous vous pr\u00e9sentons <b>Serveur HPE P87455-425<\/b> !<\/p>\n<ul>\n<li>Type: Serveur<\/li>\n<li>Produit \u00e0 brancher: Oui<\/li>\n<li>Connexions: Ethernet LAN<\/li>\n<li>Bloc d\u2019Alimentation:\n<ul>\n<li>180 W<\/li>\n<li>180 V<\/li>\n<\/ul>\n<\/li>\n<li>Type de m\u00e9moire: DDR5 SDRAM<\/li>\n<li>Interface: Gigabit Ethernet<\/li>\n<li>Non Inclus: Type d&#8217;unit\u00e9 optique<\/li>\n<\/ul>","protected":false},"excerpt":{"rendered":"<p>Si vous \u00eates \u00e0 la recherche de nouvelles tendances sur le march\u00e9, nous vous pr\u00e9sentons Serveur HPE P87455-425 ! Type: Serveur Produit \u00e0 brancher: Oui Connexions: Ethernet LAN Bloc d\u2019Alimentation: 180 W 180 V Type de m\u00e9moire: DDR5 SDRAM Interface: Gigabit Ethernet Non Inclus: Type d&#8217;unit\u00e9 optique<\/p>","protected":false},"featured_media":49527,"comment_status":"open","ping_status":"closed","template":"","meta":[],"product_brand":[644],"product_cat":[65,958,959],"product_tag":[106],"class_list":{"0":"post-49528","1":"product","2":"type-product","3":"status-publish","4":"has-post-thumbnail","6":"product_brand-brandp_662","7":"product_cat-informatique-electronique","8":"product_cat-informatique-ordinateurs","9":"product_cat-serveurs","10":"product_tag-tag_1295","12":"first","13":"instock","14":"taxable","15":"shipping-taxable","16":"purchasable","17":"product-type-simple"},"_links":{"self":[{"href":"https:\/\/bigbuy.tupique.com\/pt\/wp-json\/wp\/v2\/product\/49528","targetHints":{"allow":["GET"]}}],"collection":[{"href":"https:\/\/bigbuy.tupique.com\/pt\/wp-json\/wp\/v2\/product"}],"about":[{"href":"https:\/\/bigbuy.tupique.com\/pt\/wp-json\/wp\/v2\/types\/product"}],"replies":[{"embeddable":true,"href":"https:\/\/bigbuy.tupique.com\/pt\/wp-json\/wp\/v2\/comments?post=49528"}],"wp:featuredmedia":[{"embeddable":true,"href":"https:\/\/bigbuy.tupique.com\/pt\/wp-json\/wp\/v2\/media\/49527"}],"wp:attachment":[{"href":"https:\/\/bigbuy.tupique.com\/pt\/wp-json\/wp\/v2\/media?parent=49528"}],"wp:term":[{"taxonomy":"product_brand","embeddable":true,"href":"https:\/\/bigbuy.tupique.com\/pt\/wp-json\/wp\/v2\/product_brand?post=49528"},{"taxonomy":"product_cat","embeddable":true,"href":"https:\/\/bigbuy.tupique.com\/pt\/wp-json\/wp\/v2\/product_cat?post=49528"},{"taxonomy":"product_tag","embeddable":true,"href":"https:\/\/bigbuy.tupique.com\/pt\/wp-json\/wp\/v2\/product_tag?post=49528"}],"curies":[{"name":"wp","href":"https:\/\/api.w.org\/{rel}","templated":true}]}}