{"id":49388,"date":"2026-03-31T00:15:16","date_gmt":"2026-03-30T23:15:16","guid":{"rendered":"https:\/\/bigbuy.tupique.com\/produto\/smartphone-apple-61-hexa-core-8-gb-ram-256-gb-black\/"},"modified":"2026-04-16T16:37:31","modified_gmt":"2026-04-16T15:37:31","slug":"smartphone-apple-61-hexa-core-8-gb-ram-256-gb-black","status":"publish","type":"product","link":"https:\/\/bigbuy.tupique.com\/pt\/produto\/smartphone-apple-61-hexa-core-8-gb-ram-256-gb-black\/","title":{"rendered":"Smartphone Apple iPhone 17e 6,1&#8243; Hexa Core 8 GB RAM 256 GB Noir"},"content":{"rendered":"<p>Si vous \u00eates passionn\u00e9 d&#8217;<b>informatique et d&#8217;\u00e9lectronique<\/b>, si vous \u00eates \u00e0 la pointe de la technologie et qu&#8217;aucun d\u00e9tail ne vous \u00e9chappe, achetez <b>Smartphone Apple iPhone 17e 6,1&#8243; Hexa Core 8 GB RAM 256 GB Noir<\/b> au meilleur prix.<\/p>\n<p>Le <b>smartphone Apple iPhone 17e<\/b> de couleur <b>noire<\/b> offre une configuration \u00e9quilibr\u00e9e pour un usage fluide et actuel gr\u00e2ce \u00e0 ses <b>8 Go de RAM<\/b> et \u00e0 son processeur <b>Hexa Core<\/b>, qui permettent d\u2019ex\u00e9cuter plusieurs applications et t\u00e2ches en parall\u00e8le tout en maintenant de bonnes performances et une gestion efficace de l\u2019\u00e9nergie. Il int\u00e8gre un <b>\u00e9cran de 6,1&#8243;<\/b> (env. <b>15,5 cm<\/b>) con\u00e7u pour assurer une bonne lisibilit\u00e9 du texte et un affichage confortable des contenus multim\u00e9dias dans un format compact, avec un bo\u00eetier de <b>14,7 x 7,2 x 0,8 cm<\/b> qui facilite la prise en main et l\u2019utilisation \u00e0 une seule main. La m\u00e9moire interne de <b>256 Go<\/b> offre un espace g\u00e9n\u00e9reux pour les applications, photos, vid\u00e9os et fichiers sans d\u00e9pendre autant de services externes, tandis que le syst\u00e8me d\u2019exploitation <b>iOS<\/b> garantit une exp\u00e9rience stable, \u00e9volutive et avec acc\u00e8s \u00e0 tout l\u2019\u00e9cosyst\u00e8me d\u2019apps Apple. C\u00f4t\u00e9 photo, il combine un <b>appareil principal jusqu\u2019\u00e0 48 MP<\/b> avec un capteur de <b>12 m\u00e9gapixels<\/b> permettant de capturer des images d\u00e9taill\u00e9es et nettes, adapt\u00e9es \u00e0 diff\u00e9rentes conditions de luminosit\u00e9, ainsi qu\u2019un enregistrement vid\u00e9o de haute qualit\u00e9 adapt\u00e9 \u00e0 un usage quotidien et aux r\u00e9seaux sociaux. La connectivit\u00e9 est \u00e0 jour avec la <b>5G<\/b> pour des t\u00e9l\u00e9chargements rapides et une navigation fluide, le <b>NFC<\/b> pour les paiements mobiles et autres usages de connectivit\u00e9 de proximit\u00e9, et un <b>port USB\u2011C<\/b> qui simplifie la recharge et la connexion d\u2019accessoires et de c\u00e2bles compatibles avec le standard actuel du march\u00e9. La recharge filaire accepte jusqu\u2019\u00e0 <b>30 W<\/b>, ce qui permet de r\u00e9cup\u00e9rer de la batterie plus rapidement avec un chargeur adapt\u00e9, et l\u2019appareil est livr\u00e9 avec une <b>prise UE<\/b> pour une utilisation sur les installations \u00e9lectriques europ\u00e9ennes de <b>r\u00e9seau \u00e9lectrique<\/b> conventionnel. L\u2019ensemble positionne l\u2019<b>Apple iPhone 17e<\/b> comme un smartphone iOS complet et moderne, con\u00e7u pour ceux qui recherchent un \u00e9quilibre solide entre performances, appareil photo et connectivit\u00e9 dans un format de 6,1 pouces.<\/p>\n<ul>\n<li>Diagonale de l&#8217;\u00e9cran (cm): 15,5 cm<\/li>\n<li>Type: Smartphone<\/li>\n<li>Bloc d\u2019Alimentation: r\u00e9seau \u00e9lectrique<\/li>\n<li>Produit \u00e0 brancher: Oui<\/li>\n<li>Type de prise: Prise EU<\/li>\n<li>Ecran: 6,1&#8243;<\/li>\n<li>Syst\u00e8me d&#8217;exploitation: iOS<\/li>\n<li>puissance: 30 W<\/li>\n<li>Connectivit\u00e9:\n<ul>\n<li>NFC<\/li>\n<li>5G<\/li>\n<\/ul>\n<\/li>\n<li>Cam\u00e9ra\/Appareil Photo:\n<ul>\n<li>12 mpx<\/li>\n<li>48 MP<\/li>\n<\/ul>\n<\/li>\n<li>Connexions: USB-C<\/li>\n<li>Processeur: Hexa Core<\/li>\n<li>M\u00e9moire RAM: 8 GB RAM<\/li>\n<li>M\u00e9moire interne: 256 GB<\/li>\n<li>Couleur: Noir<\/li>\n<\/ul>","protected":false},"excerpt":{"rendered":"<p>Si vous \u00eates passionn\u00e9 d&#8217;informatique et d&#8217;\u00e9lectronique, si vous \u00eates \u00e0 la pointe de la technologie et qu&#8217;aucun d\u00e9tail ne vous \u00e9chappe, achetez Smartphone Apple iPhone 17e 6,1&#8243; Hexa Core 8 GB RAM 256 GB Noir au meilleur prix. Le smartphone Apple iPhone 17e de couleur noire offre une configuration \u00e9quilibr\u00e9e pour un usage fluide [&hellip;]<\/p>\n","protected":false},"featured_media":179922,"comment_status":"open","ping_status":"closed","template":"","meta":[],"product_brand":[979],"product_cat":[575,65,960],"product_tag":[213,566,106],"class_list":{"0":"post-49388","1":"product","2":"type-product","3":"status-publish","4":"has-post-thumbnail","6":"product_brand-brandp_533","7":"product_cat-electronique-telephonie-et-tablettes","8":"product_cat-informatique-electronique","9":"product_cat-telephones-portables","10":"product_tag-tag_933","11":"product_tag-tag_547","12":"product_tag-tag_1295","14":"first","15":"instock","16":"taxable","17":"shipping-taxable","18":"purchasable","19":"product-type-simple"},"_links":{"self":[{"href":"https:\/\/bigbuy.tupique.com\/pt\/wp-json\/wp\/v2\/product\/49388","targetHints":{"allow":["GET"]}}],"collection":[{"href":"https:\/\/bigbuy.tupique.com\/pt\/wp-json\/wp\/v2\/product"}],"about":[{"href":"https:\/\/bigbuy.tupique.com\/pt\/wp-json\/wp\/v2\/types\/product"}],"replies":[{"embeddable":true,"href":"https:\/\/bigbuy.tupique.com\/pt\/wp-json\/wp\/v2\/comments?post=49388"}],"wp:featuredmedia":[{"embeddable":true,"href":"https:\/\/bigbuy.tupique.com\/pt\/wp-json\/wp\/v2\/media\/179922"}],"wp:attachment":[{"href":"https:\/\/bigbuy.tupique.com\/pt\/wp-json\/wp\/v2\/media?parent=49388"}],"wp:term":[{"taxonomy":"product_brand","embeddable":true,"href":"https:\/\/bigbuy.tupique.com\/pt\/wp-json\/wp\/v2\/product_brand?post=49388"},{"taxonomy":"product_cat","embeddable":true,"href":"https:\/\/bigbuy.tupique.com\/pt\/wp-json\/wp\/v2\/product_cat?post=49388"},{"taxonomy":"product_tag","embeddable":true,"href":"https:\/\/bigbuy.tupique.com\/pt\/wp-json\/wp\/v2\/product_tag?post=49388"}],"curies":[{"name":"wp","href":"https:\/\/api.w.org\/{rel}","templated":true}]}}