{"id":49153,"date":"2026-03-30T23:58:46","date_gmt":"2026-03-30T22:58:46","guid":{"rendered":"https:\/\/bigbuy.tupique.com\/produto\/tablet-xiaomi-25097rp43g-112-octa-core-qualcomm-snapdragon-8-elite-12-gb-ram-512-gb-grey\/"},"modified":"2026-05-11T19:55:55","modified_gmt":"2026-05-11T17:55:55","slug":"tablet-xiaomi-25097rp43g-112-octa-core-qualcomm-snapdragon-8-elite-12-gb-ram-512-gb-grey","status":"publish","type":"product","link":"https:\/\/bigbuy.tupique.com\/pt\/produto\/tablet-xiaomi-25097rp43g-112-octa-core-qualcomm-snapdragon-8-elite-12-gb-ram-512-gb-grey\/","title":{"rendered":"Tablette Xiaomi 25097RP43G 11,2&#8243; Octa Core Qualcomm Snapdragon 8 Elite 12 GB RAM 512 GB Gris"},"content":{"rendered":"<p>Si vous \u00eates \u00e0 la recherche de nouvelles tendances sur le march\u00e9, nous vous pr\u00e9sentons <b>Tablette Xiaomi 25097RP43G 11,2&#8243; Octa Core Qualcomm Snapdragon 8 Elite 12 GB RAM 512 GB Gris<\/b> !<\/p>\n<ul>\n<li>Diagonale de l&#8217;\u00e9cran (cm): 28,4 cm<\/li>\n<li>Type: Tablette<\/li>\n<li>Produit \u00e0 brancher: Oui<\/li>\n<li>Type de prise: Prise EU<\/li>\n<li>Bloc d\u2019Alimentation: r\u00e9seau \u00e9lectrique<\/li>\n<li>Connexions: USB-C<\/li>\n<li>Connectivit\u00e9: Wi-Fi<\/li>\n<li>Syst\u00e8me d&#8217;exploitation: Android<\/li>\n<li>Technologie: IPS LCD<\/li>\n<li>Ecran: 11,2&#8243;<\/li>\n<li>Processeur:\n<ul>\n<li>Octa Core<\/li>\n<li>Qualcomm Snapdragon 8 Elite<\/li>\n<\/ul>\n<\/li>\n<li>M\u00e9moire RAM: 12 GB RAM<\/li>\n<li>M\u00e9moire interne: 512 GB<\/li>\n<li>Couleur: Gris<\/li>\n<\/ul>","protected":false},"excerpt":{"rendered":"<p>Si vous \u00eates \u00e0 la recherche de nouvelles tendances sur le march\u00e9, nous vous pr\u00e9sentons Tablette Xiaomi 25097RP43G 11,2&#8243; Octa Core Qualcomm Snapdragon 8 Elite 12 GB RAM 512 GB Gris ! Diagonale de l&#8217;\u00e9cran (cm): 28,4 cm Type: Tablette Produit \u00e0 brancher: Oui Type de prise: Prise EU Bloc d\u2019Alimentation: r\u00e9seau \u00e9lectrique Connexions: USB-C [&hellip;]<\/p>\n","protected":false},"featured_media":49148,"comment_status":"open","ping_status":"closed","template":"","meta":[],"product_brand":[525],"product_cat":[575,65,1052],"product_tag":[566,106],"class_list":{"0":"post-49153","1":"product","2":"type-product","3":"status-publish","4":"has-post-thumbnail","6":"product_brand-brandp_1269","7":"product_cat-electronique-telephonie-et-tablettes","8":"product_cat-informatique-electronique","9":"product_cat-tablettes","10":"product_tag-tag_547","11":"product_tag-tag_1295","13":"first","14":"instock","15":"taxable","16":"shipping-taxable","17":"purchasable","18":"product-type-simple"},"_links":{"self":[{"href":"https:\/\/bigbuy.tupique.com\/pt\/wp-json\/wp\/v2\/product\/49153","targetHints":{"allow":["GET"]}}],"collection":[{"href":"https:\/\/bigbuy.tupique.com\/pt\/wp-json\/wp\/v2\/product"}],"about":[{"href":"https:\/\/bigbuy.tupique.com\/pt\/wp-json\/wp\/v2\/types\/product"}],"replies":[{"embeddable":true,"href":"https:\/\/bigbuy.tupique.com\/pt\/wp-json\/wp\/v2\/comments?post=49153"}],"wp:featuredmedia":[{"embeddable":true,"href":"https:\/\/bigbuy.tupique.com\/pt\/wp-json\/wp\/v2\/media\/49148"}],"wp:attachment":[{"href":"https:\/\/bigbuy.tupique.com\/pt\/wp-json\/wp\/v2\/media?parent=49153"}],"wp:term":[{"taxonomy":"product_brand","embeddable":true,"href":"https:\/\/bigbuy.tupique.com\/pt\/wp-json\/wp\/v2\/product_brand?post=49153"},{"taxonomy":"product_cat","embeddable":true,"href":"https:\/\/bigbuy.tupique.com\/pt\/wp-json\/wp\/v2\/product_cat?post=49153"},{"taxonomy":"product_tag","embeddable":true,"href":"https:\/\/bigbuy.tupique.com\/pt\/wp-json\/wp\/v2\/product_tag?post=49153"}],"curies":[{"name":"wp","href":"https:\/\/api.w.org\/{rel}","templated":true}]}}