{"id":49131,"date":"2026-03-30T23:57:58","date_gmt":"2026-03-30T22:57:58","guid":{"rendered":"https:\/\/bigbuy.tupique.com\/produto\/external-hard-drive-western-digital-my-passport-4-tb-ssd\/"},"modified":"2026-04-16T09:06:03","modified_gmt":"2026-04-16T08:06:03","slug":"external-hard-drive-western-digital-my-passport-4-tb-ssd","status":"publish","type":"product","link":"https:\/\/bigbuy.tupique.com\/pt\/produto\/external-hard-drive-western-digital-my-passport-4-tb-ssd\/","title":{"rendered":"Disque Dur Externe Western Digital My Passport 4 TB SSD"},"content":{"rendered":"<p>Si vous \u00eates passionn\u00e9 d&#8217;<b>informatique et d&#8217;\u00e9lectronique<\/b>, si vous \u00eates \u00e0 la pointe de la technologie et qu&#8217;aucun d\u00e9tail ne vous \u00e9chappe, achetez <b>Disque Dur Externe Western Digital My Passport 4 TB SSD<\/b> au meilleur prix.<\/p>\n<ul>\n<li>Connexions:\n<ul>\n<li>USB-C<\/li>\n<li>USB 3.2<\/li>\n<li>USB<\/li>\n<li>USB x 3<\/li>\n<\/ul>\n<\/li>\n<li>Disque dur:\n<ul>\n<li>4 TB SSD<\/li>\n<li>4 TB HDD<\/li>\n<\/ul>\n<\/li>\n<li>Type:\n<ul>\n<li>Disque Dur Externe<\/li>\n<li>SSD<\/li>\n<\/ul>\n<\/li>\n<li>Couleur: Gris<\/li>\n<li>vitesse:\n<ul>\n<li>1000 MB\/s<\/li>\n<li>1050 MB\/s<\/li>\n<\/ul>\n<\/li>\n<li>Mati\u00e8re: M\u00e9tal<\/li>\n<li>Caract\u00e9ristiques:\n<ul>\n<li>Sans fil<\/li>\n<li>Protection des donn\u00e9es\/mot de passe<\/li>\n<\/ul>\n<\/li>\n<li>S\u00e9curit\u00e9: AES 256-bits<\/li>\n<li>Non Inclus: Wi-Fi<\/li>\n<li>Type de stockage: SSD<\/li>\n<\/ul>","protected":false},"excerpt":{"rendered":"<p>Si vous \u00eates passionn\u00e9 d&#8217;informatique et d&#8217;\u00e9lectronique, si vous \u00eates \u00e0 la pointe de la technologie et qu&#8217;aucun d\u00e9tail ne vous \u00e9chappe, achetez Disque Dur Externe Western Digital My Passport 4 TB SSD au meilleur prix. Connexions: USB-C USB 3.2 USB USB x 3 Disque dur: 4 TB SSD 4 TB HDD Type: Disque Dur [&hellip;]<\/p>\n","protected":false},"featured_media":49116,"comment_status":"open","ping_status":"closed","template":"","meta":[],"product_brand":[792],"product_cat":[588,65,584],"product_tag":[106],"class_list":{"0":"post-49131","1":"product","2":"type-product","3":"status-publish","4":"has-post-thumbnail","6":"product_brand-brandp_589","7":"product_cat-disques-durs","8":"product_cat-informatique-electronique","9":"product_cat-informatique-reseaux-et-composants","10":"product_tag-tag_1295","12":"first","13":"instock","14":"taxable","15":"shipping-taxable","16":"purchasable","17":"product-type-simple"},"_links":{"self":[{"href":"https:\/\/bigbuy.tupique.com\/pt\/wp-json\/wp\/v2\/product\/49131","targetHints":{"allow":["GET"]}}],"collection":[{"href":"https:\/\/bigbuy.tupique.com\/pt\/wp-json\/wp\/v2\/product"}],"about":[{"href":"https:\/\/bigbuy.tupique.com\/pt\/wp-json\/wp\/v2\/types\/product"}],"replies":[{"embeddable":true,"href":"https:\/\/bigbuy.tupique.com\/pt\/wp-json\/wp\/v2\/comments?post=49131"}],"wp:featuredmedia":[{"embeddable":true,"href":"https:\/\/bigbuy.tupique.com\/pt\/wp-json\/wp\/v2\/media\/49116"}],"wp:attachment":[{"href":"https:\/\/bigbuy.tupique.com\/pt\/wp-json\/wp\/v2\/media?parent=49131"}],"wp:term":[{"taxonomy":"product_brand","embeddable":true,"href":"https:\/\/bigbuy.tupique.com\/pt\/wp-json\/wp\/v2\/product_brand?post=49131"},{"taxonomy":"product_cat","embeddable":true,"href":"https:\/\/bigbuy.tupique.com\/pt\/wp-json\/wp\/v2\/product_cat?post=49131"},{"taxonomy":"product_tag","embeddable":true,"href":"https:\/\/bigbuy.tupique.com\/pt\/wp-json\/wp\/v2\/product_tag?post=49131"}],"curies":[{"name":"wp","href":"https:\/\/api.w.org\/{rel}","templated":true}]}}