{"id":48847,"date":"2026-03-30T23:26:40","date_gmt":"2026-03-30T22:26:40","guid":{"rendered":"https:\/\/bigbuy.tupique.com\/produto\/smartphone-baume-mercier-petite-promesse-black-8-gb-ram-128-gb-656-o-30-mm\/"},"modified":"2026-04-15T07:38:23","modified_gmt":"2026-04-15T06:38:23","slug":"smartphone-baume-mercier-petite-promesse-black-8-gb-ram-128-gb-656-o-30-mm","status":"publish","type":"product","link":"https:\/\/bigbuy.tupique.com\/pt\/produto\/smartphone-baume-mercier-petite-promesse-black-8-gb-ram-128-gb-656-o-30-mm\/","title":{"rendered":"Smartphone Baume &amp; Mercier PETITE PROMESSE Noir 8 GB RAM 128 GB 6,56&#8243; (\u00d8 30 mm)"},"content":{"rendered":"<p>Si vous \u00eates \u00e0 la recherche de nouvelles tendances sur le march\u00e9, nous vous pr\u00e9sentons <b>Smartphone Baume &amp; Mercier PETITE PROMESSE Noir 8 GB RAM 128 GB 6,56&#8243; (\u00d8 30 mm)<\/b> !<\/p>\n<ul>\n<li>Couleur:\n<ul>\n<li>Noir<\/li>\n<li>Gris<\/li>\n<\/ul>\n<\/li>\n<li>M\u00e9moire RAM: 8 GB RAM<\/li>\n<li>Type de prise: Prise EU<\/li>\n<li>Type: Smartphone<\/li>\n<li>M\u00e9moire interne: 128 GB<\/li>\n<li>Produit \u00e0 brancher: Oui<\/li>\n<li>Ecran: 6,56&#8243;<\/li>\n<li>Diagonale de l&#8217;\u00e9cran (cm): 16,7 cm<\/li>\n<li>Caract\u00e9ristiques:\n<ul>\n<li>St\u00e9r\u00e9o<\/li>\n<li>Lecteur d&#8217;empreintes<\/li>\n<li>Boussole \u00e9lectronique<\/li>\n<\/ul>\n<\/li>\n<li>Acc\u00e9l\u00e9rom\u00e8tre: Oui<\/li>\n<li>Noyaux: 8<\/li>\n<li>Connectivit\u00e9:\n<ul>\n<li>Bluetooth<\/li>\n<li>Wi-Fi<\/li>\n<li>NFC<\/li>\n<li>Bluetooth 5.0<\/li>\n<li>GPS<\/li>\n<li>Wi-Fi 5 GHz<\/li>\n<li>Galileo<\/li>\n<li>nano SIM<\/li>\n<li>4G<\/li>\n<li>5G<\/li>\n<\/ul>\n<\/li>\n<li>GPS: Oui<\/li>\n<li>Cartes M\u00e9moire Compatibles: MicroSD (TransFlash)<\/li>\n<li>Rapport d&#8217;aspect: 20:9<\/li>\n<li>Connexions:\n<ul>\n<li>USB-C<\/li>\n<li>Dual SIM<\/li>\n<li>USB 2.0<\/li>\n<li>Jack 3.5 mm<\/li>\n<\/ul>\n<\/li>\n<li>Glonass: Oui<\/li>\n<li>Inclut:\n<ul>\n<li>Adaptateur AC<\/li>\n<li>C\u00e2ble USB-C<\/li>\n<li>Inclut un \u00e9tui ou une housse de la marque<\/li>\n<\/ul>\n<\/li>\n<li>Gyroscope: Oui<\/li>\n<li>R\u00e9solution: 269 PPP<\/li>\n<li>Fr\u00e9quence: 90 Hz<\/li>\n<li>Compatible: Google Assistant<\/li>\n<li>Processeur: MediaTek Helio G85<\/li>\n<li>\u00c9tui de protection: Oui<\/li>\n<li>R\u00e9solution (px):\n<ul>\n<li>1920 x 1080 px<\/li>\n<li>1612 X 720 PX<\/li>\n<\/ul>\n<\/li>\n<li>Zoom Num\u00e9rique: 4x<\/li>\n<li>vitesse: 2 GHz<\/li>\n<li>Taille maximale de la carte m\u00e9moire: 1 TB<\/li>\n<li>Poids approx.: 181 G<\/li>\n<li>Capacit\u00e9 de la batterie: 5000 mAh<\/li>\n<li>M\u00e9moire RAM maximale: 16 GB<\/li>\n<li>Syst\u00e8me d&#8217;exploitation: Android 14<\/li>\n<li>Technologie: IPS<\/li>\n<li>Bloc d\u2019Alimentation: r\u00e9seau \u00e9lectrique<\/li>\n<li>Mati\u00e8re: Diamants<\/li>\n<li>Genre: Femme<\/li>\n<li>Mat\u00e9riau du bracelet: Acier inoxydable<\/li>\n<li>Imperm\u00e9abilit\u00e9: 5 atm<\/li>\n<li>Verre: Saphir<\/li>\n<li>Type de mouvement: Automatique<\/li>\n<li>Diam\u00e8tre du bo\u00eetier de la montre: \u00d8 30 mm<\/li>\n<\/ul>","protected":false},"excerpt":{"rendered":"<p>Si vous \u00eates \u00e0 la recherche de nouvelles tendances sur le march\u00e9, nous vous pr\u00e9sentons Smartphone Baume &amp; Mercier PETITE PROMESSE Noir 8 GB RAM 128 GB 6,56&#8243; (\u00d8 30 mm) ! Couleur: Noir Gris M\u00e9moire RAM: 8 GB RAM Type de prise: Prise EU Type: Smartphone M\u00e9moire interne: 128 GB Produit \u00e0 brancher: Oui [&hellip;]<\/p>\n","protected":false},"featured_media":48845,"comment_status":"open","ping_status":"closed","template":"","meta":[],"product_brand":[1434],"product_cat":[544,546,545],"product_tag":[103,542,543],"class_list":{"0":"post-48847","1":"product","2":"type-product","3":"status-publish","4":"has-post-thumbnail","6":"product_brand-brandp_6827","7":"product_cat-mode-accessoires","8":"product_cat-montres-femme","9":"product_cat-montres-bracelets","10":"product_tag-tag_1261","11":"product_tag-tag_1274","12":"product_tag-tag_61","14":"first","15":"instock","16":"taxable","17":"shipping-taxable","18":"purchasable","19":"product-type-simple"},"_links":{"self":[{"href":"https:\/\/bigbuy.tupique.com\/pt\/wp-json\/wp\/v2\/product\/48847","targetHints":{"allow":["GET"]}}],"collection":[{"href":"https:\/\/bigbuy.tupique.com\/pt\/wp-json\/wp\/v2\/product"}],"about":[{"href":"https:\/\/bigbuy.tupique.com\/pt\/wp-json\/wp\/v2\/types\/product"}],"replies":[{"embeddable":true,"href":"https:\/\/bigbuy.tupique.com\/pt\/wp-json\/wp\/v2\/comments?post=48847"}],"wp:featuredmedia":[{"embeddable":true,"href":"https:\/\/bigbuy.tupique.com\/pt\/wp-json\/wp\/v2\/media\/48845"}],"wp:attachment":[{"href":"https:\/\/bigbuy.tupique.com\/pt\/wp-json\/wp\/v2\/media?parent=48847"}],"wp:term":[{"taxonomy":"product_brand","embeddable":true,"href":"https:\/\/bigbuy.tupique.com\/pt\/wp-json\/wp\/v2\/product_brand?post=48847"},{"taxonomy":"product_cat","embeddable":true,"href":"https:\/\/bigbuy.tupique.com\/pt\/wp-json\/wp\/v2\/product_cat?post=48847"},{"taxonomy":"product_tag","embeddable":true,"href":"https:\/\/bigbuy.tupique.com\/pt\/wp-json\/wp\/v2\/product_tag?post=48847"}],"curies":[{"name":"wp","href":"https:\/\/api.w.org\/{rel}","templated":true}]}}