{"id":48835,"date":"2026-03-30T23:26:16","date_gmt":"2026-03-30T22:26:16","guid":{"rendered":"https:\/\/bigbuy.tupique.com\/produto\/unisex-sunglasses-porsche-design-p8942\/"},"modified":"2026-05-11T20:03:24","modified_gmt":"2026-05-11T18:03:24","slug":"unisex-sunglasses-porsche-design-p8942","status":"publish","type":"product","link":"https:\/\/bigbuy.tupique.com\/pt\/produto\/unisex-sunglasses-porsche-design-p8942\/","title":{"rendered":"Lunettes de soleil Unisexe Porsche Design P8942"},"content":{"rendered":"<p>Si vous aimez avoir les derni\u00e8res nouveaut\u00e9s en<b>mode et accessoires<\/b> et si les accessoires sont indispensables pour l&#8217;ensemble de votre image, ne passez pas \u00e0 c\u00f4t\u00e9 de <b>Lunettes de soleil Unisexe Porsche Design P8942<\/b> ! B\u00e9n\u00e9ficiez des meilleures marques de <b>lunettes de soleil<\/b>.<\/p>\n<ul>\n<li>Type: Lunettes de soleil Unisexe<\/li>\n<li>Protection: Prot\u00e8gent contre 100 % des rayons UV (UV400)<\/li>\n<li>Genre:\n<ul>\n<li>Unisexe<\/li>\n<li>Homme<\/li>\n<\/ul>\n<\/li>\n<li>Mati\u00e8re: Plastique<\/li>\n<\/ul>","protected":false},"excerpt":{"rendered":"<p>Si vous aimez avoir les derni\u00e8res nouveaut\u00e9s enmode et accessoires et si les accessoires sont indispensables pour l&#8217;ensemble de votre image, ne passez pas \u00e0 c\u00f4t\u00e9 de Lunettes de soleil Unisexe Porsche Design P8942 ! B\u00e9n\u00e9ficiez des meilleures marques de lunettes de soleil. Type: Lunettes de soleil Unisexe Protection: Prot\u00e8gent contre 100 % des rayons [&hellip;]<\/p>\n","protected":false},"featured_media":48832,"comment_status":"open","ping_status":"closed","template":"","meta":[],"product_brand":[1172],"product_cat":[773,775,544],"product_tag":[103,721,543],"class_list":{"0":"post-48835","1":"product","2":"type-product","3":"status-publish","4":"has-post-thumbnail","6":"product_brand-brandp_1753","7":"product_cat-lunettes-de-soleil","8":"product_cat-lunettes-de-soleil-homme","9":"product_cat-mode-accessoires","10":"product_tag-tag_1261","11":"product_tag-tag_124","12":"product_tag-tag_61","14":"first","15":"instock","16":"taxable","17":"shipping-taxable","18":"purchasable","19":"product-type-simple"},"_links":{"self":[{"href":"https:\/\/bigbuy.tupique.com\/pt\/wp-json\/wp\/v2\/product\/48835","targetHints":{"allow":["GET"]}}],"collection":[{"href":"https:\/\/bigbuy.tupique.com\/pt\/wp-json\/wp\/v2\/product"}],"about":[{"href":"https:\/\/bigbuy.tupique.com\/pt\/wp-json\/wp\/v2\/types\/product"}],"replies":[{"embeddable":true,"href":"https:\/\/bigbuy.tupique.com\/pt\/wp-json\/wp\/v2\/comments?post=48835"}],"wp:featuredmedia":[{"embeddable":true,"href":"https:\/\/bigbuy.tupique.com\/pt\/wp-json\/wp\/v2\/media\/48832"}],"wp:attachment":[{"href":"https:\/\/bigbuy.tupique.com\/pt\/wp-json\/wp\/v2\/media?parent=48835"}],"wp:term":[{"taxonomy":"product_brand","embeddable":true,"href":"https:\/\/bigbuy.tupique.com\/pt\/wp-json\/wp\/v2\/product_brand?post=48835"},{"taxonomy":"product_cat","embeddable":true,"href":"https:\/\/bigbuy.tupique.com\/pt\/wp-json\/wp\/v2\/product_cat?post=48835"},{"taxonomy":"product_tag","embeddable":true,"href":"https:\/\/bigbuy.tupique.com\/pt\/wp-json\/wp\/v2\/product_tag?post=48835"}],"curies":[{"name":"wp","href":"https:\/\/api.w.org\/{rel}","templated":true}]}}