{"id":48733,"date":"2026-03-30T23:22:29","date_gmt":"2026-03-30T22:22:29","guid":{"rendered":"https:\/\/bigbuy.tupique.com\/produto\/gaming-monitor-benq-ma320up-4k-ultra-hd-315\/"},"modified":"2026-04-15T07:38:18","modified_gmt":"2026-04-15T06:38:18","slug":"gaming-monitor-benq-ma320up-4k-ultra-hd-315","status":"publish","type":"product","link":"https:\/\/bigbuy.tupique.com\/pt\/produto\/gaming-monitor-benq-ma320up-4k-ultra-hd-315\/","title":{"rendered":"Monitor Gaming BenQ MA320UP 4K Ultra HD 31,5&#8243;"},"content":{"rendered":"<p>Si vous \u00eates \u00e0 la recherche de nouvelles tendances sur le march\u00e9, nous vous pr\u00e9sentons <b>Monitor Gaming BenQ MA320UP 4K Ultra HD 31,5&#8243;<\/b> !<\/p>\n<ul>\n<li>Ecran:\n<ul>\n<li>32&#8243;<\/li>\n<li>31,5&#8243;<\/li>\n<\/ul>\n<\/li>\n<li>Diagonale de l&#8217;\u00e9cran (cm):\n<ul>\n<li>81,3 cm<\/li>\n<li>80 cm<\/li>\n<\/ul>\n<\/li>\n<li>R\u00e9solution (px): 3840 x 2160 px<\/li>\n<li>Ecran tactile: Non<\/li>\n<li>Connexions:\n<ul>\n<li>HDMI x 2<\/li>\n<li>HDMI<\/li>\n<li>USB x 3<\/li>\n<\/ul>\n<\/li>\n<li>Tension d&#8217;entr\u00e9e AC: 100-240 V<\/li>\n<li>Technologie: IPS<\/li>\n<li>Fr\u00e9quence: 60 Hz<\/li>\n<li>Caract\u00e9ristiques: Plaque Tournante<\/li>\n<li>Classification \u00e9nerg\u00e9tique: G<\/li>\n<li>Couleur: Blanc<\/li>\n<li>Rapport d&#8217;aspect: 16:9<\/li>\n<li>R\u00e9solution: 4K Ultra HD<\/li>\n<li>Temps de r\u00e9ponse: 5 ms<\/li>\n<\/ul>","protected":false},"excerpt":{"rendered":"<p>Si vous \u00eates \u00e0 la recherche de nouvelles tendances sur le march\u00e9, nous vous pr\u00e9sentons Monitor Gaming BenQ MA320UP 4K Ultra HD 31,5&#8243; ! Ecran: 32&#8243; 31,5&#8243; Diagonale de l&#8217;\u00e9cran (cm): 81,3 cm 80 cm R\u00e9solution (px): 3840 x 2160 px Ecran tactile: Non Connexions: HDMI x 2 HDMI USB x 3 Tension d&#8217;entr\u00e9e AC: [&hellip;]<\/p>\n","protected":false},"featured_media":48724,"comment_status":"open","ping_status":"closed","template":"","meta":[],"product_brand":[664],"product_cat":[65,581,616],"product_tag":[213,106],"class_list":{"0":"post-48733","1":"product","2":"type-product","3":"status-publish","4":"has-post-thumbnail","6":"product_brand-brandp_537","7":"product_cat-informatique-electronique","8":"product_cat-informatique-peripheriques-et-consommables","9":"product_cat-moniteurs","10":"product_tag-tag_933","11":"product_tag-tag_1295","13":"first","14":"instock","15":"taxable","16":"shipping-taxable","17":"purchasable","18":"product-type-simple"},"_links":{"self":[{"href":"https:\/\/bigbuy.tupique.com\/pt\/wp-json\/wp\/v2\/product\/48733","targetHints":{"allow":["GET"]}}],"collection":[{"href":"https:\/\/bigbuy.tupique.com\/pt\/wp-json\/wp\/v2\/product"}],"about":[{"href":"https:\/\/bigbuy.tupique.com\/pt\/wp-json\/wp\/v2\/types\/product"}],"replies":[{"embeddable":true,"href":"https:\/\/bigbuy.tupique.com\/pt\/wp-json\/wp\/v2\/comments?post=48733"}],"wp:featuredmedia":[{"embeddable":true,"href":"https:\/\/bigbuy.tupique.com\/pt\/wp-json\/wp\/v2\/media\/48724"}],"wp:attachment":[{"href":"https:\/\/bigbuy.tupique.com\/pt\/wp-json\/wp\/v2\/media?parent=48733"}],"wp:term":[{"taxonomy":"product_brand","embeddable":true,"href":"https:\/\/bigbuy.tupique.com\/pt\/wp-json\/wp\/v2\/product_brand?post=48733"},{"taxonomy":"product_cat","embeddable":true,"href":"https:\/\/bigbuy.tupique.com\/pt\/wp-json\/wp\/v2\/product_cat?post=48733"},{"taxonomy":"product_tag","embeddable":true,"href":"https:\/\/bigbuy.tupique.com\/pt\/wp-json\/wp\/v2\/product_tag?post=48733"}],"curies":[{"name":"wp","href":"https:\/\/api.w.org\/{rel}","templated":true}]}}