{"id":48682,"date":"2026-03-30T23:20:03","date_gmt":"2026-03-30T22:20:03","guid":{"rendered":"https:\/\/bigbuy.tupique.com\/produto\/eyeglass-frame-sunglasses-david-beckham-db-1210_c\/"},"modified":"2026-04-16T16:27:46","modified_gmt":"2026-04-16T15:27:46","slug":"eyeglass-frame-sunglasses-david-beckham-db-1210_c","status":"publish","type":"product","link":"https:\/\/bigbuy.tupique.com\/pt\/produto\/eyeglass-frame-sunglasses-david-beckham-db-1210_c\/","title":{"rendered":"Monture de Lunettes + Lunettes de Soleil David Beckham DB 1210_C"},"content":{"rendered":"<p>Si vous envisagez de renouveler votre garde-robe, achetez <b>Monture de Lunettes + Lunettes de Soleil David Beckham DB 1210_C<\/b> et d\u2019autres<b>produits David Beckham<\/b>! La meilleure qualit\u00e9 au meilleur prix est \u00e0 votre port\u00e9e!<\/p>\n<ul>\n<li>Genre: Homme<\/li>\n<li>Type: Monture de Lunettes + Lunettes de Soleil<\/li>\n<li>Mati\u00e8re: Ac\u00e9tate<\/li>\n<\/ul>","protected":false},"excerpt":{"rendered":"<p>Si vous envisagez de renouveler votre garde-robe, achetez Monture de Lunettes + Lunettes de Soleil David Beckham DB 1210_C et d\u2019autresproduits David Beckham! La meilleure qualit\u00e9 au meilleur prix est \u00e0 votre port\u00e9e! Genre: Homme Type: Monture de Lunettes + Lunettes de Soleil Mati\u00e8re: Ac\u00e9tate<\/p>","protected":false},"featured_media":48681,"comment_status":"open","ping_status":"closed","template":"","meta":[],"product_brand":[847],"product_cat":[776,777,752],"product_tag":[103,723,721,543],"class_list":{"0":"post-48682","1":"product","2":"type-product","3":"status-publish","4":"has-post-thumbnail","6":"product_brand-brandp_7364","7":"product_cat-detente-et-bien-etre","8":"product_cat-lunettes-de-lecture-et-lunettes-loupes","9":"product_cat-sante-beaute","10":"product_tag-tag_1261","11":"product_tag-tag_1273","12":"product_tag-tag_124","13":"product_tag-tag_61","15":"first","16":"instock","17":"taxable","18":"shipping-taxable","19":"purchasable","20":"product-type-simple"},"_links":{"self":[{"href":"https:\/\/bigbuy.tupique.com\/pt\/wp-json\/wp\/v2\/product\/48682","targetHints":{"allow":["GET"]}}],"collection":[{"href":"https:\/\/bigbuy.tupique.com\/pt\/wp-json\/wp\/v2\/product"}],"about":[{"href":"https:\/\/bigbuy.tupique.com\/pt\/wp-json\/wp\/v2\/types\/product"}],"replies":[{"embeddable":true,"href":"https:\/\/bigbuy.tupique.com\/pt\/wp-json\/wp\/v2\/comments?post=48682"}],"wp:featuredmedia":[{"embeddable":true,"href":"https:\/\/bigbuy.tupique.com\/pt\/wp-json\/wp\/v2\/media\/48681"}],"wp:attachment":[{"href":"https:\/\/bigbuy.tupique.com\/pt\/wp-json\/wp\/v2\/media?parent=48682"}],"wp:term":[{"taxonomy":"product_brand","embeddable":true,"href":"https:\/\/bigbuy.tupique.com\/pt\/wp-json\/wp\/v2\/product_brand?post=48682"},{"taxonomy":"product_cat","embeddable":true,"href":"https:\/\/bigbuy.tupique.com\/pt\/wp-json\/wp\/v2\/product_cat?post=48682"},{"taxonomy":"product_tag","embeddable":true,"href":"https:\/\/bigbuy.tupique.com\/pt\/wp-json\/wp\/v2\/product_tag?post=48682"}],"curies":[{"name":"wp","href":"https:\/\/api.w.org\/{rel}","templated":true}]}}