{"id":48653,"date":"2026-03-30T23:18:58","date_gmt":"2026-03-30T22:18:58","guid":{"rendered":"https:\/\/bigbuy.tupique.com\/produto\/ladies-sunglasses-etro-etro-0071_f_s\/"},"modified":"2026-04-15T07:38:14","modified_gmt":"2026-04-15T06:38:14","slug":"ladies-sunglasses-etro-etro-0071_f_s","status":"publish","type":"product","link":"https:\/\/bigbuy.tupique.com\/pt\/produto\/ladies-sunglasses-etro-etro-0071_f_s\/","title":{"rendered":"Lunettes de soleil Femme Etro ETRO 0071_F_S"},"content":{"rendered":"<p>Si vous \u00eates \u00e0 la recherche de nouvelles tendances sur le march\u00e9, nous vous pr\u00e9sentons <b>Lunettes de soleil Femme Etro ETRO 0071_F_S<\/b> !<\/p>\n<ul>\n<li>Type: Lunettes de soleil Femme<\/li>\n<li>Protection: Prot\u00e8gent contre 100 % des rayons UV (UV400)<\/li>\n<li>Mati\u00e8re: M\u00e9tal<\/li>\n<li>Genre: Femme<\/li>\n<\/ul>","protected":false},"excerpt":{"rendered":"<p>Si vous \u00eates \u00e0 la recherche de nouvelles tendances sur le march\u00e9, nous vous pr\u00e9sentons Lunettes de soleil Femme Etro ETRO 0071_F_S ! Type: Lunettes de soleil Femme Protection: Prot\u00e8gent contre 100 % des rayons UV (UV400) Mati\u00e8re: M\u00e9tal Genre: Femme<\/p>","protected":false},"featured_media":48651,"comment_status":"open","ping_status":"closed","template":"","meta":[],"product_brand":[1090],"product_cat":[773,774,544],"product_tag":[103,542,721,543],"class_list":{"0":"post-48653","1":"product","2":"type-product","3":"status-publish","4":"has-post-thumbnail","6":"product_brand-brandp_3168","7":"product_cat-lunettes-de-soleil","8":"product_cat-lunettes-de-soleil-femme","9":"product_cat-mode-accessoires","10":"product_tag-tag_1261","11":"product_tag-tag_1274","12":"product_tag-tag_124","13":"product_tag-tag_61","15":"first","16":"instock","17":"taxable","18":"shipping-taxable","19":"purchasable","20":"product-type-simple"},"_links":{"self":[{"href":"https:\/\/bigbuy.tupique.com\/pt\/wp-json\/wp\/v2\/product\/48653","targetHints":{"allow":["GET"]}}],"collection":[{"href":"https:\/\/bigbuy.tupique.com\/pt\/wp-json\/wp\/v2\/product"}],"about":[{"href":"https:\/\/bigbuy.tupique.com\/pt\/wp-json\/wp\/v2\/types\/product"}],"replies":[{"embeddable":true,"href":"https:\/\/bigbuy.tupique.com\/pt\/wp-json\/wp\/v2\/comments?post=48653"}],"wp:featuredmedia":[{"embeddable":true,"href":"https:\/\/bigbuy.tupique.com\/pt\/wp-json\/wp\/v2\/media\/48651"}],"wp:attachment":[{"href":"https:\/\/bigbuy.tupique.com\/pt\/wp-json\/wp\/v2\/media?parent=48653"}],"wp:term":[{"taxonomy":"product_brand","embeddable":true,"href":"https:\/\/bigbuy.tupique.com\/pt\/wp-json\/wp\/v2\/product_brand?post=48653"},{"taxonomy":"product_cat","embeddable":true,"href":"https:\/\/bigbuy.tupique.com\/pt\/wp-json\/wp\/v2\/product_cat?post=48653"},{"taxonomy":"product_tag","embeddable":true,"href":"https:\/\/bigbuy.tupique.com\/pt\/wp-json\/wp\/v2\/product_tag?post=48653"}],"curies":[{"name":"wp","href":"https:\/\/api.w.org\/{rel}","templated":true}]}}