{"id":48648,"date":"2026-03-30T23:18:49","date_gmt":"2026-03-30T22:18:49","guid":{"rendered":"https:\/\/bigbuy.tupique.com\/produto\/management-software-microsoft-ep2-06686\/"},"modified":"2026-04-15T07:38:13","modified_gmt":"2026-04-15T06:38:13","slug":"management-software-microsoft-ep2-06686","status":"publish","type":"product","link":"https:\/\/bigbuy.tupique.com\/pt\/produto\/management-software-microsoft-ep2-06686\/","title":{"rendered":"Logiciel de Gestion Microsoft EP2-06686"},"content":{"rendered":"<p>Si vous \u00eates passionn\u00e9 d&#8217;<b>informatique et d&#8217;\u00e9lectronique<\/b>, si vous \u00eates \u00e0 la pointe de la technologie et qu&#8217;aucun d\u00e9tail ne vous \u00e9chappe, achetez <b>Logiciel de Gestion Microsoft EP2-06686<\/b> au meilleur prix.<\/p>\n<p>Le <b>Microsoft Office Famille et Entreprise 2024<\/b> est un <b>logiciel de gestion<\/b> complet con\u00e7u pour faciliter les t\u00e2ches productives tant \u00e0 domicile que dans les petites et moyennes entreprises, compatible avec les syst\u00e8mes d\u2019exploitation <b>Windows 10, Windows 11 et macOS<\/b>. Cette version classique pour bureau int\u00e8gre les applications reconnues <b>Word, Excel, PowerPoint, Outlook et OneNote<\/b>, offrant des outils essentiels pour la cr\u00e9ation de documents, feuilles de calcul, pr\u00e9sentations et gestion des e-mails, adapt\u00e9s \u00e0 un usage professionnel et familial. Le pack requiert un processeur double c\u0153ur \u00e0 1,6 GHz, au moins 4 Go de RAM pour les syst\u00e8mes 64 bits et un espace libre disque de 4 Go sur PC ou 10 Go sur Mac, garantissant des performances stables et efficaces. Il inclut \u00e9galement le support de <b>Microsoft Teams<\/b> pour faciliter la communication et la collaboration, ainsi qu\u2019un acc\u00e8s \u00e0 des ressources techniques assurant une assistance pendant l\u2019utilisation. La r\u00e9solution minimale recommand\u00e9e est de 1024 x 768 pixels sous Windows et 1280 x 800 sur Mac, compl\u00e9t\u00e9e par une carte graphique DirectX 10 pour l\u2019acc\u00e9l\u00e9ration graphique sur PC Windows. L\u2019installation et l\u2019activation n\u00e9cessitent une connexion Internet et un compte Microsoft ; la licence incluse permet l\u2019usage sur un seul appareil, PC ou Mac, via une cl\u00e9 produit accompagn\u00e9e d\u2019un code PIN alphanum\u00e9rique pour le t\u00e9l\u00e9chargement. Ce produit constitue une solution polyvalente et robuste, id\u00e9ale pour ceux qui recherchent la fiabilit\u00e9 et les fonctionnalit\u00e9s reconnues de Microsoft Office dans la gestion quotidienne de projets et t\u00e2ches professionnelles ou personnelles.<\/p>\n<ul>\n<li>Plate-forme: Windows<\/li>\n<li>Langue: Espagnol<\/li>\n<li>Facteur de forme: Caisse<\/li>\n<li>Syst\u00e8me d&#8217;exploitation:\n<ul>\n<li>Windows<\/li>\n<li>macOS<\/li>\n<\/ul>\n<\/li>\n<li>Compatible: Mac OS<\/li>\n<li>Processeur: 64 bits<\/li>\n<li>R\u00e9solution (px): 1280 x 768<\/li>\n<\/ul>","protected":false},"excerpt":{"rendered":"<p>Si vous \u00eates passionn\u00e9 d&#8217;informatique et d&#8217;\u00e9lectronique, si vous \u00eates \u00e0 la pointe de la technologie et qu&#8217;aucun d\u00e9tail ne vous \u00e9chappe, achetez Logiciel de Gestion Microsoft EP2-06686 au meilleur prix. Le Microsoft Office Famille et Entreprise 2024 est un logiciel de gestion complet con\u00e7u pour faciliter les t\u00e2ches productives tant \u00e0 domicile que dans [&hellip;]<\/p>\n","protected":false},"featured_media":48640,"comment_status":"open","ping_status":"closed","template":"","meta":[],"product_brand":[852],"product_cat":[783,65,581],"product_tag":[106],"class_list":{"0":"post-48648","1":"product","2":"type-product","3":"status-publish","4":"has-post-thumbnail","6":"product_brand-brandp_564","7":"product_cat-accessoires-d-informatique","8":"product_cat-informatique-electronique","9":"product_cat-informatique-peripheriques-et-consommables","10":"product_tag-tag_1295","12":"first","13":"instock","14":"taxable","15":"shipping-taxable","16":"purchasable","17":"product-type-simple"},"_links":{"self":[{"href":"https:\/\/bigbuy.tupique.com\/pt\/wp-json\/wp\/v2\/product\/48648","targetHints":{"allow":["GET"]}}],"collection":[{"href":"https:\/\/bigbuy.tupique.com\/pt\/wp-json\/wp\/v2\/product"}],"about":[{"href":"https:\/\/bigbuy.tupique.com\/pt\/wp-json\/wp\/v2\/types\/product"}],"replies":[{"embeddable":true,"href":"https:\/\/bigbuy.tupique.com\/pt\/wp-json\/wp\/v2\/comments?post=48648"}],"wp:featuredmedia":[{"embeddable":true,"href":"https:\/\/bigbuy.tupique.com\/pt\/wp-json\/wp\/v2\/media\/48640"}],"wp:attachment":[{"href":"https:\/\/bigbuy.tupique.com\/pt\/wp-json\/wp\/v2\/media?parent=48648"}],"wp:term":[{"taxonomy":"product_brand","embeddable":true,"href":"https:\/\/bigbuy.tupique.com\/pt\/wp-json\/wp\/v2\/product_brand?post=48648"},{"taxonomy":"product_cat","embeddable":true,"href":"https:\/\/bigbuy.tupique.com\/pt\/wp-json\/wp\/v2\/product_cat?post=48648"},{"taxonomy":"product_tag","embeddable":true,"href":"https:\/\/bigbuy.tupique.com\/pt\/wp-json\/wp\/v2\/product_tag?post=48648"}],"curies":[{"name":"wp","href":"https:\/\/api.w.org\/{rel}","templated":true}]}}