{"id":48618,"date":"2026-03-30T23:09:43","date_gmt":"2026-03-30T22:09:43","guid":{"rendered":"https:\/\/bigbuy.tupique.com\/produto\/smartphone-motorola-edge-60-neo-636-octa-core-8-gb-ram-256-gb-red\/"},"modified":"2026-04-17T00:29:29","modified_gmt":"2026-04-16T23:29:29","slug":"smartphone-motorola-edge-60-neo-636-octa-core-8-gb-ram-256-gb-red","status":"publish","type":"product","link":"https:\/\/bigbuy.tupique.com\/pt\/produto\/smartphone-motorola-edge-60-neo-636-octa-core-8-gb-ram-256-gb-red\/","title":{"rendered":"Smartphone Motorola Edge 60 Neo 6,36&#8243; Octa Core 8 GB RAM 256 GB Rouge"},"content":{"rendered":"<p>Si vous \u00eates passionn\u00e9 d&#8217;<b>informatique et d&#8217;\u00e9lectronique<\/b>, si vous \u00eates \u00e0 la pointe de la technologie et qu&#8217;aucun d\u00e9tail ne vous \u00e9chappe, achetez <b>Smartphone Motorola Edge 60 Neo 6,36&#8243; Octa Core 8 GB RAM 256 GB Rouge<\/b> au meilleur prix.<\/p>\n<ul>\n<li>Diagonale de l&#8217;\u00e9cran (cm): 16,2 cm<\/li>\n<li>Type: Smartphone<\/li>\n<li>Produit \u00e0 brancher: Oui<\/li>\n<li>Type de prise: Prise EU<\/li>\n<li>Bloc d\u2019Alimentation: r\u00e9seau \u00e9lectrique<\/li>\n<li>Capacit\u00e9 de la batterie: 5200 mAh<\/li>\n<li>Ecran: 6,36&#8243;<\/li>\n<li>Syst\u00e8me d&#8217;exploitation: Android<\/li>\n<li>Connectivit\u00e9:\n<ul>\n<li>NFC<\/li>\n<li>Bluetooth<\/li>\n<\/ul>\n<\/li>\n<li>Cam\u00e9ra\/Appareil Photo: 50 Mp<\/li>\n<li>Connexions: USB-C<\/li>\n<li>Processeur: Octa Core<\/li>\n<li>M\u00e9moire RAM: 8 GB RAM<\/li>\n<li>M\u00e9moire interne: 256 GB<\/li>\n<li>Couleur: Rouge<\/li>\n<li>Caract\u00e9ristiques:\n<ul>\n<li>Cam\u00e9ra frontale<\/li>\n<li>Enregistrement vid\u00e9o<\/li>\n<li>Cam\u00e9ra\/Appareil Photo<\/li>\n<li>\u00c9cran HDR<\/li>\n<li>NFC<\/li>\n<li>Dual SIM<\/li>\n<li>Wi-Fi<\/li>\n<li>HD<\/li>\n<li>HDR<\/li>\n<li>Batterie<\/li>\n<li>Ecran<\/li>\n<li>R\u00e9sistance aux chocs<\/li>\n<li>\u00c9cran HD<\/li>\n<li>Haut-parleurs<\/li>\n<li>Full HD<\/li>\n<li>Android<\/li>\n<li>HDR10+<\/li>\n<li>M\u00e9moire<\/li>\n<li>Cam\u00e9ra arri\u00e8re<\/li>\n<li>Gorilla Glass<\/li>\n<\/ul>\n<\/li>\n<li>Technologie:\n<ul>\n<li>HDR10+<\/li>\n<li>Corning Gorilla Glass<\/li>\n<li>LTE 5G<\/li>\n<li>P-OLED<\/li>\n<\/ul>\n<\/li>\n<li>SIM: Dual SIM<\/li>\n<li>R\u00e9solution (px): 2400 X 1080 PX<\/li>\n<\/ul>","protected":false},"excerpt":{"rendered":"<p>Si vous \u00eates passionn\u00e9 d&#8217;informatique et d&#8217;\u00e9lectronique, si vous \u00eates \u00e0 la pointe de la technologie et qu&#8217;aucun d\u00e9tail ne vous \u00e9chappe, achetez Smartphone Motorola Edge 60 Neo 6,36&#8243; Octa Core 8 GB RAM 256 GB Rouge au meilleur prix. Diagonale de l&#8217;\u00e9cran (cm): 16,2 cm Type: Smartphone Produit \u00e0 brancher: Oui Type de prise: [&hellip;]<\/p>\n","protected":false},"featured_media":48613,"comment_status":"open","ping_status":"closed","template":"","meta":[],"product_brand":[1151],"product_cat":[575,65,960],"product_tag":[213,566,106],"class_list":{"0":"post-48618","1":"product","2":"type-product","3":"status-publish","4":"has-post-thumbnail","6":"product_brand-brandp_983","7":"product_cat-electronique-telephonie-et-tablettes","8":"product_cat-informatique-electronique","9":"product_cat-telephones-portables","10":"product_tag-tag_933","11":"product_tag-tag_547","12":"product_tag-tag_1295","14":"first","15":"instock","16":"taxable","17":"shipping-taxable","18":"purchasable","19":"product-type-simple"},"_links":{"self":[{"href":"https:\/\/bigbuy.tupique.com\/pt\/wp-json\/wp\/v2\/product\/48618","targetHints":{"allow":["GET"]}}],"collection":[{"href":"https:\/\/bigbuy.tupique.com\/pt\/wp-json\/wp\/v2\/product"}],"about":[{"href":"https:\/\/bigbuy.tupique.com\/pt\/wp-json\/wp\/v2\/types\/product"}],"replies":[{"embeddable":true,"href":"https:\/\/bigbuy.tupique.com\/pt\/wp-json\/wp\/v2\/comments?post=48618"}],"wp:featuredmedia":[{"embeddable":true,"href":"https:\/\/bigbuy.tupique.com\/pt\/wp-json\/wp\/v2\/media\/48613"}],"wp:attachment":[{"href":"https:\/\/bigbuy.tupique.com\/pt\/wp-json\/wp\/v2\/media?parent=48618"}],"wp:term":[{"taxonomy":"product_brand","embeddable":true,"href":"https:\/\/bigbuy.tupique.com\/pt\/wp-json\/wp\/v2\/product_brand?post=48618"},{"taxonomy":"product_cat","embeddable":true,"href":"https:\/\/bigbuy.tupique.com\/pt\/wp-json\/wp\/v2\/product_cat?post=48618"},{"taxonomy":"product_tag","embeddable":true,"href":"https:\/\/bigbuy.tupique.com\/pt\/wp-json\/wp\/v2\/product_tag?post=48618"}],"curies":[{"name":"wp","href":"https:\/\/api.w.org\/{rel}","templated":true}]}}