{"id":48591,"date":"2026-03-30T23:08:38","date_gmt":"2026-03-30T22:08:38","guid":{"rendered":"https:\/\/bigbuy.tupique.com\/produto\/mens-watch-philip-watch-r8273607005\/"},"modified":"2026-04-15T07:38:11","modified_gmt":"2026-04-15T06:38:11","slug":"mens-watch-philip-watch-r8273607005","status":"publish","type":"product","link":"https:\/\/bigbuy.tupique.com\/pt\/produto\/mens-watch-philip-watch-r8273607005\/","title":{"rendered":"Montre Homme Philip Watch R8273607005"},"content":{"rendered":"<p>Si vous \u00eates \u00e0 la recherche de nouvelles tendances sur le march\u00e9, nous vous pr\u00e9sentons <b>Montre Homme Philip Watch R8273607005<\/b> !<\/p>\n<ul>\n<li>Liens suppl\u00e9mentaires: Non<\/li>\n<li>Type de montre: Montre-bracelet<\/li>\n<li>Mati\u00e8re: Argent<\/li>\n<li>Fonctions: Chronographe<\/li>\n<li>Genre: Homme<\/li>\n<li>Verre: Saphir<\/li>\n<\/ul>","protected":false},"excerpt":{"rendered":"<p>Si vous \u00eates \u00e0 la recherche de nouvelles tendances sur le march\u00e9, nous vous pr\u00e9sentons Montre Homme Philip Watch R8273607005 ! Liens suppl\u00e9mentaires: Non Type de montre: Montre-bracelet Mati\u00e8re: Argent Fonctions: Chronographe Genre: Homme Verre: Saphir<\/p>","protected":false},"featured_media":48589,"comment_status":"open","ping_status":"closed","template":"","meta":[],"product_brand":[872],"product_cat":[544,574,545],"product_tag":[103,543],"class_list":{"0":"post-48591","1":"product","2":"type-product","3":"status-publish","4":"has-post-thumbnail","6":"product_brand-brandp_6832","7":"product_cat-mode-accessoires","8":"product_cat-montres-homme","9":"product_cat-montres-bracelets","10":"product_tag-tag_1261","11":"product_tag-tag_61","13":"first","14":"instock","15":"taxable","16":"shipping-taxable","17":"purchasable","18":"product-type-simple"},"_links":{"self":[{"href":"https:\/\/bigbuy.tupique.com\/pt\/wp-json\/wp\/v2\/product\/48591","targetHints":{"allow":["GET"]}}],"collection":[{"href":"https:\/\/bigbuy.tupique.com\/pt\/wp-json\/wp\/v2\/product"}],"about":[{"href":"https:\/\/bigbuy.tupique.com\/pt\/wp-json\/wp\/v2\/types\/product"}],"replies":[{"embeddable":true,"href":"https:\/\/bigbuy.tupique.com\/pt\/wp-json\/wp\/v2\/comments?post=48591"}],"wp:featuredmedia":[{"embeddable":true,"href":"https:\/\/bigbuy.tupique.com\/pt\/wp-json\/wp\/v2\/media\/48589"}],"wp:attachment":[{"href":"https:\/\/bigbuy.tupique.com\/pt\/wp-json\/wp\/v2\/media?parent=48591"}],"wp:term":[{"taxonomy":"product_brand","embeddable":true,"href":"https:\/\/bigbuy.tupique.com\/pt\/wp-json\/wp\/v2\/product_brand?post=48591"},{"taxonomy":"product_cat","embeddable":true,"href":"https:\/\/bigbuy.tupique.com\/pt\/wp-json\/wp\/v2\/product_cat?post=48591"},{"taxonomy":"product_tag","embeddable":true,"href":"https:\/\/bigbuy.tupique.com\/pt\/wp-json\/wp\/v2\/product_tag?post=48591"}],"curies":[{"name":"wp","href":"https:\/\/api.w.org\/{rel}","templated":true}]}}